{"id":116237,"date":"2024-03-29T00:00:00","date_gmt":"2024-03-28T23:00:00","guid":{"rendered":"http:\/\/gpl-love.com\/fr\/produit\/gravity-forms-postmark-addon\/"},"modified":"2026-03-20T23:18:06","modified_gmt":"2026-03-20T22:18:06","slug":"gravity-forms-postmark-addon","status":"publish","type":"product","link":"https:\/\/gpl-love.com\/fr\/produit\/gravity-forms-postmark-addon\/","title":{"rendered":"Gravity Forms Postmark Addon 1.4.0"},"content":{"rendered":"<h3>Gravity Forms Postmark Addon Traits<\/h3>\n<p>L&rsquo;addition de cachet de la gravit\u00e9 des formulaires est un outil exceptionnellement puissant qui rationalise le processus d&rsquo;envoi d&rsquo;e-mails \u00e0 partir de votre site WordPress. Cet addon remarquable vous permet d&rsquo;envoyer des e-mails sans effort et rapidement, sans la n\u00e9cessit\u00e9 de s&rsquo;inqui\u00e9ter de configurations alambiqu\u00e9es ou de dilemmes techniques complexes. En se connectant directement avec l&rsquo;API CMARS, cet addon garantit une livraison fiable et rapide de vos e-mails. De plus, vous avez la possibilit\u00e9 de surveiller l&rsquo;\u00e9tat de vos livraisons par e-mail et de parcourir les rapports approfondis, facilitant l&rsquo;optimisation de vos campagnes de marketing par e-mail. Id\u00e9al pour les entreprises et les personnes qui cherchent \u00e0 rationaliser leurs efforts de marketing par e-mail et \u00e0 am\u00e9liorer leurs taux de livrabilit\u00e9 par e-mail, cet addon est vraiment indispensable.<\/p>\n<ul>\n<li>Int\u00e9gration transparente avec les formes de gravit\u00e9<\/li>\n<li>Livraison avanc\u00e9e des e-mails avec API CMARS<\/li>\n<li>Fournit des mises \u00e0 jour d\u00e9taill\u00e9es d&rsquo;analyse des e-mails et de livraison<\/li>\n<li>Mod\u00e8les de messagerie personnalisables avec des espaces r\u00e9serv\u00e9s dynamiques<\/li>\n<li>Gestion automatique des e-mails rebondis et des adresses erron\u00e9es<\/li>\n<li>S\u00e9curit\u00e9 des e-mails am\u00e9lior\u00e9e avec l&rsquo;infrastructure robuste de la poste<\/li>\n<li>Configuration et configuration faciles avec des instructions \u00e9tape par \u00e9tape<\/li>\n<li>Mises \u00e0 jour r\u00e9guli\u00e8res et soutien de l&rsquo;\u00e9quipe des formulaires Gravity<\/li>\n<li>Compatible avec les versions WordPress -6 et plus<\/li>\n<li>Options de prix abordables et plans flexibles.<\/li>\n<\/ul>\n","protected":false},"excerpt":{"rendered":"<p>L&rsquo;addon de cachet de la gravit\u00e9 est un outil incroyablement puissant et efficace qui vous offre l&rsquo;int\u00e9gration transparente de vos formulaires de gravit\u00e9 avec la plate-forme de livraison de messagerie tr\u00e8s fiable connue sous le nom de CARCHE. Cette plate-forme remarquable garantit que vos messages sont livr\u00e9s directement dans les bo\u00eetes de r\u00e9ception de vos destinataires, \u00e9liminant toutes les chances qu&rsquo;ils soient perdus ou n\u00e9glig\u00e9s. En utilisant cet ing\u00e9nieux addon, vous gagnez la possibilit\u00e9 de configurer sans effort un large \u00e9ventail de notifications par e-mail, de re\u00e7us et de diverses autres formes d&rsquo;e-mails automatis\u00e9es \u00e0 envoyer \u00e0 partir de votre site WordPress, tout en b\u00e9n\u00e9ficiant de la technologie de livraison de messagerie exceptionnelle fournie par la poste. Par cons\u00e9quent, vous ressentez une augmentation significative de vos taux d&rsquo;ouverture par e-mail et du succ\u00e8s global dans le domaine de la communication par e-mail.<\/p>\n","protected":false},"featured_media":144087,"comment_status":"open","ping_status":"open","template":"","meta":[],"product_brand":[2565],"product_cat":[1189,1181,1186],"product_tag":[1275],"class_list":{"0":"post-116237","1":"product","2":"type-product","3":"status-publish","4":"has-post-thumbnail","6":"product_brand-gravityforms","7":"product_cat-personnalisation","8":"product_cat-plugins","9":"product_cat-wordpress-plugins","10":"product_tag-gravityforms","11":"member-discount","12":"discount-restricted","14":"first","15":"instock","16":"sale","17":"downloadable","18":"virtual","19":"sold-individually","20":"purchasable","21":"product-type-simple"},"_links":{"self":[{"href":"https:\/\/gpl-love.com\/fr\/wp-json\/wp\/v2\/product\/116237","targetHints":{"allow":["GET"]}}],"collection":[{"href":"https:\/\/gpl-love.com\/fr\/wp-json\/wp\/v2\/product"}],"about":[{"href":"https:\/\/gpl-love.com\/fr\/wp-json\/wp\/v2\/types\/product"}],"replies":[{"embeddable":true,"href":"https:\/\/gpl-love.com\/fr\/wp-json\/wp\/v2\/comments?post=116237"}],"wp:featuredmedia":[{"embeddable":true,"href":"https:\/\/gpl-love.com\/fr\/wp-json\/wp\/v2\/media\/144087"}],"wp:attachment":[{"href":"https:\/\/gpl-love.com\/fr\/wp-json\/wp\/v2\/media?parent=116237"}],"wp:term":[{"taxonomy":"product_brand","embeddable":true,"href":"https:\/\/gpl-love.com\/fr\/wp-json\/wp\/v2\/product_brand?post=116237"},{"taxonomy":"product_cat","embeddable":true,"href":"https:\/\/gpl-love.com\/fr\/wp-json\/wp\/v2\/product_cat?post=116237"},{"taxonomy":"product_tag","embeddable":true,"href":"https:\/\/gpl-love.com\/fr\/wp-json\/wp\/v2\/product_tag?post=116237"}],"curies":[{"name":"wp","href":"https:\/\/api.w.org\/{rel}","templated":true}]}}