{"id":116235,"date":"2021-07-04T00:00:00","date_gmt":"2021-07-03T22:00:00","guid":{"rendered":"http:\/\/gpl-love.com\/fr\/produit\/gravity-forms-paypal-payments-standard-addon\/"},"modified":"2026-03-20T23:18:03","modified_gmt":"2026-03-20T22:18:03","slug":"gravity-forms-paypal-payments-standard-addon","status":"publish","type":"product","link":"https:\/\/gpl-love.com\/fr\/produit\/gravity-forms-paypal-payments-standard-addon\/","title":{"rendered":"Gravity Forms Paypal Payments Standard Addon 3.3"},"content":{"rendered":"<h3>Gravity Forms Paypal Payments Standard Addon Traits<\/h3>\n<p>La gravit\u00e9 forme PayPal Payments Standard Addon, rempli de ses capacit\u00e9s \u00e9tendues, permet aux utilisateurs de leur permettre d&rsquo;accepter sans effort les paiements via leurs comptes PayPal. Cet addon remarquable facilite la cr\u00e9ation de formulaires en ligne qui s&rsquo;int\u00e8grent de mani\u00e8re transparente \u00e0 la passerelle de paiement estim\u00e9e de PayPal, fournissant ainsi aux clients un support s\u00e9curis\u00e9 \u00e0 travers lequel ils peuvent soumettre consciencieusement les paiements pour les produits ou les services qu&rsquo;ils souhaitent. L&rsquo;interface utilisateur de cet addon est non seulement simple, mais \u00e9galement conviviale, garantissant que les utilisateurs peuvent \u00e9tablir sans effort des options de paiement, les champs de paiement adapt\u00e9s \u00e0 leurs besoins sp\u00e9cifiques et g\u00e9rer de mani\u00e8re experte le r\u00e9seau complexe de transactions de paiement. De plus, il poss\u00e8de une pl\u00e9thore de fonctionnalit\u00e9s avanc\u00e9es, y compris la logique conditionnelle, des options de style personnalis\u00e9es et la possibilit\u00e9 de construire des formes de plusieurs pages, ce qui le rend une solution vraiment adaptable et flexible adapt\u00e9e aux entreprises couvrant l&rsquo;ensemble du spectre de taille et d&rsquo;\u00e9chelle. En substance, la gravit\u00e9 forme les paiements PayPal, l&rsquo;addon standard personnifie la fuite et l&rsquo;efficacit\u00e9, servant un actif inestimable pour les entreprises cherchant \u00e0 optimiser leurs processus de paiement, \u00e0 maximiser les revenus et \u00e0 am\u00e9liorer la satisfaction de leur client\u00e8le estim\u00e9e.<\/p>\n<ul>\n<li>Acceptez les paiements directement via votre site Web aliment\u00e9 par les formulaires Gravity<\/li>\n<li>Traiter en toute s\u00e9curit\u00e9 les transactions avec la norme de paiement PayPal<\/li>\n<li>Offrez aux clients la commodit\u00e9 de payer via une carte de cr\u00e9dit ou un compte PayPal<\/li>\n<li>Int\u00e9grez de mani\u00e8re transparente \u00e0 votre configuration de formulaires de gravit\u00e9 existante<\/li>\n<li>Envoyer automatiquement les e-mails de confirmation de paiement aux clients<\/li>\n<li>Configurer des options de produit ou de service avec diff\u00e9rents niveaux de tarification<\/li>\n<li>Suivre et g\u00e9rer facilement les paiements dans votre tableau de bord WordPress<\/li>\n<li>Compatible avec plusieurs devises pour les transactions mondiales<\/li>\n<li>Personnaliser les param\u00e8tres d&rsquo;affichage pour correspondre \u00e0 la marque de votre site Web<\/li>\n<li>Processus de configuration rapide et facile avec des instructions \u00e9tape par \u00e9tape<\/li>\n<\/ul>\n","protected":false},"excerpt":{"rendered":"<p>Les formulaires de gravit\u00e9 PayPal Payments Standard Addon est un outil incroyablement robuste et efficace qui offre aux individus la capacit\u00e9 transparente d&rsquo;incorporer sans effort les paiements PayPal dans leurs formes respectives. En raison de son interface hautement intuitive et de ses fonctionnalit\u00e9s avanc\u00e9es, les utilisateurs peuvent \u00e9tablir rapidement et efficacement des formulaires de paiement pour leurs sites Web personnels ou leurs magasins virtuels sans n\u00e9cessiter aucune expertise de codage pr\u00e9alable. De plus, cet addon inestimable fournit \u00e9galement un \u00e9ventail d&rsquo;options diverses pour personnaliser les configurations de paiement, y compris la capacit\u00e9 de configurer des paiements \u00e0 instance unique ou r\u00e9currents, ainsi que la possibilit\u00e9 d&rsquo;adapter les re\u00e7us de paiement et les fonctions suppl\u00e9mentaires diverses. Passe pas de temps et acqu\u00e9rir les formulaires de gravit\u00e9 Paypal Payments Standard Addon sans d\u00e9lai pour acc\u00e9l\u00e9rer et rationaliser instantan\u00e9ment votre processus de paiement!<\/p>\n","protected":false},"featured_media":144084,"comment_status":"open","ping_status":"open","template":"","meta":[],"product_brand":[2565],"product_cat":[1253,1181,1186],"product_tag":[1275],"class_list":{"0":"post-116235","1":"product","2":"type-product","3":"status-publish","4":"has-post-thumbnail","6":"product_brand-gravityforms","7":"product_cat-paiement","8":"product_cat-plugins","9":"product_cat-wordpress-plugins","10":"product_tag-gravityforms","11":"member-discount","12":"discount-restricted","14":"first","15":"instock","16":"sale","17":"downloadable","18":"virtual","19":"sold-individually","20":"purchasable","21":"product-type-simple"},"_links":{"self":[{"href":"https:\/\/gpl-love.com\/fr\/wp-json\/wp\/v2\/product\/116235","targetHints":{"allow":["GET"]}}],"collection":[{"href":"https:\/\/gpl-love.com\/fr\/wp-json\/wp\/v2\/product"}],"about":[{"href":"https:\/\/gpl-love.com\/fr\/wp-json\/wp\/v2\/types\/product"}],"replies":[{"embeddable":true,"href":"https:\/\/gpl-love.com\/fr\/wp-json\/wp\/v2\/comments?post=116235"}],"wp:featuredmedia":[{"embeddable":true,"href":"https:\/\/gpl-love.com\/fr\/wp-json\/wp\/v2\/media\/144084"}],"wp:attachment":[{"href":"https:\/\/gpl-love.com\/fr\/wp-json\/wp\/v2\/media?parent=116235"}],"wp:term":[{"taxonomy":"product_brand","embeddable":true,"href":"https:\/\/gpl-love.com\/fr\/wp-json\/wp\/v2\/product_brand?post=116235"},{"taxonomy":"product_cat","embeddable":true,"href":"https:\/\/gpl-love.com\/fr\/wp-json\/wp\/v2\/product_cat?post=116235"},{"taxonomy":"product_tag","embeddable":true,"href":"https:\/\/gpl-love.com\/fr\/wp-json\/wp\/v2\/product_tag?post=116235"}],"curies":[{"name":"wp","href":"https:\/\/api.w.org\/{rel}","templated":true}]}}