{"id":116233,"date":"2025-10-30T00:00:00","date_gmt":"2025-10-29T23:00:00","guid":{"rendered":"http:\/\/gpl-love.com\/fr\/produit\/gravity-forms-partial-entries-addon\/"},"modified":"2026-03-20T23:17:59","modified_gmt":"2026-03-20T22:17:59","slug":"gravity-forms-partial-entries-addon","status":"publish","type":"product","link":"https:\/\/gpl-love.com\/fr\/produit\/gravity-forms-partial-entries-addon\/","title":{"rendered":"Gravity Forms Partial Entries Addon 1.8.1"},"content":{"rendered":"<h3>Gravity Forms Partial Entries Addon Traits<\/h3>\n<p>La gravit\u00e9 forme des entr\u00e9es partielles, un outil tr\u00e8s influent, a \u00e9t\u00e9 m\u00e9ticuleusement con\u00e7u pour rationaliser votre flux de travail gr\u00e2ce \u00e0 sa capacit\u00e9 \u00e0 capturer des soumissions de forme partielle. Avec l&rsquo;inclusion de cet addon, vous \u00eates autoris\u00e9 \u00e0 conserver et \u00e0 stocker des soumissions incompl\u00e8tes pour toute forme, vous offrant ainsi la flexibilit\u00e9 de les revoir et de les finaliser \u00e0 un moment futur. Cette fonctionnalit\u00e9 est particuli\u00e8rement avantageuse pour les formes complexes et \u00e9tendues, car elle att\u00e9nue efficacement le risque potentiel de perte irr\u00e9m\u00e9diable en mati\u00e8re de donn\u00e9es pr\u00e9cieuses. De plus, l&rsquo;addon poss\u00e8de une vaste gamme de fonctionnalit\u00e9s de personnalisation, vous permettant d&rsquo;adapter l&rsquo;exp\u00e9rience d&rsquo;entr\u00e9e partielle en fonction de vos exigences uniques et individuelles. Que vous pr\u00e9siiez une entreprise modeste ou une soci\u00e9t\u00e9 tentaculaire, la gravit\u00e9 forme des entr\u00e9es partielles addon est un atout indispensable pour toutes les personnes cherchant \u00e0 optimiser et \u00e0 affiner leur proc\u00e9dure de soumissions de formulaire.<\/p>\n<ul>\n<li>Capture sans effort les entr\u00e9es de formulaire partiellement remplies avec les formulaires de gravit\u00e9 des entr\u00e9es partielles addon<\/li>\n<li>Int\u00e9grez de mani\u00e8re transparente aux formulaires de gravit\u00e9 pour r\u00e9cup\u00e9rer les soumissions de formulaires partiellement remplis<\/li>\n<li>Am\u00e9liorez l&rsquo;exp\u00e9rience utilisateur en \u00e9conomisant les progr\u00e8s des utilisateurs lorsqu&rsquo;ils remplissent les formulaires sur votre site Web<\/li>\n<li>R\u00e9duire le risque de perdre des informations pr\u00e9cieuses en capturant des entr\u00e9es de formulaires partiellement remplies<\/li>\n<li>Simplifiez la r\u00e9cup\u00e9ration et l&rsquo;analyse des donn\u00e9es en collectant des donn\u00e9es de formulaire partiel aux c\u00f4t\u00e9s des donn\u00e9es du formulaire termin\u00e9es<\/li>\n<li>Rationalisez votre flux de travail en automatisant le processus d&rsquo;\u00e9conomie et de r\u00e9cup\u00e9ration des entr\u00e9es de formulaire partiellement remplies<\/li>\n<li>Les param\u00e8tres personnalisables vous permettent de dicter quels champs de formulaires sont enregistr\u00e9s comme des entr\u00e9es partielles<\/li>\n<li>Cr\u00e9ez une exp\u00e9rience plus personnalis\u00e9e pour les utilisateurs, leur permettant de reprendre l\u00e0 o\u00f9 ils s&rsquo;\u00e9taient arr\u00eat\u00e9s sur des formulaires compliqu\u00e9s<\/li>\n<li>G\u00e9rer et organiser efficacement vos entr\u00e9es de formulaire partielle sur votre tableau de bord WordPress<\/li>\n<li>Id\u00e9al pour des formes plus longues et plus complexes qui peuvent prendre plusieurs sessions \u00e0 compl\u00e9ter.<\/li>\n<\/ul>\n","protected":false},"excerpt":{"rendered":"<p>La gravit\u00e9 forme des entr\u00e9es partielles addon, \u00e9quip\u00e9es de ses immenses capacit\u00e9s, offre une solution remarquable pour pr\u00e9server les entr\u00e9es de formulaire dans un \u00e9tat inachev\u00e9. Cet addon inestimable vous accorde la commodit\u00e9 de capturer efficacement des donn\u00e9es cruciales, m\u00eame dans des sc\u00e9narios o\u00f9 les utilisateurs terminent par inadvertance leur session de navigation ou l&rsquo;exp\u00e9rience des arr\u00eats d&rsquo;appareil. De plus, il fournit la caract\u00e9ristique avantageuse de la facilitation des rappels automatis\u00e9s aux utilisateurs, les persuadant de finaliser leurs formulaires. En cons\u00e9quence, cet addon exceptionnel am\u00e9liore non seulement les taux de conversion, mais augmente \u00e9galement l&rsquo;exp\u00e9rience utilisateur. Par cons\u00e9quent, les individus cherchant \u00e0 optimiser leurs proc\u00e9dures de collecte de donn\u00e9es et \u00e0 am\u00e9liorer l&rsquo;efficacit\u00e9 globale de leurs formes trouveront cet addon \u00e0 la quintessence de la perfection.<\/p>\n","protected":false},"featured_media":144081,"comment_status":"open","ping_status":"open","template":"","meta":[],"product_brand":[2565],"product_cat":[1189,1181,1186],"product_tag":[1275],"class_list":{"0":"post-116233","1":"product","2":"type-product","3":"status-publish","4":"has-post-thumbnail","6":"product_brand-gravityforms","7":"product_cat-personnalisation","8":"product_cat-plugins","9":"product_cat-wordpress-plugins","10":"product_tag-gravityforms","11":"member-discount","12":"discount-restricted","14":"first","15":"instock","16":"sale","17":"downloadable","18":"virtual","19":"sold-individually","20":"purchasable","21":"product-type-simple"},"_links":{"self":[{"href":"https:\/\/gpl-love.com\/fr\/wp-json\/wp\/v2\/product\/116233","targetHints":{"allow":["GET"]}}],"collection":[{"href":"https:\/\/gpl-love.com\/fr\/wp-json\/wp\/v2\/product"}],"about":[{"href":"https:\/\/gpl-love.com\/fr\/wp-json\/wp\/v2\/types\/product"}],"replies":[{"embeddable":true,"href":"https:\/\/gpl-love.com\/fr\/wp-json\/wp\/v2\/comments?post=116233"}],"wp:featuredmedia":[{"embeddable":true,"href":"https:\/\/gpl-love.com\/fr\/wp-json\/wp\/v2\/media\/144081"}],"wp:attachment":[{"href":"https:\/\/gpl-love.com\/fr\/wp-json\/wp\/v2\/media?parent=116233"}],"wp:term":[{"taxonomy":"product_brand","embeddable":true,"href":"https:\/\/gpl-love.com\/fr\/wp-json\/wp\/v2\/product_brand?post=116233"},{"taxonomy":"product_cat","embeddable":true,"href":"https:\/\/gpl-love.com\/fr\/wp-json\/wp\/v2\/product_cat?post=116233"},{"taxonomy":"product_tag","embeddable":true,"href":"https:\/\/gpl-love.com\/fr\/wp-json\/wp\/v2\/product_tag?post=116233"}],"curies":[{"name":"wp","href":"https:\/\/api.w.org\/{rel}","templated":true}]}}