{"id":116231,"date":"2025-12-18T00:00:00","date_gmt":"2025-12-17T23:00:00","guid":{"rendered":"http:\/\/gpl-love.com\/fr\/produit\/gravity-forms-mailchimp-addon\/"},"modified":"2026-03-20T23:17:57","modified_gmt":"2026-03-20T22:17:57","slug":"gravity-forms-mailchimp-addon","status":"publish","type":"product","link":"https:\/\/gpl-love.com\/fr\/produit\/gravity-forms-mailchimp-addon\/","title":{"rendered":"Gravity Forms Mailchimp Addon 5.7.2"},"content":{"rendered":"<h3>Gravity Forms Mailchimp Addon Traits<\/h3>\n<p>Le Forms de gravit\u00e9 MailChimp Addon, un outil tr\u00e8s robuste, sert d&rsquo;un excellent facilitateur pour atteindre l&rsquo;int\u00e9gration transparente entre les formulaires de gravit\u00e9 et MailChimp. Gr\u00e2ce \u00e0 l&rsquo;utilisation de cet addon, la connexion sans effort de vos formulaires de gravit\u00e9 \u00e0 votre compte MailChimp est rendue possible, incorporant automatiquement de nouveaux abonn\u00e9s dans votre liste de diffusion. Cet addon a \u00e9t\u00e9 ing\u00e9nieusement con\u00e7u pour simplifier votre vie, automatisant efficacement la t\u00e2che ardue de g\u00e9rer votre liste de diffusion. En personnalisant facilement vos formulaires d&rsquo;inscription et en s\u00e9lectionnant m\u00e9ticuleusement les champs \u00e0 inclure, vous b\u00e9n\u00e9ficiez d&rsquo;un moyen sans tracas de collecter les informations n\u00e9cessaires de vos abonn\u00e9s. Ind\u00e9niablement, la gravit\u00e9 des formulaires MailChimp Addon est un \u00e9l\u00e9ment indispensable pour les individus aspirant s\u00e9rieusement \u00e0 rationaliser leurs efforts de marketing par e-mail et \u00e0 amplifier leur base d&rsquo;abonn\u00e9s.<\/p>\n<ul>\n<li>Int\u00e9gration transparente entre les formulaires de gravit\u00e9 et MailChimp<\/li>\n<li>Possibilit\u00e9 de synchroniser les soumissions de formulaires avec les listes de MailChimp<\/li>\n<li>Option pour cartographier les champs de formulaire pour les balises de fusion MailChimp<\/li>\n<li>Mises \u00e0 jour en temps r\u00e9el des coordonn\u00e9es dans MailChimp<\/li>\n<li>Configuration et configuration faciles avec des instructions \u00e9tape par \u00e9tape<\/li>\n<li>Prend en charge plusieurs comptes MailChimp<\/li>\n<li>Processus automatique \u00e0 double opt pour une v\u00e9rification par e-mail ajout\u00e9e<\/li>\n<li>Options de segmentation flexible pour le marketing par e-mail cibl\u00e9<\/li>\n<li>Campagnes par e-mail automatis\u00e9es d\u00e9clench\u00e9es par des soumissions de formulaires<\/li>\n<li>Rapports et analyses am\u00e9lior\u00e9s pour suivre le succ\u00e8s de la campagne de messagerie<\/li>\n<\/ul>\n","protected":false},"excerpt":{"rendered":"<p>L&rsquo;addon de Mailchimp Forms Gravity est un outil incroyablement robuste qui a \u00e9t\u00e9 sp\u00e9cialement d\u00e9velopp\u00e9 pour am\u00e9liorer et optimiser l&rsquo;int\u00e9gralit\u00e9 de la proc\u00e9dure de collecte d&rsquo;adresses e-mail et de les incorporer par la suite dans votre compte MailChimp. En utilisant cet addon exceptionnel, vous pourrez g\u00e9n\u00e9rer sans effort des formulaires personnalis\u00e9s qui vous int\u00e9grent de mani\u00e8re transparente \u00e0 MailChimp, vous permettant ainsi d&rsquo;amasser automatiquement des pistes et des abonn\u00e9s. D\u00e9lectez-vous des fonctionnalit\u00e9s extraordinaires offertes par cet addon, telles que la possibilit\u00e9 de cartographier les champs personnalis\u00e9s, d&rsquo;utiliser le syst\u00e8me \u00e0 double opt-in et de pr\u00e9senter des messages d&rsquo;opt-in personnalis\u00e9s, tout en garantissant une rencontre rationalis\u00e9e et conviviale pour les visiteurs de votre site Web . Offrez des adieux \u00e0 la saisie des donn\u00e9es manuelles laborieuses et adoptez les merveilles du marketing automatis\u00e9 avec l&rsquo;extraordinaire des formulaires de gravit\u00e9 MailChimp Addon.<\/p>\n","protected":false},"featured_media":144078,"comment_status":"open","ping_status":"open","template":"","meta":[],"product_brand":[2565],"product_cat":[1207,1181,1186],"product_tag":[1275],"class_list":{"0":"post-116231","1":"product","2":"type-product","3":"status-publish","4":"has-post-thumbnail","6":"product_brand-gravityforms","7":"product_cat-commercialisation-wordpress-plugins","8":"product_cat-plugins","9":"product_cat-wordpress-plugins","10":"product_tag-gravityforms","11":"member-discount","12":"discount-restricted","14":"first","15":"instock","16":"sale","17":"downloadable","18":"virtual","19":"sold-individually","20":"purchasable","21":"product-type-simple"},"_links":{"self":[{"href":"https:\/\/gpl-love.com\/fr\/wp-json\/wp\/v2\/product\/116231","targetHints":{"allow":["GET"]}}],"collection":[{"href":"https:\/\/gpl-love.com\/fr\/wp-json\/wp\/v2\/product"}],"about":[{"href":"https:\/\/gpl-love.com\/fr\/wp-json\/wp\/v2\/types\/product"}],"replies":[{"embeddable":true,"href":"https:\/\/gpl-love.com\/fr\/wp-json\/wp\/v2\/comments?post=116231"}],"wp:featuredmedia":[{"embeddable":true,"href":"https:\/\/gpl-love.com\/fr\/wp-json\/wp\/v2\/media\/144078"}],"wp:attachment":[{"href":"https:\/\/gpl-love.com\/fr\/wp-json\/wp\/v2\/media?parent=116231"}],"wp:term":[{"taxonomy":"product_brand","embeddable":true,"href":"https:\/\/gpl-love.com\/fr\/wp-json\/wp\/v2\/product_brand?post=116231"},{"taxonomy":"product_cat","embeddable":true,"href":"https:\/\/gpl-love.com\/fr\/wp-json\/wp\/v2\/product_cat?post=116231"},{"taxonomy":"product_tag","embeddable":true,"href":"https:\/\/gpl-love.com\/fr\/wp-json\/wp\/v2\/product_tag?post=116231"}],"curies":[{"name":"wp","href":"https:\/\/api.w.org\/{rel}","templated":true}]}}