{"id":116229,"date":"2024-05-22T00:00:00","date_gmt":"2024-05-21T22:00:00","guid":{"rendered":"http:\/\/gpl-love.com\/fr\/produit\/gravity-forms-mad-mimi-addon\/"},"modified":"2026-03-20T23:17:56","modified_gmt":"2026-03-20T22:17:56","slug":"gravity-forms-mad-mimi-addon","status":"publish","type":"product","link":"https:\/\/gpl-love.com\/fr\/produit\/gravity-forms-mad-mimi-addon\/","title":{"rendered":"Gravity Forms Mad Mimi Addon 1.5.0"},"content":{"rendered":"<h3>Gravity Forms Mad Mimi Addon Traits<\/h3>\n<p>Les formulaires de gravit\u00e9 Mad Mimi Addon servent d&rsquo;outil incroyablement robuste et puissant, permettant aux utilisateurs d&rsquo;int\u00e9grer de mani\u00e8re transparente leurs formulaires de gravit\u00e9 avec le service de marketing par e-mail Mad Mimi. \u00c0 l&rsquo;aide de cet addon remarquable, les individus sont capables de capturer sans effort les pistes et d&rsquo;automatiser des campagnes de messagerie complexe, facilitant ainsi l&rsquo;\u00e9tablissement et la culture de connexions durables avec leur client\u00e8le estim\u00e9e. Peu importe que ses efforts englobent la gestion d&rsquo;une boutique en ligne ou l&rsquo;exploitation d&rsquo;une entreprise \u00e0 petite \u00e9chelle, la gravit\u00e9 forme Mad Mimi Addon a le potentiel d&rsquo;acc\u00e9l\u00e9rer les processus, de conserver un temps pr\u00e9cieux et d&rsquo;amplifier les r\u00e9sultats de ses r\u00e9sultats. Par cons\u00e9quent, pourquoi en retarder davantage? Faites le saut aujourd&rsquo;hui et d\u00e9couvrez de premi\u00e8re main l&rsquo;impact transformateur qu&rsquo;il peut avoir sur vos efforts de marketing par e-mail!<\/p>\n<ul>\n<li>-Section connectez la plateforme de marketing par e-mail Mad Mimi avec les formulaires de gravit\u00e9<\/li>\n<li>-Sync Donn\u00e9es entre les formulaires de gravit\u00e9 et Mad Mimi de mani\u00e8re transparente<\/li>\n<li>-Choose qui se forme pour se connecter avec Mad Mimi et quel champs pour mapper<\/li>\n<li>-Customaliser les mod\u00e8les de messagerie avec l&rsquo;\u00e9diteur de glisser-d\u00e9poser de Mad Mimi<\/li>\n<li>-S\u00e9sifiez les campagnes d&rsquo;e-mails en fonction des soumissions de formulaires de gravit\u00e9<\/li>\n<li>-Automatiquement g\u00e9rer les abonn\u00e9s \u00e0 Mad Mimi en fonction des soumissions de formulaires<\/li>\n<li>-La supprimer les doublons et g\u00e9rer les pr\u00e9sum\u00e9s<\/li>\n<li>-Monitor R\u00e9sultats de la campagne par e-mail avec les outils d&rsquo;analyse de Mad Mimi<\/li>\n<li>-S\u00e9missant votre flux de travail et am\u00e9liorez vos efforts de marketing par e-mail avec Gravity Forms Mad Mimi Addon.<\/li>\n<\/ul>\n","protected":false},"excerpt":{"rendered":"<p>Les formulaires de gravit\u00e9 Mad Mimi Addon sont un outil incroyablement robuste et dynamique qui vous accorde la capacit\u00e9 transparente \u00e0 int\u00e9grer vos formulaires de gravit\u00e9 et votre logiciel de marketing par e-mail Mad Mimi. Gr\u00e2ce \u00e0 l&rsquo;utilisation de cet addon remarquable, vous \u00eates en mesure de recueillir sans effort des donn\u00e9es clients pr\u00e9cieuses, de suivre m\u00e9ticuleusement les soumissions de formulaires et de renvoyer efficacement les e-mails hautement cibl\u00e9s directement \u00e0 votre client\u00e8le estim\u00e9e, tous accomplis sans jamais avoir \u00e0 quitter le site WordPress. De plus, l&rsquo;interface conviviale associ\u00e9e \u00e0 la richesse des fonctionnalit\u00e9s puissantes pr\u00e9sentes dans cet addon permet un niveau de facilit\u00e9 et de commodit\u00e9 qui n&rsquo;a jamais \u00e9t\u00e9 exp\u00e9riment\u00e9 auparavant, vous offrant la possibilit\u00e9 d&rsquo;\u00e9lever vos campagnes de marketing par e-mail \u00e0 des hauteurs sans pr\u00e9c\u00e9dent. Que vous soyez un propri\u00e9taire diligent pour une petite entreprise ou un marketing chevronn\u00e9 et astucieux, la gravit\u00e9 forme Mad Mimi Addon est la solution par excellence pour am\u00e9liorer votre strat\u00e9gie de marketing par e-mail et propulser la croissance de votre entreprise estim\u00e9e.<\/p>\n","protected":false},"featured_media":144077,"comment_status":"open","ping_status":"open","template":"","meta":[],"product_brand":[2565],"product_cat":[1207,1181,1186],"product_tag":[1275],"class_list":{"0":"post-116229","1":"product","2":"type-product","3":"status-publish","4":"has-post-thumbnail","6":"product_brand-gravityforms","7":"product_cat-commercialisation-wordpress-plugins","8":"product_cat-plugins","9":"product_cat-wordpress-plugins","10":"product_tag-gravityforms","11":"member-discount","12":"discount-restricted","14":"first","15":"instock","16":"sale","17":"downloadable","18":"virtual","19":"sold-individually","20":"purchasable","21":"product-type-simple"},"_links":{"self":[{"href":"https:\/\/gpl-love.com\/fr\/wp-json\/wp\/v2\/product\/116229","targetHints":{"allow":["GET"]}}],"collection":[{"href":"https:\/\/gpl-love.com\/fr\/wp-json\/wp\/v2\/product"}],"about":[{"href":"https:\/\/gpl-love.com\/fr\/wp-json\/wp\/v2\/types\/product"}],"replies":[{"embeddable":true,"href":"https:\/\/gpl-love.com\/fr\/wp-json\/wp\/v2\/comments?post=116229"}],"wp:featuredmedia":[{"embeddable":true,"href":"https:\/\/gpl-love.com\/fr\/wp-json\/wp\/v2\/media\/144077"}],"wp:attachment":[{"href":"https:\/\/gpl-love.com\/fr\/wp-json\/wp\/v2\/media?parent=116229"}],"wp:term":[{"taxonomy":"product_brand","embeddable":true,"href":"https:\/\/gpl-love.com\/fr\/wp-json\/wp\/v2\/product_brand?post=116229"},{"taxonomy":"product_cat","embeddable":true,"href":"https:\/\/gpl-love.com\/fr\/wp-json\/wp\/v2\/product_cat?post=116229"},{"taxonomy":"product_tag","embeddable":true,"href":"https:\/\/gpl-love.com\/fr\/wp-json\/wp\/v2\/product_tag?post=116229"}],"curies":[{"name":"wp","href":"https:\/\/api.w.org\/{rel}","templated":true}]}}