{"id":116227,"date":"2025-05-05T00:00:00","date_gmt":"2025-05-04T22:00:00","guid":{"rendered":"http:\/\/gpl-love.com\/fr\/produit\/gravity-forms-icontact-addon\/"},"modified":"2026-03-20T23:17:55","modified_gmt":"2026-03-20T22:17:55","slug":"gravity-forms-icontact-addon","status":"publish","type":"product","link":"https:\/\/gpl-love.com\/fr\/produit\/gravity-forms-icontact-addon\/","title":{"rendered":"Gravity Forms IContact Addon 1.8.0"},"content":{"rendered":"<h3>Gravity Forms IContact Addon Traits<\/h3>\n<p>Les formulaires de gravit\u00e9 Icontact Addon, un outil robuste et dynamique de la plus grande puissance, permet aux utilisateurs de fusionner de mani\u00e8re transparente et sans effort leurs formulaires de gravit\u00e9 avec Icontact, une plate-forme de marketing par e-mail largement acclam\u00e9e et r\u00e9pandue. En utilisant cet addon remarquable, les utilisateurs b\u00e9n\u00e9ficient de l&rsquo;avantage distinct de la synchronisation rapide et sans effort sans effort leurs soumissions de formulaires de gravit\u00e9 avec des listes IContact, facilitant ainsi la gestion douce et le suivi m\u00e9ticuleux de leurs campagnes de marketing par e-mail. Cet addon extraordinaire poss\u00e8de une vaste gamme de fonctionnalit\u00e9s tr\u00e8s recherch\u00e9es, telles que la capacit\u00e9 remarquable de cartographier parfaitement les champs de gravit\u00e9 des champs IContact, l&rsquo;ajout automatique des abonn\u00e9s frais et nouveaux aux listes icontact, et la manipulation efficace des semects et des rebonds. Avec son interface in\u00e9gal\u00e9e et conviviale, ainsi que son int\u00e9gration impeccable et impeccable, la gravit\u00e9 forme iContact Addon \u00e9merge incontestablement comme un outil indispensable et indispensable pour les entreprises de toutes les amplitudes qui aspirent \u00e0 rationaliser et \u00e0 optimiser leurs efforts de marketing par e-mail.<\/p>\n<ul>\n<li>Am\u00e9liorer l&rsquo;int\u00e9gration icontact avec les formes de gravit\u00e9<\/li>\n<li>Ajoutez automatiquement les soumissions de formulaires aux listes icontact<\/li>\n<li>Contr\u00f4lez la liste IContact sp\u00e9cifique pour chaque formulaire de gravit\u00e9<\/li>\n<li>Personnalisez la cartographie des champs de formulaire sur les champs icontact<\/li>\n<li>Optimisez vos campagnes de marketing par e-mail avec des donn\u00e9es de contact pr\u00e9cises<\/li>\n<li>Aucun codage requis, processus d&rsquo;int\u00e9gration simple<\/li>\n<\/ul>\n","protected":false},"excerpt":{"rendered":"<p>La gravit\u00e9 des formulaires Icontact Addon, qui est un outil extr\u00eamement puissant, vous offre la capacit\u00e9 transparente pour int\u00e9grer de mani\u00e8re transparente vos formulaires de contact avec IContact, une plate-forme de marketing par e-mail estim\u00e9e et pr\u00e9\u00e9minente. Cet addon remarquable vous permet sans effort d&rsquo;ajouter automatiquement et d&rsquo;int\u00e9grer de nouvelles soumissions de formulaires \u00e0 vos listes IContact, simplifiant ainsi la t\u00e2che ardue de vous assurer que vos campagnes par e-mail sont constamment \u00e0 jour, vous permettant par la suite de communiquer efficacement avec votre public gr\u00e2ce \u00e0 une hauteur et \u00e0 laser et laser -Mes messages cibl\u00e9s. En incorporant et en tirant parti des capacit\u00e9s extraordinaires de l&rsquo;addon IContact de Gravity, vous avez l&rsquo;occasion inestimable d&rsquo;optimiser et de rationaliser vos efforts de marketing, en favorisant et en cultivant ainsi des relations plus fortes et plus profondes avec votre client\u00e8le estim\u00e9e.<\/p>\n","protected":false},"featured_media":144076,"comment_status":"open","ping_status":"open","template":"","meta":[],"product_brand":[2565],"product_cat":[1207,1181,1186],"product_tag":[1275],"class_list":{"0":"post-116227","1":"product","2":"type-product","3":"status-publish","4":"has-post-thumbnail","6":"product_brand-gravityforms","7":"product_cat-commercialisation-wordpress-plugins","8":"product_cat-plugins","9":"product_cat-wordpress-plugins","10":"product_tag-gravityforms","11":"member-discount","12":"discount-restricted","14":"first","15":"instock","16":"sale","17":"downloadable","18":"virtual","19":"sold-individually","20":"purchasable","21":"product-type-simple"},"_links":{"self":[{"href":"https:\/\/gpl-love.com\/fr\/wp-json\/wp\/v2\/product\/116227","targetHints":{"allow":["GET"]}}],"collection":[{"href":"https:\/\/gpl-love.com\/fr\/wp-json\/wp\/v2\/product"}],"about":[{"href":"https:\/\/gpl-love.com\/fr\/wp-json\/wp\/v2\/types\/product"}],"replies":[{"embeddable":true,"href":"https:\/\/gpl-love.com\/fr\/wp-json\/wp\/v2\/comments?post=116227"}],"wp:featuredmedia":[{"embeddable":true,"href":"https:\/\/gpl-love.com\/fr\/wp-json\/wp\/v2\/media\/144076"}],"wp:attachment":[{"href":"https:\/\/gpl-love.com\/fr\/wp-json\/wp\/v2\/media?parent=116227"}],"wp:term":[{"taxonomy":"product_brand","embeddable":true,"href":"https:\/\/gpl-love.com\/fr\/wp-json\/wp\/v2\/product_brand?post=116227"},{"taxonomy":"product_cat","embeddable":true,"href":"https:\/\/gpl-love.com\/fr\/wp-json\/wp\/v2\/product_cat?post=116227"},{"taxonomy":"product_tag","embeddable":true,"href":"https:\/\/gpl-love.com\/fr\/wp-json\/wp\/v2\/product_tag?post=116227"}],"curies":[{"name":"wp","href":"https:\/\/api.w.org\/{rel}","templated":true}]}}