{"id":116225,"date":"2021-07-04T00:00:00","date_gmt":"2021-07-03T22:00:00","guid":{"rendered":"http:\/\/gpl-love.com\/fr\/produit\/gravity-forms-hipchat-addon\/"},"modified":"2026-03-20T23:17:53","modified_gmt":"2026-03-20T22:17:53","slug":"gravity-forms-hipchat-addon","status":"publish","type":"product","link":"https:\/\/gpl-love.com\/fr\/produit\/gravity-forms-hipchat-addon\/","title":{"rendered":"Gravity Forms HipChat Addon 1.2"},"content":{"rendered":"<h3>Gravity Forms HipChat Addon Traits<\/h3>\n<p>Les formulaires Gravity Hipchat Addon, un outil tr\u00e8s efficace, offrent aux utilisateurs la possibilit\u00e9 d&rsquo;int\u00e9grer de mani\u00e8re transparente leurs formulaires avec Hipchat, facilitant ainsi la gestion et la rationalisation de leurs processus de communication. Cet addon remarquable permet aux utilisateurs de recevoir rapidement des notifications relatives aux soumissions de formes, garantissant ainsi des mises \u00e0 jour en temps r\u00e9el. De plus, les utilisateurs ont la flexibilit\u00e9 de personnaliser ces notifications, garantissant la r\u00e9ception d&rsquo;informations uniquement pertinentes. Notamment, l&rsquo;installation et l&rsquo;utilisation des formes de gravit\u00e9 Hipchat Addon sont remarquablement sans effort, et sa vaste gamme de fonctionnalit\u00e9s sert \u00e0 am\u00e9liorer le flux de travail et \u00e0 optimiser les processus commerciaux pour les particuliers et les organisations, quelle que soit leur \u00e9chelle. Ainsi, que l&rsquo;on soit propri\u00e9taire d&rsquo;une petite entreprise ou d&rsquo;une partie d&rsquo;une grande entreprise, la gravit\u00e9 forme l&rsquo;addon hipchat \u00e9merge ind\u00e9niablement comme un outil inestimable qui peut permettre efficacement de conserver un avantage concurrentiel dans le domaine de la communication.<\/p>\n<ul>\n<li>Int\u00e9grez de mani\u00e8re transparente Hipchat dans vos formulaires de gravit\u00e9<\/li>\n<li>Recevez des notifications instantan\u00e9es de nouvelles soumissions de formulaires en hipchat<\/li>\n<li>Configurer les notifications \u00e0 envoyer dans des salles ou des utilisateurs hipchat sp\u00e9cifiques<\/li>\n<li>Personnaliser les messages de notification avec des champs de donn\u00e9es de formulaire dynamique<\/li>\n<li>R\u00e9duire le besoin de surveillance manuelle des soumissions de formulaires<\/li>\n<li>Am\u00e9liorer la communication et la collaboration avec les notifications en temps r\u00e9el<\/li>\n<li>Processus d&rsquo;installation et de configuration facile<\/li>\n<li>Aucune comp\u00e9tence de codage requise<\/li>\n<li>Compatible avec les versions \u00e0 base de cloud et d&rsquo;auto-h\u00e9bergement de Hipchat<\/li>\n<li>Compatible avec tous les types de champs de formes de gravit\u00e9 et les configurations de formulaire.<\/li>\n<\/ul>\n","protected":false},"excerpt":{"rendered":"<p>Les formes de gravit\u00e9 Hipchat Addon, r\u00e9put\u00e9es pour son immense puissance et son efficacit\u00e9, vous offre la capacit\u00e9 incroyable de recevoir des notifications opportunes et pertinentes dans vos salles hipchat d\u00e9sign\u00e9es chaque fois qu&rsquo;une forme est soumise consciencieusement sur votre site WordPress estim\u00e9 employant les formes de gravit\u00e9 hautement acclam\u00e9es. Cet addon extraordinaire harmonise et s&rsquo;int\u00e8gre \u00e0 votre configuration de formes de gravit\u00e9 pr\u00e9existante, vous permettant ainsi de rester m\u00e9ticuleusement inform\u00e9 et rapidement r\u00e9actif face \u00e0 de nouvelles soumissions de forme. Accompagn\u00e9 de l&rsquo;addon de hipchat de formes de gravit\u00e9 in\u00e9gal\u00e9es, vous gagnez la capacit\u00e9 de surveiller et de tracer sans effort les activit\u00e9s qui se transpirent sur votre site estim\u00e9, de vous engager dans une communication en temps r\u00e9el avec votre \u00e9quipe estim\u00e9e et d&rsquo;am\u00e9liorer largement l&rsquo;efficacit\u00e9 globale et l&rsquo;efficacit\u00e9 de votre flux de travail m\u00e9ticuleux. Que vous pr\u00e9siiez une plate-forme de commerce \u00e9lectronique anim\u00e9e ou un blog profond\u00e9ment personnel, la gravit\u00e9 indispensable Forms Hipchat Addon est un essentiel irr\u00e9futable pour tout utilisateur de WordPress \u00e0 la recherche de processus rationalis\u00e9s et de membres de l&rsquo;\u00e9quipe in\u00e9branlables.<\/p>\n","protected":false},"featured_media":144074,"comment_status":"open","ping_status":"open","template":"","meta":[],"product_brand":[2565],"product_cat":[1189,1181,1186],"product_tag":[1275],"class_list":{"0":"post-116225","1":"product","2":"type-product","3":"status-publish","4":"has-post-thumbnail","6":"product_brand-gravityforms","7":"product_cat-personnalisation","8":"product_cat-plugins","9":"product_cat-wordpress-plugins","10":"product_tag-gravityforms","11":"member-discount","12":"discount-restricted","14":"first","15":"instock","16":"sale","17":"downloadable","18":"virtual","19":"sold-individually","20":"purchasable","21":"product-type-simple"},"_links":{"self":[{"href":"https:\/\/gpl-love.com\/fr\/wp-json\/wp\/v2\/product\/116225","targetHints":{"allow":["GET"]}}],"collection":[{"href":"https:\/\/gpl-love.com\/fr\/wp-json\/wp\/v2\/product"}],"about":[{"href":"https:\/\/gpl-love.com\/fr\/wp-json\/wp\/v2\/types\/product"}],"replies":[{"embeddable":true,"href":"https:\/\/gpl-love.com\/fr\/wp-json\/wp\/v2\/comments?post=116225"}],"wp:featuredmedia":[{"embeddable":true,"href":"https:\/\/gpl-love.com\/fr\/wp-json\/wp\/v2\/media\/144074"}],"wp:attachment":[{"href":"https:\/\/gpl-love.com\/fr\/wp-json\/wp\/v2\/media?parent=116225"}],"wp:term":[{"taxonomy":"product_brand","embeddable":true,"href":"https:\/\/gpl-love.com\/fr\/wp-json\/wp\/v2\/product_brand?post=116225"},{"taxonomy":"product_cat","embeddable":true,"href":"https:\/\/gpl-love.com\/fr\/wp-json\/wp\/v2\/product_cat?post=116225"},{"taxonomy":"product_tag","embeddable":true,"href":"https:\/\/gpl-love.com\/fr\/wp-json\/wp\/v2\/product_tag?post=116225"}],"curies":[{"name":"wp","href":"https:\/\/api.w.org\/{rel}","templated":true}]}}