{"id":116223,"date":"2021-07-04T00:00:00","date_gmt":"2021-07-03T22:00:00","guid":{"rendered":"http:\/\/gpl-love.com\/fr\/produit\/gravity-forms-highrise-addon\/"},"modified":"2026-03-20T23:17:52","modified_gmt":"2026-03-20T22:17:52","slug":"gravity-forms-highrise-addon","status":"publish","type":"product","link":"https:\/\/gpl-love.com\/fr\/produit\/gravity-forms-highrise-addon\/","title":{"rendered":"Gravity Forms Highrise Addon 1.3"},"content":{"rendered":"<h3>Gravity Forms Highrise Addon Traits<\/h3>\n<p>Les formes Gravity Forms Highrise Addon, un outil tr\u00e8s robuste, offrent aux utilisateurs une int\u00e9gration transparente entre leurs formes de gravit\u00e9 et Highrise CRM, r\u00e9sultant en une myriade d&rsquo;avantages. En utilisant cet addon, les utilisateurs sont autoris\u00e9s \u00e0 obtenir sans effort et efficacement les prospects et les donn\u00e9es clients directement \u00e0 partir de leur site Web, en le transmettant ensuite directement \u00e0 Highrise. Une telle fonctionnalit\u00e9 optimise non seulement la gestion du temps, mais garantit \u00e9galement l&rsquo;acquisition pr\u00e9cise des coordonn\u00e9es essentielles. De plus, les utilisateurs poss\u00e8dent l&rsquo;autonomie pour adapter les champs qu&rsquo;ils souhaitent capturer, permettant une approche personnalis\u00e9e et m\u00eame attribuer des balises aux contacts, facilitant ainsi la segmentation sans effort. Par cons\u00e9quent, cet addon sert de catalyseur dans le raffinage des proc\u00e9dures de capture de capture des entreprises, am\u00e9liorant finalement leurs performances de vente globales.<\/p>\n<ul>\n<li>Int\u00e8gre de mani\u00e8re transparente les formulaires de gravit\u00e9 avec le syst\u00e8me CRM Highrise<\/li>\n<li>Envoie des soumissions de formulaires directement \u00e0 Highrise pour une capture de plomb facile et une gestion du plomb<\/li>\n<li>Cr\u00e9e automatiquement de nouveaux contacts et offres en haute base en fonction des soumissions de formulaires<\/li>\n<li>Permet la cartographie des champs de formulaires de gravit\u00e9 aux champs de haut niveau correspondants<\/li>\n<li>Param\u00e8tres personnalisables pour contr\u00f4ler la fa\u00e7on dont les donn\u00e9es de formulaire sont envoy\u00e9es \u00e0 Highrise<\/li>\n<li>Gagnez du temps sur la saisie manuelle des donn\u00e9es et r\u00e9duit les erreurs<\/li>\n<li>Augmente l&rsquo;efficacit\u00e9 et la productivit\u00e9 des \u00e9quipes de vente et de marketing<\/li>\n<li>Compatible avec la plupart des th\u00e8mes et plugins WordPress<\/li>\n<li>Mises \u00e0 jour r\u00e9guli\u00e8res et support client fourni<\/li>\n<\/ul>\n","protected":false},"excerpt":{"rendered":"<p>La Gravity Forms Highrise Addon se pr\u00e9sente comme un outil extr\u00eamement puissant pour g\u00e9rer et nourrir efficacement les relations avec les clients. En vertu de cet addon inestimable, vous \u00eates rendu capable d&rsquo;\u00e9tablir sans effort un lien entre vos formulaires de contact avec vos formulaires de gravit\u00e9 et votre CRM de haute crise, facilitant ainsi un moyen transparent de capturer et d&rsquo;organiser des informations de plomb. De plus, cet addon vous accorde la possibilit\u00e9 de g\u00e9n\u00e9rer des champs et des balises personnalis\u00e9s pour vos donn\u00e9es de haut niveau, facilitant ainsi le processus de segmentation de vos prospects et de favoriser un environnement d&rsquo;organisation. Que l&rsquo;on s&rsquo;identifie comme un sp\u00e9cialiste du marketing, un professionnel des ventes ou un entrepreneur, l&rsquo;utilisation des formes de gravit\u00e9 Highrise Addon peut indubitablement contribuer \u00e0 l&rsquo;optimisation de ses processus de capture et de gestion du plomb, culminant ainsi dans le r\u00e9sultat souhaitable de l&rsquo;expansion des entreprises.<\/p>\n","protected":false},"featured_media":144073,"comment_status":"open","ping_status":"open","template":"","meta":[],"product_brand":[2565],"product_cat":[1207,1181,1186],"product_tag":[1275],"class_list":{"0":"post-116223","1":"product","2":"type-product","3":"status-publish","4":"has-post-thumbnail","6":"product_brand-gravityforms","7":"product_cat-commercialisation-wordpress-plugins","8":"product_cat-plugins","9":"product_cat-wordpress-plugins","10":"product_tag-gravityforms","11":"member-discount","12":"discount-restricted","14":"first","15":"instock","16":"sale","17":"downloadable","18":"virtual","19":"sold-individually","20":"purchasable","21":"product-type-simple"},"_links":{"self":[{"href":"https:\/\/gpl-love.com\/fr\/wp-json\/wp\/v2\/product\/116223","targetHints":{"allow":["GET"]}}],"collection":[{"href":"https:\/\/gpl-love.com\/fr\/wp-json\/wp\/v2\/product"}],"about":[{"href":"https:\/\/gpl-love.com\/fr\/wp-json\/wp\/v2\/types\/product"}],"replies":[{"embeddable":true,"href":"https:\/\/gpl-love.com\/fr\/wp-json\/wp\/v2\/comments?post=116223"}],"wp:featuredmedia":[{"embeddable":true,"href":"https:\/\/gpl-love.com\/fr\/wp-json\/wp\/v2\/media\/144073"}],"wp:attachment":[{"href":"https:\/\/gpl-love.com\/fr\/wp-json\/wp\/v2\/media?parent=116223"}],"wp:term":[{"taxonomy":"product_brand","embeddable":true,"href":"https:\/\/gpl-love.com\/fr\/wp-json\/wp\/v2\/product_brand?post=116223"},{"taxonomy":"product_cat","embeddable":true,"href":"https:\/\/gpl-love.com\/fr\/wp-json\/wp\/v2\/product_cat?post=116223"},{"taxonomy":"product_tag","embeddable":true,"href":"https:\/\/gpl-love.com\/fr\/wp-json\/wp\/v2\/product_tag?post=116223"}],"curies":[{"name":"wp","href":"https:\/\/api.w.org\/{rel}","templated":true}]}}