{"id":116221,"date":"2025-11-25T00:00:00","date_gmt":"2025-11-24T23:00:00","guid":{"rendered":"http:\/\/gpl-love.com\/fr\/produit\/gravity-forms-help-scout-addon\/"},"modified":"2026-03-20T23:17:51","modified_gmt":"2026-03-20T22:17:51","slug":"gravity-forms-help-scout-addon","status":"publish","type":"product","link":"https:\/\/gpl-love.com\/fr\/produit\/gravity-forms-help-scout-addon\/","title":{"rendered":"Gravity Forms Help Scout Addon 2.4.0.1"},"content":{"rendered":"<h3>Gravity Forms Help Scout Addon Traits<\/h3>\n<p>Les fonctionnalit\u00e9s et les capacit\u00e9s offertes par les formulaires de gravit\u00e9 aident \u00e0 Scout Addon sont vraiment formidables et inestimables. Principalement, cet outil remarquable facilite sans effort l&rsquo;int\u00e9gration des formulaires d&rsquo;aide et de gravit\u00e9, offrant aux utilisateurs une exp\u00e9rience rationalis\u00e9e et transparente. En tirant parti de cet addon, le processus de g\u00e9n\u00e9ration de billets dans Help Scout \u00e0 partir de soumissions d&rsquo;utilisateurs sous forme de gravit\u00e9 devient automatis\u00e9, am\u00e9liorant ainsi consid\u00e9rablement l&rsquo;efficacit\u00e9 et l&rsquo;opportunit\u00e9 avec lesquelles les requ\u00eates des clients sont trait\u00e9es et r\u00e9solues. De plus, la polyvalence de l&rsquo;addon permet aux utilisateurs d&rsquo;adapter et de personnaliser les champs de billets et les balises pour s&rsquo;aligner sur leurs exigences sp\u00e9cifiques et uniques. De plus, l&rsquo;incorporation de la logique conditionnelle permet aux utilisateurs de faire un contr\u00f4le sur la cr\u00e9ation de billets, permettant la cr\u00e9ation de protocoles de priorisation et la gestion efficace de la charge de travail de support. En conclusion, les formulaires de gravit\u00e9 aident \u00e0 Scout Addon repr\u00e9sente incontestablement un actif indispensable pour toute entreprise ou organisation qui s&rsquo;est engag\u00e9e \u00e0 fournir des niveaux in\u00e9gal\u00e9s de support client et de satisfaction.<\/p>\n<ul>\n<li>Int\u00e8gre les formulaires de gravit\u00e9 avec Help Scout, permettant le transfert transparent des soumissions de formulaires pour aider \u00e0 faire sauter les billets<\/li>\n<li>Gave le temps et \u00e9limine la saisie manuelle des donn\u00e9es de formulaire dans Help Scout<\/li>\n<li>Mappage personnalisable des champs de formulaire pour aider \u00e0 rechercher des champs de billets<\/li>\n<li>Cr\u00e9e automatiquement une nouvelle conversation d&rsquo;aide pour chaque soumission de formulaire<\/li>\n<li>Possibilit\u00e9 d&rsquo;attribuer des bo\u00eetes aux lettres et des utilisateurs d&rsquo;aide sp\u00e9cifiques \u00e0 recevoir des soumissions de formulaires<\/li>\n<li>Fonctionne avec plusieurs formulaires de gravit\u00e9 et aide les comptes Scout<\/li>\n<li>Fournit un historique complet des soumissions de formulaires dans Help Scout<\/li>\n<li>Comprend le soutien prioritaire de l&rsquo;\u00e9quipe des formulaires Gravity.<\/li>\n<\/ul>\n","protected":false},"excerpt":{"rendered":"<p>Les formulaires de gravit\u00e9 aident \u00e0 Scout Addon est un outil incroyablement efficace et efficace con\u00e7u pour r\u00e9volutionner et optimiser votre processus de support client. Avec ses capacit\u00e9s d&rsquo;int\u00e9gration transparentes, ce plugin fusionne sans effort la puissante fonctionnalit\u00e9 des formulaires de gravit\u00e9, un plugin de g\u00e9n\u00e9rateur de formulaires tr\u00e8s populaire, avec les fonctionnalit\u00e9s robustes et compl\u00e8tes de Help Scout, un logiciel de support client leader. En utilisant cet addon, vous pouvez cr\u00e9er et personnaliser sans effort des formulaires sp\u00e9cifiquement adapt\u00e9s pour r\u00e9pondre aux besoins et aux exigences uniques de vos clients. Ces formulaires peuvent capturer et collecter des informations et demandes vitales de vos clients, en veillant \u00e0 ce que leurs demandes soient trait\u00e9es rapidement et avec pr\u00e9cision. Gr\u00e2ce au syst\u00e8me de routage intelligent fourni par Help Scout, ces formulaires sont automatiquement dirig\u00e9s vers le membre de l&rsquo;\u00e9quipe le plus appropri\u00e9, garantissant que vos clients re\u00e7oivent un support rapide et efficace.<\/p>\n","protected":false},"featured_media":144072,"comment_status":"open","ping_status":"open","template":"","meta":[],"product_brand":[2565],"product_cat":[1189,1181,1186],"product_tag":[1275],"class_list":{"0":"post-116221","1":"product","2":"type-product","3":"status-publish","4":"has-post-thumbnail","6":"product_brand-gravityforms","7":"product_cat-personnalisation","8":"product_cat-plugins","9":"product_cat-wordpress-plugins","10":"product_tag-gravityforms","11":"member-discount","12":"discount-restricted","14":"first","15":"instock","16":"sale","17":"downloadable","18":"virtual","19":"sold-individually","20":"purchasable","21":"product-type-simple"},"_links":{"self":[{"href":"https:\/\/gpl-love.com\/fr\/wp-json\/wp\/v2\/product\/116221","targetHints":{"allow":["GET"]}}],"collection":[{"href":"https:\/\/gpl-love.com\/fr\/wp-json\/wp\/v2\/product"}],"about":[{"href":"https:\/\/gpl-love.com\/fr\/wp-json\/wp\/v2\/types\/product"}],"replies":[{"embeddable":true,"href":"https:\/\/gpl-love.com\/fr\/wp-json\/wp\/v2\/comments?post=116221"}],"wp:featuredmedia":[{"embeddable":true,"href":"https:\/\/gpl-love.com\/fr\/wp-json\/wp\/v2\/media\/144072"}],"wp:attachment":[{"href":"https:\/\/gpl-love.com\/fr\/wp-json\/wp\/v2\/media?parent=116221"}],"wp:term":[{"taxonomy":"product_brand","embeddable":true,"href":"https:\/\/gpl-love.com\/fr\/wp-json\/wp\/v2\/product_brand?post=116221"},{"taxonomy":"product_cat","embeddable":true,"href":"https:\/\/gpl-love.com\/fr\/wp-json\/wp\/v2\/product_cat?post=116221"},{"taxonomy":"product_tag","embeddable":true,"href":"https:\/\/gpl-love.com\/fr\/wp-json\/wp\/v2\/product_tag?post=116221"}],"curies":[{"name":"wp","href":"https:\/\/api.w.org\/{rel}","templated":true}]}}