{"id":116219,"date":"2026-02-05T00:00:00","date_gmt":"2026-02-04T23:00:00","guid":{"rendered":"http:\/\/gpl-love.com\/fr\/produit\/gravity-forms-getresponse-addon\/"},"modified":"2026-03-20T23:17:49","modified_gmt":"2026-03-20T22:17:49","slug":"gravity-forms-getresponse-addon","status":"publish","type":"product","link":"https:\/\/gpl-love.com\/fr\/produit\/gravity-forms-getresponse-addon\/","title":{"rendered":"Gravity Forms GetResponse Addon 1.9.1"},"content":{"rendered":"<h3>Gravity Forms GetResponse Addon Traits<\/h3>\n<p>Les formulaires Gravity GetResponse, qui sert d&rsquo;outil formidable, pr\u00e9sente aux utilisateurs la possibilit\u00e9 d&rsquo;int\u00e9grer de mani\u00e8re transparente leurs formulaires de gravit\u00e9 avec GetResponse, une plate-forme de marketing par e-mail largement renomm\u00e9e. En utilisant cet addon, les utilisateurs ont la commodit\u00e9 de capturer sans effort les prospects et de g\u00e9n\u00e9rer des abonn\u00e9s \u00e0 partir de leurs soumissions de formulaires de gravit\u00e9, les ajoutant par la suite \u00e0 leurs listes de diffusion GetResponse de mani\u00e8re automatis\u00e9e. En plus de son interface conviviale, cet addon fournit une pl\u00e9thore d&rsquo;options personnalisables qui permettent aux utilisateurs d&rsquo;adapter leurs campagnes de marketing par e-mail \u00e0 leurs exigences pr\u00e9cises. Certaines de ces options incluent la possibilit\u00e9 de fabriquer des champs personnalis\u00e9s, d&rsquo;\u00e9tablir des workflows d&rsquo;automatisation et de surveiller m\u00e9ticuleusement les performances de leurs campagnes par e-mail. Dans l&rsquo;ensemble, les formulaires de gravit\u00e9 GetResponse Addon apparaissent comme un outil indispensable pour les entreprises dans la recherche de l&rsquo;optimisation de leurs efforts de g\u00e9n\u00e9ration de leads et de marketing par e-mail.<\/p>\n<ul>\n<li>Int\u00e9gration transparente des formulaires de gravit\u00e9 avec getResponse<\/li>\n<li>Ajoutez automatiquement de nouvelles prospects \u00e0 votre compte GetResponse<\/li>\n<li>Mapte facilement les champs de gravit\u00e9 des champs pour les champs GetResponse correspondants<\/li>\n<li>Option pour ajouter des balises \u00e0 vos nouvelles prospects dans GetResponse pour une meilleure organisation et une meilleure segmentation<\/li>\n<li>Param\u00e8tres d&rsquo;opt-in personnalisables pour ajuster la fa\u00e7on dont vos prospects sont ajout\u00e9s \u00e0 votre compte GetResponse<\/li>\n<li>La synchronisation en temps r\u00e9el garantit que vos prospects sont ajout\u00e9s \u00e0 GetResponse d\u00e8s qu&rsquo;ils soumettent un formulaire<\/li>\n<li>Aucune connaissance de codage requise &#8211; installez simplement l&rsquo;addon et commencez \u00e0 vous int\u00e9grer imm\u00e9diatement<\/li>\n<li>Acc\u00e8s \u00e0 la documentation et \u00e0 la prise en charge d\u00e9taill\u00e9s pour assurer un processus d&rsquo;int\u00e9gration en douceur.<\/li>\n<\/ul>\n","protected":false},"excerpt":{"rendered":"<p>La Gravity Forms GetResponse Addon, un outil tr\u00e8s efficace qui vise \u00e0 rationaliser et \u00e0 am\u00e9liorer vos efforts de marketing par e-mail, poss\u00e8de une multitude de fonctionnalit\u00e9s puissantes. Cet addon convivial int\u00e8gre de mani\u00e8re transparente les formulaires de gravit\u00e9 avec GetResponse, vous accordant la capacit\u00e9 d&rsquo;exporter rapidement les soumissions de formulaires directement vers votre compte GetResponse. En utilisant cet addon, vous pouvez \u00e9tablir sans effort des campagnes de messagerie personnalis\u00e9es qui sont adapt\u00e9es aux soumissions de formulaires d&rsquo;utilisateur, ce qui se traduit par une strat\u00e9gie de marketing par e-mail tr\u00e8s efficace et automatis\u00e9e. Que vous soyez un propri\u00e9taire de petite entreprise ou un sp\u00e9cialiste du marketing chevronn\u00e9, la Gravity Forms GetResponse Addon est un outil indispensable et vital qui est garanti pour optimiser vos r\u00e9alisations de marketing par e-mail et le succ\u00e8s global.<\/p>\n","protected":false},"featured_media":144070,"comment_status":"open","ping_status":"open","template":"","meta":[],"product_brand":[2565],"product_cat":[1207,1181,1186],"product_tag":[1275],"class_list":{"0":"post-116219","1":"product","2":"type-product","3":"status-publish","4":"has-post-thumbnail","6":"product_brand-gravityforms","7":"product_cat-commercialisation-wordpress-plugins","8":"product_cat-plugins","9":"product_cat-wordpress-plugins","10":"product_tag-gravityforms","11":"member-discount","12":"discount-restricted","14":"first","15":"instock","16":"sale","17":"downloadable","18":"virtual","19":"sold-individually","20":"purchasable","21":"product-type-simple"},"_links":{"self":[{"href":"https:\/\/gpl-love.com\/fr\/wp-json\/wp\/v2\/product\/116219","targetHints":{"allow":["GET"]}}],"collection":[{"href":"https:\/\/gpl-love.com\/fr\/wp-json\/wp\/v2\/product"}],"about":[{"href":"https:\/\/gpl-love.com\/fr\/wp-json\/wp\/v2\/types\/product"}],"replies":[{"embeddable":true,"href":"https:\/\/gpl-love.com\/fr\/wp-json\/wp\/v2\/comments?post=116219"}],"wp:featuredmedia":[{"embeddable":true,"href":"https:\/\/gpl-love.com\/fr\/wp-json\/wp\/v2\/media\/144070"}],"wp:attachment":[{"href":"https:\/\/gpl-love.com\/fr\/wp-json\/wp\/v2\/media?parent=116219"}],"wp:term":[{"taxonomy":"product_brand","embeddable":true,"href":"https:\/\/gpl-love.com\/fr\/wp-json\/wp\/v2\/product_brand?post=116219"},{"taxonomy":"product_cat","embeddable":true,"href":"https:\/\/gpl-love.com\/fr\/wp-json\/wp\/v2\/product_cat?post=116219"},{"taxonomy":"product_tag","embeddable":true,"href":"https:\/\/gpl-love.com\/fr\/wp-json\/wp\/v2\/product_tag?post=116219"}],"curies":[{"name":"wp","href":"https:\/\/api.w.org\/{rel}","templated":true}]}}