{"id":116217,"date":"2021-07-04T00:00:00","date_gmt":"2021-07-03T22:00:00","guid":{"rendered":"http:\/\/gpl-love.com\/fr\/produit\/gravity-forms-freshbooks-addon\/"},"modified":"2026-03-20T23:17:49","modified_gmt":"2026-03-20T22:17:49","slug":"gravity-forms-freshbooks-addon","status":"publish","type":"product","link":"https:\/\/gpl-love.com\/fr\/produit\/gravity-forms-freshbooks-addon\/","title":{"rendered":"Gravity Forms Freshbooks Addon 2.7"},"content":{"rendered":"<h3>Gravity Forms Freshbooks Addon Traits<\/h3>\n<p>La Gravity Forms FreshBooks Addon, un outil tr\u00e8s efficace, vient de l&rsquo;aide des entreprises cherchant \u00e0 rationaliser leurs proc\u00e9dures de comptabilit\u00e9 et de facturation. En int\u00e9grant de mani\u00e8re transparente vos donn\u00e9es de formulaires de gravit\u00e9 avec votre compte FreshBooks, cet addon facilite l&rsquo;\u00e9change fluide d&rsquo;informations entre ces deux plates-formes. Non seulement il permet l&rsquo;automatisation de votre processus de facturation, mais cela vous permet \u00e9galement de g\u00e9n\u00e9rer et de r\u00e9partir les factures directement \u00e0 partir de vos soumissions de formulaires de gravit\u00e9. En outre, il fournit un suivi en temps r\u00e9el des paiements et des d\u00e9penses. Sans aucun doute, la Gravity Forms Freshbooks Addon joue un r\u00f4le essentiel dans la simplification des op\u00e9rations comptables et l&rsquo;am\u00e9lioration de la productivit\u00e9 pour les entreprises.<\/p>\n<ul>\n<li>Int\u00e8gre de mani\u00e8re transparente les livres fra\u00eeches aux formes de gravit\u00e9<\/li>\n<li>Automate la cr\u00e9ation de factures et de clients dans des manuels fra\u00eeches<\/li>\n<li>Permet la personnalisation des d\u00e9tails de la facture, tels que les dates dues et les notes du client<\/li>\n<li>Assure la pr\u00e9cision du transfert de donn\u00e9es entre les formulaires de gravit\u00e9 et les livres frais<\/li>\n<li>Gave le temps en \u00e9liminant le besoin de saisie manuelle de donn\u00e9es<\/li>\n<li>Am\u00e9liore l&rsquo;organisation en conservant toutes les informations sur les clients et les factures en un seul endroit<\/li>\n<li>Interface conviviale pour une configuration et une configuration faciles<\/li>\n<li>Compatible avec toutes les versions des formes de gravit\u00e9 et des manuels fra\u00eeches<\/li>\n<li>Support client fiable pour tout probl\u00e8me ou questions<\/li>\n<li>Prix \u200b\u200babordable avec des options de licence simples.<\/li>\n<\/ul>\n","protected":false},"excerpt":{"rendered":"<p>Les formulaires Gravity Forms Freshbooks, un outil de pointe, offre aux utilisateurs la possibilit\u00e9 d&rsquo;\u00e9tablir une connexion entre leurs formulaires de gravit\u00e9 et leurs livres fra\u00eeches, am\u00e9liorant ainsi et simplifiant leur flux de travail tout en automatisant le processus de facturation. Gr\u00e2ce \u00e0 l&rsquo;int\u00e9gration transparente de ces deux applications robustes, les utilisateurs peuvent collecter sans effort et rapidement les informations des clients, automatiser les proc\u00e9dures de facturation, surveiller le temps et les d\u00e9penses et s&rsquo;engager dans d&rsquo;autres t\u00e2ches de ce type. Peu importe que l&rsquo;on soit propri\u00e9taire d&rsquo;une entreprise modeste ou d&rsquo;un cadre d&rsquo;une soci\u00e9t\u00e9 tentaculaire, la gravit\u00e9 forme que l&rsquo;addon de Freshbook fournit un moyen simple mais tr\u00e8s efficace d&rsquo;administrer efficacement les questions financi\u00e8res et de stimuler la productivit\u00e9 globale. Alors pourquoi tergiverser? Commencez votre voyage aujourd&rsquo;hui et t\u00e9moignez de premi\u00e8re main les prouesses incorpor\u00e9es incarn\u00e9es dans les formes de gravit\u00e9 Freshbooks Addon!<\/p>\n","protected":false},"featured_media":144069,"comment_status":"open","ping_status":"open","template":"","meta":[],"product_brand":[2565],"product_cat":[1189,1181,1186],"product_tag":[1275],"class_list":{"0":"post-116217","1":"product","2":"type-product","3":"status-publish","4":"has-post-thumbnail","6":"product_brand-gravityforms","7":"product_cat-personnalisation","8":"product_cat-plugins","9":"product_cat-wordpress-plugins","10":"product_tag-gravityforms","11":"member-discount","12":"discount-restricted","14":"first","15":"instock","16":"sale","17":"downloadable","18":"virtual","19":"sold-individually","20":"purchasable","21":"product-type-simple"},"_links":{"self":[{"href":"https:\/\/gpl-love.com\/fr\/wp-json\/wp\/v2\/product\/116217","targetHints":{"allow":["GET"]}}],"collection":[{"href":"https:\/\/gpl-love.com\/fr\/wp-json\/wp\/v2\/product"}],"about":[{"href":"https:\/\/gpl-love.com\/fr\/wp-json\/wp\/v2\/types\/product"}],"replies":[{"embeddable":true,"href":"https:\/\/gpl-love.com\/fr\/wp-json\/wp\/v2\/comments?post=116217"}],"wp:featuredmedia":[{"embeddable":true,"href":"https:\/\/gpl-love.com\/fr\/wp-json\/wp\/v2\/media\/144069"}],"wp:attachment":[{"href":"https:\/\/gpl-love.com\/fr\/wp-json\/wp\/v2\/media?parent=116217"}],"wp:term":[{"taxonomy":"product_brand","embeddable":true,"href":"https:\/\/gpl-love.com\/fr\/wp-json\/wp\/v2\/product_brand?post=116217"},{"taxonomy":"product_cat","embeddable":true,"href":"https:\/\/gpl-love.com\/fr\/wp-json\/wp\/v2\/product_cat?post=116217"},{"taxonomy":"product_tag","embeddable":true,"href":"https:\/\/gpl-love.com\/fr\/wp-json\/wp\/v2\/product_tag?post=116217"}],"curies":[{"name":"wp","href":"https:\/\/api.w.org\/{rel}","templated":true}]}}