{"id":116215,"date":"2023-04-14T00:00:00","date_gmt":"2023-04-13T22:00:00","guid":{"rendered":"http:\/\/gpl-love.com\/fr\/produit\/gravity-forms-cleverreach-addon\/"},"modified":"2026-03-20T23:17:42","modified_gmt":"2026-03-20T22:17:42","slug":"gravity-forms-cleverreach-addon","status":"publish","type":"product","link":"https:\/\/gpl-love.com\/fr\/produit\/gravity-forms-cleverreach-addon\/","title":{"rendered":"Gravity Forms CleverReach Addon 1.9.0"},"content":{"rendered":"<h3>Gravity Forms CleverReach Addon Traits<\/h3>\n<p>La gravit\u00e9 forme Cleverreach Addon, un outil exceptionnel pour ceux qui cherchent \u00e0 optimiser leurs campagnes de marketing par e-mail, sert de ressource inestimable. Cet addon, int\u00e9gr\u00e9 de mani\u00e8re transparente \u00e0 la fois aux formes de gravit\u00e9 et \u00e0 CleverReach, offre une solution rationalis\u00e9e pour capturer des prospects et automatiser les processus de marketing par e-mail. Sa fonctionnalit\u00e9 permet la cr\u00e9ation sans effort de formulaires personnalis\u00e9s qui capturent efficacement les donn\u00e9es des utilisateurs et la transmettent de mani\u00e8re transparente \u00e0 votre compte intelligent. De plus, cet addon facilite la segmentation de votre liste de diffusion, l&rsquo;automatisation des e-mails de suivi et le suivi complet des performances de campagne. Par cons\u00e9quent, il est ind\u00e9niable que la gravit\u00e9 forme un addon intelligent repr\u00e9sente un instrument remarquablement puissant et convivial capable de propulser vos efforts de marketing par e-mail \u00e0 des hauteurs sans pr\u00e9c\u00e9dent.<\/p>\n<ul>\n<li>Int\u00e8gre de mani\u00e8re transparente les formulaires de gravit\u00e9 avec la plateforme de marketing par e-mail intelligente<\/li>\n<li>Permet aux utilisateurs d&rsquo;ajouter des abonn\u00e9s aux listes de diffusion intelligente directement \u00e0 partir des soumissions de formulaires de gravit\u00e9<\/li>\n<li>Synchroniser la gravit\u00e9 des champs et des champs personnalis\u00e9s intelligents pour la collecte de donn\u00e9es pr\u00e9cises<\/li>\n<li>Fournit des mises \u00e0 jour de donn\u00e9es d&rsquo;abonn\u00e9 en temps r\u00e9el entre les formulaires de gravit\u00e9 et Cleverreach<\/li>\n<li>Les campagnes par e-mail automatis\u00e9es peuvent \u00eatre d\u00e9clench\u00e9es en fonction des soumissions de formulaires de gravit\u00e9<\/li>\n<li>Options de filtrage avanc\u00e9 pour les campagnes de messagerie cibl\u00e9es<\/li>\n<li>Interface conviviale avec une configuration et une configuration faciles<\/li>\n<li>Stimule les efforts de marketing en rationalisant les processus de g\u00e9n\u00e9ration de leads et de marketing par e-mail<\/li>\n<li>Compatible avec les versions WordPress et Gravity Forms -9 et au-dessus.<\/li>\n<\/ul>\n","protected":false},"excerpt":{"rendered":"<p>La Gravity Forms Cleverreach Addon est un outil indispensable pour les entreprises qui cherchent \u00e0 optimiser et \u00e0 am\u00e9liorer leurs processus de marketing par e-mail. Ce plugin remarquablement convivial int\u00e8gre de mani\u00e8re transparente les capacit\u00e9s formidables des formulaires de gravit\u00e9 avec Cleverreach, facilitant la gestion des contacts sans faille et la communication par e-mail rationalis\u00e9e. En tirant parti des fonctionnalit\u00e9s de la gravit\u00e9 des formulaires intelligents, vous pouvez concevoir sans effort des campagnes de messagerie personnalis\u00e9es, surveiller m\u00e9ticuleusement les indicateurs de performance et cultiver constamment des clients potentiels par le biais de la messagerie cibl\u00e9e de pr\u00e9cision. Offrez des adieux \u00e0 des outils de marketing par e-mail et de contacts d\u00e9cousus et d&rsquo;adopter un processus de marketing par e-mail nettement plus rationalis\u00e9 avec l&rsquo;addon de gravit\u00e9 Cleverreach.<\/p>\n","protected":false},"featured_media":144062,"comment_status":"open","ping_status":"open","template":"","meta":[],"product_brand":[2565],"product_cat":[1207,1181,1186],"product_tag":[1275],"class_list":{"0":"post-116215","1":"product","2":"type-product","3":"status-publish","4":"has-post-thumbnail","6":"product_brand-gravityforms","7":"product_cat-commercialisation-wordpress-plugins","8":"product_cat-plugins","9":"product_cat-wordpress-plugins","10":"product_tag-gravityforms","11":"member-discount","12":"discount-restricted","14":"first","15":"instock","16":"sale","17":"downloadable","18":"virtual","19":"sold-individually","20":"purchasable","21":"product-type-simple"},"_links":{"self":[{"href":"https:\/\/gpl-love.com\/fr\/wp-json\/wp\/v2\/product\/116215","targetHints":{"allow":["GET"]}}],"collection":[{"href":"https:\/\/gpl-love.com\/fr\/wp-json\/wp\/v2\/product"}],"about":[{"href":"https:\/\/gpl-love.com\/fr\/wp-json\/wp\/v2\/types\/product"}],"replies":[{"embeddable":true,"href":"https:\/\/gpl-love.com\/fr\/wp-json\/wp\/v2\/comments?post=116215"}],"wp:featuredmedia":[{"embeddable":true,"href":"https:\/\/gpl-love.com\/fr\/wp-json\/wp\/v2\/media\/144062"}],"wp:attachment":[{"href":"https:\/\/gpl-love.com\/fr\/wp-json\/wp\/v2\/media?parent=116215"}],"wp:term":[{"taxonomy":"product_brand","embeddable":true,"href":"https:\/\/gpl-love.com\/fr\/wp-json\/wp\/v2\/product_brand?post=116215"},{"taxonomy":"product_cat","embeddable":true,"href":"https:\/\/gpl-love.com\/fr\/wp-json\/wp\/v2\/product_cat?post=116215"},{"taxonomy":"product_tag","embeddable":true,"href":"https:\/\/gpl-love.com\/fr\/wp-json\/wp\/v2\/product_tag?post=116215"}],"curies":[{"name":"wp","href":"https:\/\/api.w.org\/{rel}","templated":true}]}}