{"id":116213,"date":"2026-01-12T00:00:00","date_gmt":"2026-01-11T23:00:00","guid":{"rendered":"http:\/\/gpl-love.com\/fr\/produit\/gravity-forms-chained-selects\/"},"modified":"2026-03-20T23:17:41","modified_gmt":"2026-03-20T22:17:41","slug":"gravity-forms-chained-selects","status":"publish","type":"product","link":"https:\/\/gpl-love.com\/fr\/produit\/gravity-forms-chained-selects\/","title":{"rendered":"Gravity Forms Chained Selects 1.8.1"},"content":{"rendered":"<h3>Gravity Forms Chained Selects Traits<\/h3>\n<p>Gravity Forms Stadel S\u00e9lections est un plugin incroyablement innovant et exceptionnellement puissant qui a \u00e9t\u00e9 m\u00e9ticuleusement con\u00e7u pour am\u00e9liorer et acc\u00e9l\u00e9rer consid\u00e9rablement le processus de cr\u00e9ation de formulaire sur les sites Web WordPress. Cet outil remarquable permet aux utilisateurs de fabriquer sans effort des formulaires avanc\u00e9s qui pr\u00e9sentent des champs interconnect\u00e9s ou traqueurs, facilitant ainsi la gestion facile des ensembles de donn\u00e9es complexes et la collecte d&rsquo;informations tr\u00e8s pr\u00e9cises et pr\u00e9cises de leur public estim\u00e9. De plus, ce plugin fournit une interface remarquablement conviviale qui permet aux utilisateurs d&rsquo;adapter les champs de formulaire \u00e0 leurs besoins sp\u00e9cifiques et de cr\u00e9er des menus d\u00e9roulants hautement personnalis\u00e9s. En outre, il poss\u00e8de un assortiment remarquable de caract\u00e9ristiques avanc\u00e9es telles que la logique conditionnelle extr\u00eamement avantageuse, la capacit\u00e9 de g\u00e9n\u00e9rer des formes de plusieurs pages et de nombreuses autres fonctionnalit\u00e9s inestimables. Whether you are in the process of collecting invaluable survey data, efficiently processing a multitude of orders, or merely gathering essential contact information, it is unequivocally clear that the acquisition of Gravity Forms Chained Selects is an absolute necessity for any discerning WordPress website owner who fervently d\u00e9sire rationaliser et acc\u00e9l\u00e9rer consid\u00e9rablement leur processus de construction de forme \u00e0 de nouveaux sommets sans pr\u00e9c\u00e9dent.<\/p>\n<ul>\n<li>Plugin pour le plugin populaire des formulaires Gravity<\/li>\n<li>Permet une cr\u00e9ation facile de champs de s\u00e9lection dynamique<\/li>\n<li>D\u00e9finir les d\u00e9pendances entre les champs s\u00e9lectionn\u00e9s<\/li>\n<li>Choisissez parmi plusieurs types de champs s\u00e9lectionn\u00e9s, y compris les d\u00e9parts et les boutons radio<\/li>\n<li>Cr\u00e9ez autant de niveaux de d\u00e9pendances que n\u00e9cessaire<\/li>\n<li>La logique conditionnelle permet l&rsquo;affichage de certains champs en fonction des s\u00e9lections d&rsquo;utilisateurs<\/li>\n<li>S&rsquo;int\u00e8gre facilement \u00e0 CSS pour un style personnalis\u00e9<\/li>\n<li>L&rsquo;interface intuitive permet une configuration et une personnalisation rapides<\/li>\n<li>Compatible avec tous les th\u00e8mes et versions WordPress<\/li>\n<li>Sert d&rsquo;outil puissant pour am\u00e9liorer l&rsquo;exp\u00e9rience utilisateur et augmenter les conversions sur votre site Web.<\/li>\n<\/ul>\n","protected":false},"excerpt":{"rendered":"<p>Les formes de gravit\u00e9 encha\u00een\u00e9es se pr\u00e9sentent comme un instrument incroyablement puissant pour la construction de formes multi-niveaux complexes et dynamiques dans le cadre WordPress. Gr\u00e2ce \u00e0 l&rsquo;utilisation de ce plugin ing\u00e9nieux, on peut incorporer sans effort des menus d\u00e9roulants qui subissent des modifications subordonn\u00e9es aux choix faits par l&rsquo;utilisateur, simplifiant ainsi la collecte de donn\u00e9es complexes des visiteurs \u00e0 votre site Web estim\u00e9. Que vous vous trouviez en train de d\u00e9velopper une enqu\u00eate compl\u00e8te, un questionnaire d\u00e9taill\u00e9 ou un formulaire de contact simple, il devient clairement clair que les formes de gravit\u00e9 encha\u00een\u00e9es s\u00e9lectionnent vraiment la libert\u00e9 et la domination autoritaires sans pr\u00e9c\u00e9dent n\u00e9cessaire pour produire une forme enti\u00e8rement \u00e0 couture \u00e0 vos exigences pr\u00e9cises et particuli\u00e8res. Par cons\u00e9quent, il semble tout \u00e0 fait incongru de se contenter d&rsquo;une forme qui reste imperm\u00e9able \u00e0 changer et stagnant dans un \u00e9tat de staticit\u00e9 implacable lorsque l&rsquo;on peut opter activement pour le potentiel transformateur qui vient de pair avec des formes de gravit\u00e9 encha\u00een\u00e9es, faisant ainsi entendre dans un Niveau d&rsquo;engagement et d&rsquo;interactivit\u00e9 accrus qui ne captiveront pas et ne saisissent pas votre public estim\u00e9.<\/p>\n","protected":false},"featured_media":144061,"comment_status":"open","ping_status":"open","template":"","meta":[],"product_brand":[2565],"product_cat":[1189,1181,1186],"product_tag":[1275],"class_list":{"0":"post-116213","1":"product","2":"type-product","3":"status-publish","4":"has-post-thumbnail","6":"product_brand-gravityforms","7":"product_cat-personnalisation","8":"product_cat-plugins","9":"product_cat-wordpress-plugins","10":"product_tag-gravityforms","11":"member-discount","12":"discount-restricted","14":"first","15":"instock","16":"sale","17":"downloadable","18":"virtual","19":"sold-individually","20":"purchasable","21":"product-type-simple"},"_links":{"self":[{"href":"https:\/\/gpl-love.com\/fr\/wp-json\/wp\/v2\/product\/116213","targetHints":{"allow":["GET"]}}],"collection":[{"href":"https:\/\/gpl-love.com\/fr\/wp-json\/wp\/v2\/product"}],"about":[{"href":"https:\/\/gpl-love.com\/fr\/wp-json\/wp\/v2\/types\/product"}],"replies":[{"embeddable":true,"href":"https:\/\/gpl-love.com\/fr\/wp-json\/wp\/v2\/comments?post=116213"}],"wp:featuredmedia":[{"embeddable":true,"href":"https:\/\/gpl-love.com\/fr\/wp-json\/wp\/v2\/media\/144061"}],"wp:attachment":[{"href":"https:\/\/gpl-love.com\/fr\/wp-json\/wp\/v2\/media?parent=116213"}],"wp:term":[{"taxonomy":"product_brand","embeddable":true,"href":"https:\/\/gpl-love.com\/fr\/wp-json\/wp\/v2\/product_brand?post=116213"},{"taxonomy":"product_cat","embeddable":true,"href":"https:\/\/gpl-love.com\/fr\/wp-json\/wp\/v2\/product_cat?post=116213"},{"taxonomy":"product_tag","embeddable":true,"href":"https:\/\/gpl-love.com\/fr\/wp-json\/wp\/v2\/product_tag?post=116213"}],"curies":[{"name":"wp","href":"https:\/\/api.w.org\/{rel}","templated":true}]}}