{"id":116211,"date":"2025-03-20T00:00:00","date_gmt":"2025-03-19T23:00:00","guid":{"rendered":"http:\/\/gpl-love.com\/fr\/produit\/gravity-forms-capsule-crm-addon\/"},"modified":"2026-03-20T23:17:40","modified_gmt":"2026-03-20T22:17:40","slug":"gravity-forms-capsule-crm-addon","status":"publish","type":"product","link":"https:\/\/gpl-love.com\/fr\/produit\/gravity-forms-capsule-crm-addon\/","title":{"rendered":"Gravity Forms Capsule CRM Addon 1.8.0"},"content":{"rendered":"<h3>Gravity Forms Capsule CRM Addon Traits<\/h3>\n<p>La gravit\u00e9 des formulaires Capsule CRM Addon, un outil robuste m\u00e9ticuleusement con\u00e7u pour am\u00e9liorer l&rsquo;efficacit\u00e9 de vos op\u00e9rations commerciales et simplifier les subtilit\u00e9s de la gestion des donn\u00e9es, appara\u00eet comme un atout inestimable. Gr\u00e2ce \u00e0 l&rsquo;int\u00e9gration harmonieuse des formes de gravit\u00e9 et de la capsule CRM, cet addon remarquable vous permet de capturer et de conserver sans effort les informations client vitales, de suivre avec diligence les communications et les activit\u00e9s, et m\u00eame acc\u00e9l\u00e9rer l&rsquo;automatisation de nombreuses t\u00e2ches. L&rsquo;interface utilisateur intuitive coupl\u00e9e \u00e0 sa gamme compl\u00e8te de fonctionnalit\u00e9s de pointe fusionnent de mani\u00e8re transparente pour fournir une approche in\u00e9gal\u00e9e pour g\u00e9rer efficacement les donn\u00e9es de votre relation client, optimisant par cons\u00e9quent votre flux de travail et renfor\u00e7ant consid\u00e9rablement votre productivit\u00e9 globale. Que vous soyez propri\u00e9taire d&rsquo;une entreprise modeste ou d&rsquo;un professionnel de marketing chevronn\u00e9, ce formidable addon sert de solution par excellence pour affiner vos efforts de vente et de marketing tout en simplifiant simultan\u00e9ment la t\u00e2che ardue de g\u00e9rer votre client\u00e8le ch\u00e9ri.<\/p>\n<ul>\n<li>Int\u00e9gration transparente entre les formes de gravit\u00e9 et la capsule CRM<\/li>\n<li>Synchroniser automatiquement les soumissions de formulaires avec Capsule CRM<\/li>\n<li>Pas besoin de saisie manuelle des donn\u00e9es<\/li>\n<li>\u00c9liminez les chances d&rsquo;erreurs et de doublons<\/li>\n<li>Map Form Fields Aux champs correspondants dans Capsule CRM<\/li>\n<li>Utilisez des balises pour classer les soumissions de formulaires dans Capsule CRM<\/li>\n<li>Cr\u00e9er de nouveaux contacts ou mettre \u00e0 jour ceux existants avec des donn\u00e9es de formulaire<\/li>\n<li>Utiliser les champs personnalis\u00e9s dans Capsule CRM pour la collecte de donn\u00e9es suppl\u00e9mentaires<\/li>\n<li>Augmenter l&rsquo;efficacit\u00e9 et les \u00e9conomies de temps dans la gestion des donn\u00e9es<\/li>\n<li>Am\u00e9liorez les processus de g\u00e9n\u00e9ration de leads et de gestion des clients.<\/li>\n<\/ul>\n","protected":false},"excerpt":{"rendered":"<p>L&rsquo;addon Capsule Capsule Capsule est un outil incroyablement puissant et efficace qui a \u00e9t\u00e9 m\u00e9ticuleusement con\u00e7u pour optimiser et acc\u00e9l\u00e9rer vos efforts de gestion de votre relation client. En int\u00e9grant de mani\u00e8re transparente cet addon dans votre configuration existante, vous b\u00e9n\u00e9ficiez de l&rsquo;avantage inestimable de l&rsquo;importation sans effort de soumissions de formulaires \u00e0 partir des formulaires de gravit\u00e9 directement dans votre compte CRM de capsule. Par cons\u00e9quent, cette caract\u00e9ristique inestimable minimise consid\u00e9rablement le potentiel d&rsquo;erreurs de saisie des donn\u00e9es manuelles et lib\u00e8re simultan\u00e9ment une quantit\u00e9 substantielle de votre temps pr\u00e9cieux. De plus, cette int\u00e9gration r\u00e9volutionnaire consolide efficacement tous vos contacts indispensables et conduisez des donn\u00e9es dans un emplacement commod\u00e9ment centralis\u00e9, simplifiant ainsi la t\u00e2che ardue de surveiller et d&rsquo;analyser les prospects tout au long du cycle de vente complexe. De plus, cet outil exceptionnel vous permet \u00e9galement de nourrir avec diligence lesdits prospects en d\u00e9ployant des messages marketing sp\u00e9cialement adapt\u00e9s, ce qui peut amplifier consid\u00e9rablement vos chances de conclure finalement des accords plus lucratifs. Sans aucun doute, si vous cherchez un moyen d&rsquo;augmenter vos capacit\u00e9s CRM actuelles et d&rsquo;optimiser votre flux de travail, la capsule de gravit\u00e9 Capsule CRM Addon m\u00e9rite sans \u00e9quivoque une place pro\u00e9minente dans votre arsenal d&rsquo;outils indispensables.<\/p>\n","protected":false},"featured_media":144060,"comment_status":"open","ping_status":"open","template":"","meta":[],"product_brand":[2565],"product_cat":[1189,1181,1186],"product_tag":[1275],"class_list":{"0":"post-116211","1":"product","2":"type-product","3":"status-publish","4":"has-post-thumbnail","6":"product_brand-gravityforms","7":"product_cat-personnalisation","8":"product_cat-plugins","9":"product_cat-wordpress-plugins","10":"product_tag-gravityforms","11":"member-discount","12":"discount-restricted","14":"first","15":"instock","16":"sale","17":"downloadable","18":"virtual","19":"sold-individually","20":"purchasable","21":"product-type-simple"},"_links":{"self":[{"href":"https:\/\/gpl-love.com\/fr\/wp-json\/wp\/v2\/product\/116211","targetHints":{"allow":["GET"]}}],"collection":[{"href":"https:\/\/gpl-love.com\/fr\/wp-json\/wp\/v2\/product"}],"about":[{"href":"https:\/\/gpl-love.com\/fr\/wp-json\/wp\/v2\/types\/product"}],"replies":[{"embeddable":true,"href":"https:\/\/gpl-love.com\/fr\/wp-json\/wp\/v2\/comments?post=116211"}],"wp:featuredmedia":[{"embeddable":true,"href":"https:\/\/gpl-love.com\/fr\/wp-json\/wp\/v2\/media\/144060"}],"wp:attachment":[{"href":"https:\/\/gpl-love.com\/fr\/wp-json\/wp\/v2\/media?parent=116211"}],"wp:term":[{"taxonomy":"product_brand","embeddable":true,"href":"https:\/\/gpl-love.com\/fr\/wp-json\/wp\/v2\/product_brand?post=116211"},{"taxonomy":"product_cat","embeddable":true,"href":"https:\/\/gpl-love.com\/fr\/wp-json\/wp\/v2\/product_cat?post=116211"},{"taxonomy":"product_tag","embeddable":true,"href":"https:\/\/gpl-love.com\/fr\/wp-json\/wp\/v2\/product_tag?post=116211"}],"curies":[{"name":"wp","href":"https:\/\/api.w.org\/{rel}","templated":true}]}}