{"id":116209,"date":"2021-07-04T00:00:00","date_gmt":"2021-07-03T22:00:00","guid":{"rendered":"http:\/\/gpl-love.com\/fr\/produit\/gravity-forms-campfire\/"},"modified":"2026-03-20T23:17:39","modified_gmt":"2026-03-20T22:17:39","slug":"gravity-forms-campfire","status":"publish","type":"product","link":"https:\/\/gpl-love.com\/fr\/produit\/gravity-forms-campfire\/","title":{"rendered":"Gravity Forms Campfire 1.2.2"},"content":{"rendered":"<h3>Gravity Forms Campfire Traits<\/h3>\n<p>Gravity Forms CampFire est un plugin tr\u00e8s innovant et incroyablement utile qui r\u00e9pond aux besoins des utilisateurs qui recherchent une int\u00e9gration transparente entre leurs formulaires de gravit\u00e9 et la plate-forme de chat de feu de camp. Ce plugin remarquable agit comme un pont fiable et efficace, reliant efficacement ces deux plates-formes et permettant aux utilisateurs de recevoir sans effort des soumissions de formulaires directement dans leurs salles de chat de feu de camp d\u00e9sign\u00e9es. En tirant parti de la puissance de Gravity Forms CampFire, les utilisateurs sont autoris\u00e9s \u00e0 configurer sans effort des notifications personnalis\u00e9es et \u00e0 recevoir des alertes rapides en temps r\u00e9el chaque fois qu&rsquo;une nouvelle forme de formulaire atterrit. Ce plugin particulier est particuli\u00e8rement bien adapt\u00e9 aux \u00e9quipes qui comptent fortement sur le feu de camp pour leurs besoins en communication, car il leur offre une m\u00e9thode rationalis\u00e9e et efficace pour recevoir et g\u00e9rer leurs pr\u00e9cieuses soumissions de formulaires. En conclusion, Gravity Forms Campfire se d\u00e9marque ind\u00e9niablement comme un plugin indispensable pour les individus ou les \u00e9quipes cherchant \u00e0 am\u00e9liorer leur flux de travail et \u00e0 rationaliser consid\u00e9rablement leurs canaux de communication.<\/p>\n<ul>\n<li>Les formulaires de gravit\u00e9 simples et faciles \u00e0 utiliser pour CampFire.<\/li>\n<li>Capacit\u00e9 \u00e0 recevoir des notifications en temps r\u00e9el dans CampFire lorsqu&rsquo;un formulaire est soumis via des formulaires de gravit\u00e9.<\/li>\n<li>Param\u00e8tres de notification personnalisables pour vous assurer que vous ne recevez que les notifications qui vous importent le plus.<\/li>\n<li>Int\u00e9gration avanc\u00e9e avec les formulaires de gravit\u00e9 pour envoyer automatiquement des donn\u00e9es de soumission de formulaire \u00e0 CampFire.<\/li>\n<li>Int\u00e9grez de mani\u00e8re transparente vos formes de gravit\u00e9 et vos workflows de feu de camp pour une productivit\u00e9 et une efficacit\u00e9 accrues.<\/li>\n<li>Id\u00e9al pour les entreprises et les organisations qui cherchent \u00e0 rationaliser leur processus de soumission de formulaire et \u00e0 am\u00e9liorer la communication entre les membres de l&rsquo;\u00e9quipe.<\/li>\n<\/ul>\n","protected":false},"excerpt":{"rendered":"<p>Gravity Forms CampFire est une solution tr\u00e8s efficace et robuste qui int\u00e8gre de mani\u00e8re transparente les fonctionnalit\u00e9s des formes de gravit\u00e9 et du feu de camp. Il facilite la communication et la collaboration sans effort entre les membres de l&rsquo;\u00e9quipe. En exploitant cette int\u00e9gration, toute soumission de formulaire provoquera instantan\u00e9ment des notifications \u00e0 envoyer dans votre salle de chat de feu de camp d\u00e9sign\u00e9e, permettant ainsi un travail d&rsquo;\u00e9quipe rapide et efficace. Offrez des adieux au probl\u00e8me des soumissions de formulaires n\u00e9glig\u00e9es et de la communication fragment\u00e9e, car les formulaires Gravity Forms Camps vous aideront \u00e0 rationaliser votre flux de travail sans effort.<\/p>\n","protected":false},"featured_media":144059,"comment_status":"open","ping_status":"open","template":"","meta":[],"product_brand":[2565],"product_cat":[1189,1181,1186],"product_tag":[1275],"class_list":{"0":"post-116209","1":"product","2":"type-product","3":"status-publish","4":"has-post-thumbnail","6":"product_brand-gravityforms","7":"product_cat-personnalisation","8":"product_cat-plugins","9":"product_cat-wordpress-plugins","10":"product_tag-gravityforms","11":"member-discount","12":"discount-restricted","14":"first","15":"instock","16":"sale","17":"downloadable","18":"virtual","19":"sold-individually","20":"purchasable","21":"product-type-simple"},"_links":{"self":[{"href":"https:\/\/gpl-love.com\/fr\/wp-json\/wp\/v2\/product\/116209","targetHints":{"allow":["GET"]}}],"collection":[{"href":"https:\/\/gpl-love.com\/fr\/wp-json\/wp\/v2\/product"}],"about":[{"href":"https:\/\/gpl-love.com\/fr\/wp-json\/wp\/v2\/types\/product"}],"replies":[{"embeddable":true,"href":"https:\/\/gpl-love.com\/fr\/wp-json\/wp\/v2\/comments?post=116209"}],"wp:featuredmedia":[{"embeddable":true,"href":"https:\/\/gpl-love.com\/fr\/wp-json\/wp\/v2\/media\/144059"}],"wp:attachment":[{"href":"https:\/\/gpl-love.com\/fr\/wp-json\/wp\/v2\/media?parent=116209"}],"wp:term":[{"taxonomy":"product_brand","embeddable":true,"href":"https:\/\/gpl-love.com\/fr\/wp-json\/wp\/v2\/product_brand?post=116209"},{"taxonomy":"product_cat","embeddable":true,"href":"https:\/\/gpl-love.com\/fr\/wp-json\/wp\/v2\/product_cat?post=116209"},{"taxonomy":"product_tag","embeddable":true,"href":"https:\/\/gpl-love.com\/fr\/wp-json\/wp\/v2\/product_tag?post=116209"}],"curies":[{"name":"wp","href":"https:\/\/api.w.org\/{rel}","templated":true}]}}