{"id":116207,"date":"2023-12-22T00:00:00","date_gmt":"2023-12-21T23:00:00","guid":{"rendered":"http:\/\/gpl-love.com\/fr\/produit\/gravity-forms-campaign-monitor-addon\/"},"modified":"2026-03-20T23:17:38","modified_gmt":"2026-03-20T22:17:38","slug":"gravity-forms-campaign-monitor-addon","status":"publish","type":"product","link":"https:\/\/gpl-love.com\/fr\/produit\/gravity-forms-campaign-monitor-addon\/","title":{"rendered":"Gravity Forms Campaign Monitor Addon 4.0.0"},"content":{"rendered":"<h3>Gravity Forms Campaign Monitor Addon Traits<\/h3>\n<p>L&rsquo;addon de moniteur de campagne des formulaires Gravity s&rsquo;av\u00e8re \u00eatre un outil tr\u00e8s puissant qui rationalise et am\u00e9liore efficacement l&rsquo;efficacit\u00e9 de vos campagnes de marketing par e-mail. En int\u00e9grant de mani\u00e8re transparente vos donn\u00e9es de formulaires de gravit\u00e9 avec Campaign Monitor, cet addon facilite le processus de collecte et de gestion de votre pr\u00e9cieuse liste d&rsquo;abonn\u00e9s, r\u00e9duisant ainsi consid\u00e9rablement la charge de travail impliqu\u00e9e. De plus, l&rsquo;addon vous permet de cr\u00e9er des champs personnalis\u00e9s personnalis\u00e9s et personnalis\u00e9s dans Campaign Monitor, en vous assurant de rassembler les informations pr\u00e9cises et pertinentes de vos abonn\u00e9s. B\u00e9n\u00e9ficiant d&rsquo;un vaste \u00e9ventail de fonctionnalit\u00e9s, cet addon comprend la capacit\u00e9 d&rsquo;envoyer des e-mails cibl\u00e9s, de surveiller et d&rsquo;\u00e9valuer m\u00e9ticuleusement les performances de vos campagnes et m\u00eame d&rsquo;automatiser vos efforts de marketing par e-mail. Avec l&rsquo;addon de moniteur de campagne Gravity Forms \u00e0 votre disposition, le domaine de vos entreprises de marketing par e-mail s&rsquo;\u00e9l\u00e8ve \u00e0 des hauteurs sans pr\u00e9c\u00e9dent, vous permettant d&rsquo;atteindre des r\u00e9sultats sup\u00e9rieurs et de lib\u00e9rer le plein potentiel de vos campagnes.<\/p>\n<ul>\n<li>Int\u00e8gre de mani\u00e8re transparente les formulaires de gravit\u00e9 et le moniteur de campagne<\/li>\n<li>Permet une synchronisation facile des listes de contacts<\/li>\n<li>Permet la cr\u00e9ation automatique de la liste des abonn\u00e9s \u00e0 partir des entr\u00e9es de formulaire<\/li>\n<li>Prend en charge des balises, des champs et des groupes personnalisables pour les informations d&rsquo;abonn\u00e9<\/li>\n<li>Fournit des rapports et des analyses en temps r\u00e9el pour les campagnes de moniteur de campagne<\/li>\n<li>Permet des campagnes de marketing par e-mail sans tracas \u00e0 partir de formes de gravit\u00e9<\/li>\n<li>Prend en charge la segmentation automatis\u00e9e des listes d&rsquo;abonn\u00e9s en fonction des donn\u00e9es de formulaire<\/li>\n<li>Permet des e-mails personnalis\u00e9s et du marketing cibl\u00e9 sur la base des donn\u00e9es des abonn\u00e9s.<\/li>\n<\/ul>\n","protected":false},"excerpt":{"rendered":"<p>L&rsquo;addition de moniteur de campagne Gravity Forms est un outil extr\u00eamement puissant qui facilite efficacement l&rsquo;int\u00e9gration transparente de votre plugin de formulaires de gravit\u00e9 avec votre compte de marketing par e-mail de moniteur de campagne. Gr\u00e2ce \u00e0 l&rsquo;utilisation de cet addon inestimable, vous obtiendrez la possibilit\u00e9 de g\u00e9n\u00e9rer et de superviser sans effort les listes de diffusion de moniteurs de campagne directement \u00e0 partir de la commodit\u00e9 de votre panneau administratif WordPress, tout en garantissant l&rsquo;acquisition de donn\u00e9es utilisateur inestimables via vos formulaires de formes de gravit\u00e9 m\u00e9ticuleusement fabriqu\u00e9s. Par cons\u00e9quent, cet addon transformateur vous permet de rationaliser vos efforts de marketing avec une efficacit\u00e9 in\u00e9gal\u00e9e, vous permettant ainsi efficacement d&rsquo;optimiser l&rsquo;\u00e9tendue de votre port\u00e9e avec une efficacit\u00e9 et une comp\u00e9tence sans pr\u00e9c\u00e9dent.<\/p>\n","protected":false},"featured_media":144058,"comment_status":"open","ping_status":"open","template":"","meta":[],"product_brand":[2565],"product_cat":[1207,1181,1186],"product_tag":[1275],"class_list":{"0":"post-116207","1":"product","2":"type-product","3":"status-publish","4":"has-post-thumbnail","6":"product_brand-gravityforms","7":"product_cat-commercialisation-wordpress-plugins","8":"product_cat-plugins","9":"product_cat-wordpress-plugins","10":"product_tag-gravityforms","11":"member-discount","12":"discount-restricted","14":"first","15":"instock","16":"sale","17":"downloadable","18":"virtual","19":"sold-individually","20":"purchasable","21":"product-type-simple"},"_links":{"self":[{"href":"https:\/\/gpl-love.com\/fr\/wp-json\/wp\/v2\/product\/116207","targetHints":{"allow":["GET"]}}],"collection":[{"href":"https:\/\/gpl-love.com\/fr\/wp-json\/wp\/v2\/product"}],"about":[{"href":"https:\/\/gpl-love.com\/fr\/wp-json\/wp\/v2\/types\/product"}],"replies":[{"embeddable":true,"href":"https:\/\/gpl-love.com\/fr\/wp-json\/wp\/v2\/comments?post=116207"}],"wp:featuredmedia":[{"embeddable":true,"href":"https:\/\/gpl-love.com\/fr\/wp-json\/wp\/v2\/media\/144058"}],"wp:attachment":[{"href":"https:\/\/gpl-love.com\/fr\/wp-json\/wp\/v2\/media?parent=116207"}],"wp:term":[{"taxonomy":"product_brand","embeddable":true,"href":"https:\/\/gpl-love.com\/fr\/wp-json\/wp\/v2\/product_brand?post=116207"},{"taxonomy":"product_cat","embeddable":true,"href":"https:\/\/gpl-love.com\/fr\/wp-json\/wp\/v2\/product_cat?post=116207"},{"taxonomy":"product_tag","embeddable":true,"href":"https:\/\/gpl-love.com\/fr\/wp-json\/wp\/v2\/product_tag?post=116207"}],"curies":[{"name":"wp","href":"https:\/\/api.w.org\/{rel}","templated":true}]}}