{"id":116205,"date":"2024-05-17T00:00:00","date_gmt":"2024-05-16T22:00:00","guid":{"rendered":"http:\/\/gpl-love.com\/fr\/produit\/gravity-forms-breeze-addon\/"},"modified":"2026-03-20T23:17:38","modified_gmt":"2026-03-20T22:17:38","slug":"gravity-forms-breeze-addon","status":"publish","type":"product","link":"https:\/\/gpl-love.com\/fr\/produit\/gravity-forms-breeze-addon\/","title":{"rendered":"Gravity Forms Breeze Addon 1.6.0"},"content":{"rendered":"<h3>Gravity Forms Breeze Addon Traits<\/h3>\n<p>L&rsquo;addon Breeze Forms Gravity est un instrument extr\u00eamement capable et convivial qui est sp\u00e9cialement con\u00e7u pour am\u00e9liorer les performances et la vitesse de votre site Web WordPress. En utilisant cet addon remarquable, vous pouvez optimiser le temps de chargement de vos formulaires de gravit\u00e9 en compressant efficacement leurs fichiers CSS et JavaScript. Par cons\u00e9quent, cela conduit \u00e0 un site Web qui fonctionne \u00e0 un rythme plus rapide, offrant une exp\u00e9rience utilisateur am\u00e9lior\u00e9e, ainsi que le renforcement de votre classement de moteur de recherche. De plus, la Breeze Addon fournit des notifications en temps r\u00e9el pour les soumissions de formulaires, vous accordant la possibilit\u00e9 de r\u00e9pondre rapidement \u00e0 toutes les demandes faites par vos clients. Dans l&rsquo;ensemble, il peut \u00eatre indiqu\u00e9 sans \u00e9quivoque que l&rsquo;addon de brise des formulaires de gravit\u00e9 est un outil indispensable pour les personnes qui cherchent \u00e0 \u00e9lever les performances de leur site Web WordPress, tout en rationalisant simultan\u00e9ment l&rsquo;ensemble du processus de soumission de formulaire.<\/p>\n<ul>\n<li>Simplifie le processus de cr\u00e9ation et de gestion des entr\u00e9es de formulaires de gravit\u00e9<\/li>\n<li>Permet aux utilisateurs de personnaliser facilement les notifications par e-mail envoy\u00e9es pour former des soumissionnaires<\/li>\n<li>Fournit un emplacement centralis\u00e9 pour visualiser et g\u00e9rer toutes les entr\u00e9es de formulaires de gravit\u00e9<\/li>\n<li>Permet un filtrage facile et une recherche de candidatures en fonction de crit\u00e8res sp\u00e9cifiques<\/li>\n<li>Facilite les exportations de donn\u00e9es rapides et faciles dans divers formats de fichiers<\/li>\n<li>Offre des mesures de s\u00e9curit\u00e9 am\u00e9lior\u00e9es pour prot\u00e9ger les donn\u00e9es des utilisateurs<\/li>\n<li>Fournit une interface conviviale pour g\u00e9rer les formulaires et les entr\u00e9es<\/li>\n<li>Compatible avec la plupart des plugins et des extensions de formes de gravit\u00e9<\/li>\n<li>R\u00e9guli\u00e8rement mis \u00e0 jour avec de nouvelles fonctionnalit\u00e9s et corrections de bogues<\/li>\n<li>Offre un support client d\u00e9di\u00e9 aux utilisateurs ayant des probl\u00e8mes ou des questions.<\/li>\n<\/ul>\n","protected":false},"excerpt":{"rendered":"<p>La Gravity Forms Breeze Addon, un plugin WordPress robuste, amplifie les capacit\u00e9s du plugin Gravity Forms en incorporant un tableau de fonctionnalit\u00e9s sophistiqu\u00e9es, y compris des notifications en temps r\u00e9el, une logique conditionnelle, des calculs complexes et une soumission de forme bas\u00e9e sur l&rsquo;AJAX. En int\u00e9grant l&rsquo;addon Breeze, vos formulaires peuvent \u00eatre optimis\u00e9s et rendus plus efficaces et ax\u00e9s sur l&rsquo;utilisateur, ce qui entra\u00eene des conversions am\u00e9lior\u00e9es et une exp\u00e9rience utilisateur \u00e9lev\u00e9e. Que vous op\u00e9rez un site Web de commerce \u00e9lectronique, un blog ou un portail d&rsquo;entreprise, l&rsquo;indispensabilit\u00e9 des formes de gravit\u00e9 Breeze Addon est ind\u00e9niable pour les personnes cherchant \u00e0 \u00e9lever leurs formulaires \u00e0 des hauteurs sans pr\u00e9c\u00e9dent.<\/p>\n","protected":false},"featured_media":144057,"comment_status":"open","ping_status":"open","template":"","meta":[],"product_brand":[2565],"product_cat":[1189,1181,1186],"product_tag":[1275],"class_list":{"0":"post-116205","1":"product","2":"type-product","3":"status-publish","4":"has-post-thumbnail","6":"product_brand-gravityforms","7":"product_cat-personnalisation","8":"product_cat-plugins","9":"product_cat-wordpress-plugins","10":"product_tag-gravityforms","11":"member-discount","12":"discount-restricted","14":"first","15":"instock","16":"sale","17":"downloadable","18":"virtual","19":"sold-individually","20":"purchasable","21":"product-type-simple"},"_links":{"self":[{"href":"https:\/\/gpl-love.com\/fr\/wp-json\/wp\/v2\/product\/116205","targetHints":{"allow":["GET"]}}],"collection":[{"href":"https:\/\/gpl-love.com\/fr\/wp-json\/wp\/v2\/product"}],"about":[{"href":"https:\/\/gpl-love.com\/fr\/wp-json\/wp\/v2\/types\/product"}],"replies":[{"embeddable":true,"href":"https:\/\/gpl-love.com\/fr\/wp-json\/wp\/v2\/comments?post=116205"}],"wp:featuredmedia":[{"embeddable":true,"href":"https:\/\/gpl-love.com\/fr\/wp-json\/wp\/v2\/media\/144057"}],"wp:attachment":[{"href":"https:\/\/gpl-love.com\/fr\/wp-json\/wp\/v2\/media?parent=116205"}],"wp:term":[{"taxonomy":"product_brand","embeddable":true,"href":"https:\/\/gpl-love.com\/fr\/wp-json\/wp\/v2\/product_brand?post=116205"},{"taxonomy":"product_cat","embeddable":true,"href":"https:\/\/gpl-love.com\/fr\/wp-json\/wp\/v2\/product_cat?post=116205"},{"taxonomy":"product_tag","embeddable":true,"href":"https:\/\/gpl-love.com\/fr\/wp-json\/wp\/v2\/product_tag?post=116205"}],"curies":[{"name":"wp","href":"https:\/\/api.w.org\/{rel}","templated":true}]}}