{"id":116203,"date":"2021-07-04T00:00:00","date_gmt":"2021-07-03T22:00:00","guid":{"rendered":"http:\/\/gpl-love.com\/fr\/produit\/gravity-forms-batchbook-addon\/"},"modified":"2026-03-20T23:17:37","modified_gmt":"2026-03-20T22:17:37","slug":"gravity-forms-batchbook-addon","status":"publish","type":"product","link":"https:\/\/gpl-love.com\/fr\/produit\/gravity-forms-batchbook-addon\/","title":{"rendered":"Gravity Forms Batchbook Addon 1.3"},"content":{"rendered":"<h3>Gravity Forms Batchbook Addon Traits<\/h3>\n<p>La Gravity Forms Batchbook Addon, un outil indispensable pour les entreprises cherchant \u00e0 optimiser leur gestion de la relation client, sert \u00e0 int\u00e9grer de mani\u00e8re transparente les formulaires de gravit\u00e9 avec BatchBook, un syst\u00e8me de gestion client robuste. Au moyen de ce plugin, on peut collecter sans effort les prospects et les informations des clients directement sur leur site Web, en fin de compte en importation dedites donn\u00e9es dans BatchBook. Cela fournit non seulement un avantage de r\u00e9duction du temps, mais assure \u00e9galement la pr\u00e9cision et la monnaie des donn\u00e9es des clients. De plus, cet addon permet aux utilisateurs de g\u00e9n\u00e9rer des champs personnalis\u00e9s dans BatchBook qui s&rsquo;alignent avec des formulaires sp\u00e9cifiques dans les formulaires de gravit\u00e9, simplifiant ainsi l&rsquo;organisation et la segmentation des donn\u00e9es clients. En r\u00e9sum\u00e9, la gravit\u00e9 des formulaires Batchbook Addon est une ressource essentielle pour les entreprises qui cherchent \u00e0 am\u00e9liorer leurs processus de gestion des clients.<\/p>\n<ul>\n<li>Int\u00e8gre de mani\u00e8re transparente les formulaires de gravit\u00e9 avec BatchBook, un syst\u00e8me de gestion de la relation client populaire.<\/li>\n<li>Permet une cr\u00e9ation facile et automatique de nouveaux contacts dans BatchBook \u00e0 partir des soumissions de formes Gravity.<\/li>\n<li>Options de mappage personnalisables pour les champs dans les formulaires de gravit\u00e9 vers les champs de BatchBook.<\/li>\n<li>Processus de configuration simple avec des instructions claires et une interface intuitive.<\/li>\n<li>Gagasse du temps et r\u00e9duit les erreurs en synchronisant automatiquement les donn\u00e9es entre les deux syst\u00e8mes.<\/li>\n<li>Aide \u00e0 rationaliser le flux de travail en \u00e9liminant le besoin de saisie manuelle de donn\u00e9es ou d&rsquo;exportations \/ importations entre les syst\u00e8mes.<\/li>\n<li>Solution abordable et fiable pour les entreprises de diff\u00e9rentes tailles et industries.<\/li>\n<\/ul>\n","protected":false},"excerpt":{"rendered":"<p>L&rsquo;addon de lots de lots de gravit\u00e9, qui sert d&rsquo;outil inestimable pour g\u00e9rer efficacement les donn\u00e9es des clients, vous offre l&rsquo;int\u00e9gration transparente de vos formulaires de gravit\u00e9 avec BatchBook CRM. Gr\u00e2ce \u00e0 l&rsquo;utilisation de cet addon, vous \u00eates dot\u00e9 de la capacit\u00e9 pratique pour capturer sans effort de nouveaux leads et contacts de vos soumissions de formes de gravit\u00e9, les incorporant par la suite dans votre CRM de lot. De plus, l&rsquo;addon vous offre en outre la possibilit\u00e9 d&rsquo;am\u00e9liorer vos contacts existants dans BatchBook gr\u00e2ce \u00e0 l&rsquo;int\u00e9gration de nouvelles informations d\u00e9riv\u00e9es de vos soumissions de formulaires de gravit\u00e9. En rationalisant votre flux de travail et en \u00e9radiquant la n\u00e9cessit\u00e9 d&rsquo;une entr\u00e9e de donn\u00e9es manuelle laborieuse, cet addon se r\u00e9v\u00e8le sans aucun doute \u00eatre un atout de r\u00e9duction du temps, que vous op\u00e9rez une entreprise \u00e0 petite \u00e9chelle ou un conglom\u00e9rat tentaculaire.<\/p>\n","protected":false},"featured_media":144056,"comment_status":"open","ping_status":"open","template":"","meta":[],"product_brand":[2565],"product_cat":[1207,1181,1186],"product_tag":[1275],"class_list":{"0":"post-116203","1":"product","2":"type-product","3":"status-publish","4":"has-post-thumbnail","6":"product_brand-gravityforms","7":"product_cat-commercialisation-wordpress-plugins","8":"product_cat-plugins","9":"product_cat-wordpress-plugins","10":"product_tag-gravityforms","11":"member-discount","12":"discount-restricted","14":"first","15":"instock","16":"sale","17":"downloadable","18":"virtual","19":"sold-individually","20":"purchasable","21":"product-type-simple"},"_links":{"self":[{"href":"https:\/\/gpl-love.com\/fr\/wp-json\/wp\/v2\/product\/116203","targetHints":{"allow":["GET"]}}],"collection":[{"href":"https:\/\/gpl-love.com\/fr\/wp-json\/wp\/v2\/product"}],"about":[{"href":"https:\/\/gpl-love.com\/fr\/wp-json\/wp\/v2\/types\/product"}],"replies":[{"embeddable":true,"href":"https:\/\/gpl-love.com\/fr\/wp-json\/wp\/v2\/comments?post=116203"}],"wp:featuredmedia":[{"embeddable":true,"href":"https:\/\/gpl-love.com\/fr\/wp-json\/wp\/v2\/media\/144056"}],"wp:attachment":[{"href":"https:\/\/gpl-love.com\/fr\/wp-json\/wp\/v2\/media?parent=116203"}],"wp:term":[{"taxonomy":"product_brand","embeddable":true,"href":"https:\/\/gpl-love.com\/fr\/wp-json\/wp\/v2\/product_brand?post=116203"},{"taxonomy":"product_cat","embeddable":true,"href":"https:\/\/gpl-love.com\/fr\/wp-json\/wp\/v2\/product_cat?post=116203"},{"taxonomy":"product_tag","embeddable":true,"href":"https:\/\/gpl-love.com\/fr\/wp-json\/wp\/v2\/product_tag?post=116203"}],"curies":[{"name":"wp","href":"https:\/\/api.w.org\/{rel}","templated":true}]}}