{"id":116201,"date":"2025-05-10T00:00:00","date_gmt":"2025-05-09T22:00:00","guid":{"rendered":"http:\/\/gpl-love.com\/fr\/produit\/gravity-forms-agile-crm-addon\/"},"modified":"2026-03-20T23:17:33","modified_gmt":"2026-03-20T22:17:33","slug":"gravity-forms-agile-crm-addon","status":"publish","type":"product","link":"https:\/\/gpl-love.com\/fr\/produit\/gravity-forms-agile-crm-addon\/","title":{"rendered":"Gravity Forms Agile CRM Addon 1.6.0"},"content":{"rendered":"<h3>Gravity Forms Agile CRM Addon Traits<\/h3>\n<p>L&rsquo;addon CRM Agile CRM, un outil robuste et influent, vous fournit l&rsquo;int\u00e9gration transparente des formes de gravit\u00e9 et du CRM agile. Gr\u00e2ce \u00e0 l&rsquo;utilisation de cet addon, vous avez la capacit\u00e9 de collecter sans effort les informations de contact et de leads via vos formulaires de gravit\u00e9 et de les transf\u00e9rer efficacement sur votre compte CRM Agile. Cet addon garantit la pr\u00e9cision et la rapidit\u00e9 de vos donn\u00e9es, ce qui, \u00e0 son tour, vous \u00e9pargne le temps et les efforts pr\u00e9cieux lorsqu&rsquo;il s&rsquo;agit de g\u00e9rer votre gestion de la relation client. De plus, cet addon vous offre la possibilit\u00e9 de cr\u00e9er des champs et des \u00e9tiquettes personnalis\u00e9s, facilitant ainsi l&rsquo;organisation et le ciblage de prospects sp\u00e9cifiques dans vos donn\u00e9es. En utilisant l&rsquo;addon Agile CRM Forms Agile, vous pouvez rationaliser votre processus de g\u00e9n\u00e9ration de leads et de gestion, vous permettant en fin de compte de vous concentrer sur la culture de connexions robustes et significatives avec vos pr\u00e9cieux clients.<\/p>\n<ul>\n<li>Int\u00e9gration transparente entre les formes de gravit\u00e9 et le CRM agile<\/li>\n<li>Gestion des contacts rationalis\u00e9s avec cr\u00e9ation automatique et mise \u00e0 jour des contacts dans Agile CRM<\/li>\n<li>Personnalisation facile des champs de formulaire et cartographie sur les champs CRM agiles<\/li>\n<li>Capture de plomb en temps r\u00e9el et suivi de la conversion<\/li>\n<li>Options de routage de plomb avanc\u00e9 pour la distribution automatique \u00e0 votre \u00e9quipe de vente<\/li>\n<li>S\u00e9quences de suivi automatis\u00e9es bas\u00e9es sur les soumissions de formulaires<\/li>\n<li>Des rapports et des analyses robustes pour suivre les soumissions de formulaires, les sources de plomb, et plus encore<\/li>\n<li>Interface conviviale et processus de configuration simple<\/li>\n<li>Mises \u00e0 jour r\u00e9guli\u00e8res et soutien de l&rsquo;\u00e9quipe des formulaires Gravity<\/li>\n<li>Compatible avec le plugin Gravity Forms et la plate-forme CRM Agile.<\/li>\n<\/ul>\n","protected":false},"excerpt":{"rendered":"<p>L&rsquo;addon CRM Agile CRM est un outil d&rsquo;int\u00e9gration impressionnant qui a \u00e9t\u00e9 sp\u00e9cifiquement con\u00e7u pour optimiser et am\u00e9liorer votre flux de travail en \u00e9tablissant de mani\u00e8re transparente une connexion entre les formes de gravit\u00e9 et le CRM agile. En tirant parti des capacit\u00e9s de cet addon, vous \u00eates autoris\u00e9 \u00e0 transf\u00e9rer sans effort toutes les donn\u00e9es pr\u00e9cieuses qui sont collect\u00e9es via des formulaires de gravit\u00e9 et \u00e0 les canaliser directement dans votre compte CRM Agile, rationalisant et acc\u00e9l\u00e9rant ainsi efficacement vos processus de gestion de la relation client. Peu importe que vous vous concentriez dans la g\u00e9n\u00e9ration de leads, les ventes ou le service client, la gravit\u00e9 remarquable forme Agile CRM Addon est l\u00e0 pour vous aider \u00e0 capturer, nourrir et, finalement, convertir vos prospects en clients fid\u00e8les et d\u00e9vou\u00e9s. Nous vous implorons de l&rsquo;essayer aujourd&rsquo;hui et de nous pr\u00e9lasser dans l&rsquo;efficacit\u00e9 in\u00e9gal\u00e9e, un engagement client sup\u00e9rieur et des b\u00e9n\u00e9fices accrus qu&rsquo;il promet de livrer.<\/p>\n","protected":false},"featured_media":144052,"comment_status":"open","ping_status":"open","template":"","meta":[],"product_brand":[2565],"product_cat":[1207,1181,1186],"product_tag":[1275],"class_list":{"0":"post-116201","1":"product","2":"type-product","3":"status-publish","4":"has-post-thumbnail","6":"product_brand-gravityforms","7":"product_cat-commercialisation-wordpress-plugins","8":"product_cat-plugins","9":"product_cat-wordpress-plugins","10":"product_tag-gravityforms","11":"member-discount","12":"discount-restricted","14":"first","15":"instock","16":"sale","17":"downloadable","18":"virtual","19":"sold-individually","20":"purchasable","21":"product-type-simple"},"_links":{"self":[{"href":"https:\/\/gpl-love.com\/fr\/wp-json\/wp\/v2\/product\/116201","targetHints":{"allow":["GET"]}}],"collection":[{"href":"https:\/\/gpl-love.com\/fr\/wp-json\/wp\/v2\/product"}],"about":[{"href":"https:\/\/gpl-love.com\/fr\/wp-json\/wp\/v2\/types\/product"}],"replies":[{"embeddable":true,"href":"https:\/\/gpl-love.com\/fr\/wp-json\/wp\/v2\/comments?post=116201"}],"wp:featuredmedia":[{"embeddable":true,"href":"https:\/\/gpl-love.com\/fr\/wp-json\/wp\/v2\/media\/144052"}],"wp:attachment":[{"href":"https:\/\/gpl-love.com\/fr\/wp-json\/wp\/v2\/media?parent=116201"}],"wp:term":[{"taxonomy":"product_brand","embeddable":true,"href":"https:\/\/gpl-love.com\/fr\/wp-json\/wp\/v2\/product_brand?post=116201"},{"taxonomy":"product_cat","embeddable":true,"href":"https:\/\/gpl-love.com\/fr\/wp-json\/wp\/v2\/product_cat?post=116201"},{"taxonomy":"product_tag","embeddable":true,"href":"https:\/\/gpl-love.com\/fr\/wp-json\/wp\/v2\/product_tag?post=116201"}],"curies":[{"name":"wp","href":"https:\/\/api.w.org\/{rel}","templated":true}]}}