{"id":116199,"date":"2025-07-19T00:00:00","date_gmt":"2025-07-18T22:00:00","guid":{"rendered":"http:\/\/gpl-love.com\/fr\/produit\/gravity-forms-active-campaign-addon\/"},"modified":"2026-03-20T23:17:31","modified_gmt":"2026-03-20T22:17:31","slug":"gravity-forms-active-campaign-addon","status":"publish","type":"product","link":"https:\/\/gpl-love.com\/fr\/produit\/gravity-forms-active-campaign-addon\/","title":{"rendered":"Gravity Forms Active Campaign Addon 2.2.0"},"content":{"rendered":"<h3>Gravity Forms Active Campaign Addon Traits<\/h3>\n<p>La gravit\u00e9 des formulaires Addon de campagne active, un outil tr\u00e8s robuste et puissant, vous permet d&rsquo;amalgame sans effort vos formulaires de gravit\u00e9 avec une campagne active. En utilisant cet addon, vous pouvez sans effort amasser et r\u00e9guler les prospects, concevoir des formulaires personnalis\u00e9s et m\u00e9caniser vos campagnes de marketing par e-mail. Le processus d&rsquo;int\u00e9gration est simple et direct, vous offrant la possibilit\u00e9 d&rsquo;adapter vos formulaires pour s&rsquo;aligner harmonieusement avec votre marque et votre messagerie. Cet addon comprend un tableau de fonctionnalit\u00e9s remarquables, telles que la logique conditionnelle, les formulaires de plusieurs pages et les notifications par e-mail, ce qui en fait une solution id\u00e9ale pour les entreprises de toutes les amplitudes. Essentiellement, la gravit\u00e9 des formulaires de campagne active est un atout indispensable pour ceux qui cherchent \u00e0 rationaliser leurs efforts de g\u00e9n\u00e9ration de leads et de marketing par e-mail.<\/p>\n<ul>\n<li>Int\u00e8gre de mani\u00e8re transparente les formes de gravit\u00e9 et la campagne active<\/li>\n<li>Permet le transfert automatique des soumissions de formulaires dans une campagne active<\/li>\n<li>Permet la cr\u00e9ation de workflows d&rsquo;automatisation avanc\u00e9s en fonction des soumissions de formulaires<\/li>\n<li>Augmente l&rsquo;efficacit\u00e9 en r\u00e9duisant le besoin de saisie manuelle de donn\u00e9es<\/li>\n<li>Fournit des informations pr\u00e9cieuses sur les tendances de soumission des formulaires gr\u00e2ce \u00e0 des rapports de campagne actifs<\/li>\n<li>Rationalise les processus de capture et de gestion du plomb pour les entreprises de toutes tailles<\/li>\n<li>Enti\u00e8rement personnalisable pour r\u00e9pondre aux besoins et aux pr\u00e9f\u00e9rences commerciales sp\u00e9cifiques<\/li>\n<li>Comprend un support robuste et des mises \u00e0 jour en cours pour garantir des performances optimales<\/li>\n<\/ul>\n","protected":false},"excerpt":{"rendered":"<p>Les formulaires de gravit\u00e9 Addon de campagne active sont un outil incroyablement robuste qui int\u00e8gre parfaitement la campagne active tr\u00e8s acclam\u00e9e avec les formulaires de gravit\u00e9 polyvalente, vous permettant ainsi de rationaliser et d&rsquo;automatiser efficacement vos campagnes marketing et de vente multiformes, ce qui entra\u00eene ainsi des \u00e9conomies de temps et d&rsquo;efforts multiples. Avec cet ing\u00e9nieux addon \u00e0 votre disposition, vous avez la capacit\u00e9 exceptionnelle de capturer et d&rsquo;acqu\u00e9rir sans effort des pistes pr\u00e9cieuses et de les envoyer instantan\u00e9ment directement \u00e0 votre compte de campagne actif estim\u00e9. De plus, vous avez la capacit\u00e9 remarquable de fabriquer et d&rsquo;adapter habilement les formes et les enqu\u00eates sur mesure, assurant une personnalisation et une pr\u00e9cision optimales. De plus, l&rsquo;addon orchestre de mani\u00e8re transparente l&rsquo;initiation de workflows automatis\u00e9s m\u00e9ticuleusement con\u00e7us, pr\u00e9disait exclusivement sur les r\u00e9ponses de l&rsquo;utilisateur individuel. Ind\u00e9pendamment de vos objectifs sp\u00e9cifiques, qu&rsquo;il s&rsquo;agisse de cultiver une all\u00e9geance in\u00e9branlable des clients, de propulser les conversions en hauteurs sans pr\u00e9c\u00e9dent, ou de fortifier vos efforts de marketing globaux, assurez-vous que cet addon extraordinaire a les capacit\u00e9s compl\u00e8tes de r\u00e9pondre \u00e0 tous vos besoins et de d\u00e9passer vos attentes les plus loft.<\/p>\n","protected":false},"featured_media":144050,"comment_status":"open","ping_status":"open","template":"","meta":[],"product_brand":[2565],"product_cat":[1207,1181,1186],"product_tag":[1275],"class_list":{"0":"post-116199","1":"product","2":"type-product","3":"status-publish","4":"has-post-thumbnail","6":"product_brand-gravityforms","7":"product_cat-commercialisation-wordpress-plugins","8":"product_cat-plugins","9":"product_cat-wordpress-plugins","10":"product_tag-gravityforms","11":"member-discount","12":"discount-restricted","14":"first","15":"instock","16":"sale","17":"downloadable","18":"virtual","19":"sold-individually","20":"purchasable","21":"product-type-simple"},"_links":{"self":[{"href":"https:\/\/gpl-love.com\/fr\/wp-json\/wp\/v2\/product\/116199","targetHints":{"allow":["GET"]}}],"collection":[{"href":"https:\/\/gpl-love.com\/fr\/wp-json\/wp\/v2\/product"}],"about":[{"href":"https:\/\/gpl-love.com\/fr\/wp-json\/wp\/v2\/types\/product"}],"replies":[{"embeddable":true,"href":"https:\/\/gpl-love.com\/fr\/wp-json\/wp\/v2\/comments?post=116199"}],"wp:featuredmedia":[{"embeddable":true,"href":"https:\/\/gpl-love.com\/fr\/wp-json\/wp\/v2\/media\/144050"}],"wp:attachment":[{"href":"https:\/\/gpl-love.com\/fr\/wp-json\/wp\/v2\/media?parent=116199"}],"wp:term":[{"taxonomy":"product_brand","embeddable":true,"href":"https:\/\/gpl-love.com\/fr\/wp-json\/wp\/v2\/product_brand?post=116199"},{"taxonomy":"product_cat","embeddable":true,"href":"https:\/\/gpl-love.com\/fr\/wp-json\/wp\/v2\/product_cat?post=116199"},{"taxonomy":"product_tag","embeddable":true,"href":"https:\/\/gpl-love.com\/fr\/wp-json\/wp\/v2\/product_tag?post=116199"}],"curies":[{"name":"wp","href":"https:\/\/api.w.org\/{rel}","templated":true}]}}