{"id":116197,"date":"2025-05-10T00:00:00","date_gmt":"2025-05-09T22:00:00","guid":{"rendered":"http:\/\/gpl-love.com\/fr\/produit\/gravity-forms-2checkout-addon\/"},"modified":"2026-03-20T23:17:30","modified_gmt":"2026-03-20T22:17:30","slug":"gravity-forms-2checkout-addon","status":"publish","type":"product","link":"https:\/\/gpl-love.com\/fr\/produit\/gravity-forms-2checkout-addon\/","title":{"rendered":"Gravity Forms 2Checkout Addon 2.4.0"},"content":{"rendered":"<h3>Gravity Forms 2Checkout Addon Traits<\/h3>\n<p>L&rsquo;addon de 2Cekout Forms Gravity est un outil incroyablement robuste et tr\u00e8s efficace qui permet aux marchands en leur accordant la possibilit\u00e9 d&rsquo;int\u00e9grer de mani\u00e8re transparente leurs activit\u00e9s de traitement de paiement en ligne avec la passerelle de paiement 2Checkout largement utilis\u00e9e et v\u00e9n\u00e9r\u00e9e. Cet addon inestimable s&rsquo;int\u00e8gre parfaitement aux formulaires de gravit\u00e9 extr\u00eamement populaires, accordant ainsi aux utilisateurs la capacit\u00e9 extraordinaire pour g\u00e9n\u00e9rer des formulaires de paiement adapt\u00e9s individuellement et en toute s\u00e9curit\u00e9 et accumuler rapidement des paiements. Through the utilization of an assortment of exceptional features, including but not limited to instantaneous payment processing, the customization of payment fields to suit specific preferences, and the automated dispatch of payment confirmation emails, this remarkable addon progressively streamlines the complex payment process, thereby facilitating et acc\u00e9l\u00e9rer les activit\u00e9s des entreprises en ligne de mani\u00e8re sans pr\u00e9c\u00e9dent. Que l&rsquo;on soit commercialis\u00e9 et vendu des produits num\u00e9riques ou des marchandises tangibles, la Gravity Forms 2Checkout Addon fournit aux commer\u00e7ants la solution ultime et par excellence \u00e0 leur qu\u00eate inflexible pour un m\u00e9canisme de traitement des paiements non compliqu\u00e9, rationalis\u00e9 et sans tracas.<\/p>\n<ul>\n<li>Int\u00e9gration transparente avec les formulaires de gravit\u00e9 et la passerelle de paiement 2Checkout<\/li>\n<li>Configuration et configuration faciles avec une interface conviviale<\/li>\n<li>Traitement des paiements s\u00e9curis\u00e9s avec la protection contre la fraude de 2Checkout et la conformit\u00e9 PCI<\/li>\n<li>Acceptez les paiements des clients du monde entier dans plusieurs devises<\/li>\n<li>Pages de paiement personnalisables pour correspondre \u00e0 votre marque et maximiser les conversions<\/li>\n<li>Surveillance et rapport des transactions en temps r\u00e9el pour un meilleur suivi et analyse<\/li>\n<li>Compatibilit\u00e9 avec un large \u00e9ventail de th\u00e8mes et de plugins WordPress pour l&rsquo;int\u00e9gration de site Web sans couture<\/li>\n<li>\u00c9quipe de support d\u00e9di\u00e9e pr\u00eate \u00e0 r\u00e9pondre \u00e0 toute question ou probl\u00e8me.<\/li>\n<\/ul>\n","protected":false},"excerpt":{"rendered":"<p>L&rsquo;addon de gravit\u00e9 2Checkout, qui est tr\u00e8s appr\u00e9ci\u00e9 pour son efficacit\u00e9, vous offre l&rsquo;int\u00e9gration transparente de vos formulaires de gravit\u00e9 avec 2Checkout, une passerelle de paiement de renomm\u00e9e mondiale. En utilisant cet addon exceptionnel, vous avez la possibilit\u00e9 de recueillir sans effort les informations des clients et d&rsquo;essayer les paiements d&rsquo;une mani\u00e8re \u00e0 la fois s\u00e9curis\u00e9e et efficace. Que vous soyez impliqu\u00e9 dans la vente de produits ou de services, cet addon sert de solution id\u00e9ale pour l&rsquo;optimisation de votre syst\u00e8me de paiement en ligne, vous offrant ainsi le luxe d&rsquo;\u00e9conomiser du temps et de l&rsquo;\u00e9nergie tout en augmentant simultan\u00e9ment vos revenus. Ne perdez pas de temps et vous lancez dans le parcours d&rsquo;am\u00e9liorer vos activit\u00e9s en ligne en vous avant-ce que cet addon inestimable aujourd&rsquo;hui!<\/p>\n","protected":false},"featured_media":144049,"comment_status":"open","ping_status":"open","template":"","meta":[],"product_brand":[2565],"product_cat":[1253,1181,1186],"product_tag":[1275],"class_list":{"0":"post-116197","1":"product","2":"type-product","3":"status-publish","4":"has-post-thumbnail","6":"product_brand-gravityforms","7":"product_cat-paiement","8":"product_cat-plugins","9":"product_cat-wordpress-plugins","10":"product_tag-gravityforms","11":"member-discount","12":"discount-restricted","14":"first","15":"instock","16":"sale","17":"downloadable","18":"virtual","19":"sold-individually","20":"purchasable","21":"product-type-simple"},"_links":{"self":[{"href":"https:\/\/gpl-love.com\/fr\/wp-json\/wp\/v2\/product\/116197","targetHints":{"allow":["GET"]}}],"collection":[{"href":"https:\/\/gpl-love.com\/fr\/wp-json\/wp\/v2\/product"}],"about":[{"href":"https:\/\/gpl-love.com\/fr\/wp-json\/wp\/v2\/types\/product"}],"replies":[{"embeddable":true,"href":"https:\/\/gpl-love.com\/fr\/wp-json\/wp\/v2\/comments?post=116197"}],"wp:featuredmedia":[{"embeddable":true,"href":"https:\/\/gpl-love.com\/fr\/wp-json\/wp\/v2\/media\/144049"}],"wp:attachment":[{"href":"https:\/\/gpl-love.com\/fr\/wp-json\/wp\/v2\/media?parent=116197"}],"wp:term":[{"taxonomy":"product_brand","embeddable":true,"href":"https:\/\/gpl-love.com\/fr\/wp-json\/wp\/v2\/product_brand?post=116197"},{"taxonomy":"product_cat","embeddable":true,"href":"https:\/\/gpl-love.com\/fr\/wp-json\/wp\/v2\/product_cat?post=116197"},{"taxonomy":"product_tag","embeddable":true,"href":"https:\/\/gpl-love.com\/fr\/wp-json\/wp\/v2\/product_tag?post=116197"}],"curies":[{"name":"wp","href":"https:\/\/api.w.org\/{rel}","templated":true}]}}