{"id":116195,"date":"2024-05-27T00:00:00","date_gmt":"2024-05-26T22:00:00","guid":{"rendered":"http:\/\/gpl-love.com\/fr\/produit\/shadepro-startup-et-saas-wordpress-theme\/"},"modified":"2026-04-10T18:39:23","modified_gmt":"2026-04-10T16:39:23","slug":"shadepro-startup-et-saas-wordpress-theme","status":"publish","type":"product","link":"https:\/\/gpl-love.com\/fr\/produit\/shadepro-startup-et-saas-wordpress-theme\/","title":{"rendered":"ShadePro Startup et SaaS Theme 3.6.5"},"content":{"rendered":"<h3>ShadePro Startup et SaaS Theme Traits<\/h3>\n<p>La startup Shadepro et le th\u00e8me SaaS, un th\u00e8me de pointe et \u00e0 multiples facettes, ont \u00e9t\u00e9 m\u00e9ticuleusement con\u00e7ues pour r\u00e9pondre aux besoins sp\u00e9cifiques des startups et des entreprises SaaS. Offrant une vaste gamme de fonctionnalit\u00e9s et d&rsquo;\u00e9l\u00e9ments, ce th\u00e8me permet aux utilisateurs la possibilit\u00e9 de cr\u00e9er sans effort des sites Web frappants visuellement. B\u00e9n\u00e9ficiant d&rsquo;un design m\u00e9ticuleusement con\u00e7u qui est non seulement \u00e9l\u00e9gant et contemporain, mais d\u00e9gage \u00e9galement le professionnalisme, Shadepro prend la r\u00e9activit\u00e9 et la personnalisation \u00e0 des sommets in\u00e9gal\u00e9s. Avec une abondance de mod\u00e8les, de dispositions, d&rsquo;ic\u00f4nes et de widgets pr\u00e9-con\u00e7us \u00e0 sa disposition, le th\u00e8me peut \u00eatre adapt\u00e9 sans effort pour s&rsquo;aligner sans effort sur la marque et le style de n&rsquo;importe quel site Web. En outre, le th\u00e8me Shadepro est affin\u00e9 pour une vitesse et un r\u00e9f\u00e9rencement optimaux, garantissant que les sites Web construits sur ce th\u00e8me garantissent des classements favorables sur les moteurs de recherche populaires. Par cons\u00e9quent, Shadepro offre aux utilisateurs une occasion in\u00e9gal\u00e9e d&rsquo;\u00e9tablir une pr\u00e9sence en ligne impressionnante pour leur activit\u00e9 de d\u00e9marrage ou SaaS, pr\u00e9sentant efficacement leur vaste gamme de produits et services \u00e0 une client\u00e8le potentielle.<\/p>\n<ul>\n<li>Design \u00e9l\u00e9gant et moderne pour un look professionnel<\/li>\n<li>Compatible avec une gamme d&rsquo;appareils et de navigateurs pour plus de commodit\u00e9<\/li>\n<li>Disposition r\u00e9active avec des options personnalisables pour une configuration et une modification faciles<\/li>\n<li>Comprend une vari\u00e9t\u00e9 de pages pr\u00e9d\u00e9finies \u00e0 diff\u00e9rentes fins, telles que les tables de tarification et les formulaires de contact<\/li>\n<li>Code propre et organis\u00e9 pour des performances lisses et une personnalisation facile par les d\u00e9veloppeurs<\/li>\n<li>SEO optimis\u00e9 pour une meilleure visibilit\u00e9 sur les moteurs de recherche et un potentiel de trafic plus \u00e9lev\u00e9<\/li>\n<li>Int\u00e9gration avec des plugins tiers populaires et des outils pour une fonctionnalit\u00e9 am\u00e9lior\u00e9e<\/li>\n<li>Comprend une documentation compl\u00e8te et un soutien au d\u00e9pannage et \u00e0 l&rsquo;assistance<\/li>\n<li>Mises \u00e0 jour r\u00e9guli\u00e8res et maintenance pour la s\u00e9curit\u00e9 et les performances garanties<\/li>\n<li>Id\u00e9al pour les startups et les entreprises SaaS \u00e0 la recherche d&rsquo;un site Web poli et fonctionnel.<\/li>\n<\/ul>\n","protected":false},"excerpt":{"rendered":"<p>La startup Shadepro et le th\u00e8me SaaS sont une solution id\u00e9ale pour les aspirants entrepreneurs qui cherchent \u00e0 \u00e9tablir rapidement et sans effort un site Web poli et r\u00e9actif. Ce th\u00e8me remarquablement adapt\u00e9 est m\u00e9ticuleusement con\u00e7u pour r\u00e9pondre sp\u00e9cifiquement aux exigences uniques des startups et des entreprises SaaS, offrant une gamme de fonctionnalit\u00e9s personnalisables qui vous permettent de personnaliser votre site pr\u00e9cis\u00e9ment \u00e0 votre go\u00fbt. B\u00e9n\u00e9ficiant d&rsquo;un design \u00e9l\u00e9gant et contemporain, ainsi qu&rsquo;une disposition vierge, Shadepro facilite efficacement la cr\u00e9ation d&rsquo;une premi\u00e8re impression durable et percutante sur les clients potentiels et les investisseurs. De plus, son processus d&rsquo;installation sans effort et ses capacit\u00e9s de personnalisation transparentes vous permettent de lancer et de d\u00e9finir rapidement votre site Web sans aucun retard inutile. \u00c9levez votre entreprise \u00e0 de nouveaux sommets de succ\u00e8s en exploitant le potentiel remarquable de Shadepro.<\/p>\n","protected":false},"featured_media":145227,"comment_status":"open","ping_status":"open","template":"","meta":[],"product_brand":[2433],"product_cat":[1242,1212,1213],"product_tag":[1366],"class_list":{"0":"post-116195","1":"product","2":"type-product","3":"status-publish","4":"has-post-thumbnail","6":"product_brand-themeforest","7":"product_cat-creatif","8":"product_cat-themes","9":"product_cat-wordpress-themes","10":"product_tag-themeforest","11":"member-discount","12":"discount-restricted","14":"first","15":"instock","16":"sale","17":"downloadable","18":"virtual","19":"sold-individually","20":"purchasable","21":"product-type-simple"},"_links":{"self":[{"href":"https:\/\/gpl-love.com\/fr\/wp-json\/wp\/v2\/product\/116195","targetHints":{"allow":["GET"]}}],"collection":[{"href":"https:\/\/gpl-love.com\/fr\/wp-json\/wp\/v2\/product"}],"about":[{"href":"https:\/\/gpl-love.com\/fr\/wp-json\/wp\/v2\/types\/product"}],"replies":[{"embeddable":true,"href":"https:\/\/gpl-love.com\/fr\/wp-json\/wp\/v2\/comments?post=116195"}],"wp:featuredmedia":[{"embeddable":true,"href":"https:\/\/gpl-love.com\/fr\/wp-json\/wp\/v2\/media\/145227"}],"wp:attachment":[{"href":"https:\/\/gpl-love.com\/fr\/wp-json\/wp\/v2\/media?parent=116195"}],"wp:term":[{"taxonomy":"product_brand","embeddable":true,"href":"https:\/\/gpl-love.com\/fr\/wp-json\/wp\/v2\/product_brand?post=116195"},{"taxonomy":"product_cat","embeddable":true,"href":"https:\/\/gpl-love.com\/fr\/wp-json\/wp\/v2\/product_cat?post=116195"},{"taxonomy":"product_tag","embeddable":true,"href":"https:\/\/gpl-love.com\/fr\/wp-json\/wp\/v2\/product_tag?post=116195"}],"curies":[{"name":"wp","href":"https:\/\/api.w.org\/{rel}","templated":true}]}}