{"id":116108,"date":"2025-10-20T00:00:00","date_gmt":"2025-10-19T22:00:00","guid":{"rendered":"http:\/\/gpl-love.com\/fr\/produit\/taber-tabs-pour-elementor\/"},"modified":"2026-03-20T23:38:54","modified_gmt":"2026-03-20T22:38:54","slug":"taber-tabs-pour-elementor","status":"publish","type":"product","link":"https:\/\/gpl-love.com\/fr\/produit\/taber-tabs-pour-elementor\/","title":{"rendered":"Taber Tabs pour Elementor 1.0.12"},"content":{"rendered":"<h3>Taber Tabs pour Elementor Traits<\/h3>\n<p>Les onglets Taber pour Elementor sont un module compl\u00e9mentaire incroyablement robuste et influent pour Elementor qui vous offre la possibilit\u00e9 de g\u00e9n\u00e9rer du contenu \u00e0 onglets extraordinaire et captivant pour votre site Web. Gr\u00e2ce \u00e0 l&rsquo;utilisation de son interface de tra\u00een\u00e9e et de d\u00e9p\u00f4t intuitive et intuitive, vous pouvez fabriquer sans effort de nombreux onglets, organiser efficacement votre contenu et int\u00e9grer des styles personnalis\u00e9s pour am\u00e9liorer l&rsquo;attrait visuel de vos onglets. Ce plugin exceptionnel pr\u00e9sente un large \u00e9ventail de choix de personnalisation, y compris l&rsquo;incorporation de polices d&rsquo;ic\u00f4nes, la s\u00e9lection des couleurs d&rsquo;arri\u00e8re-plan et la mise en \u0153uvre des effets de volants captivants, qui garantissent collectivement que vos onglets se m\u00e9langent et compl\u00e9tent avec toute la conception globale de votre site Internet. Que votre objectif soit de cr\u00e9er un tableau complet de comparaison de produits, une section FAQ compl\u00e8te ou toute autre forme de contenu, les onglets Taber pour Elementor vous ont compl\u00e8tement couvert. De plus, la conception r\u00e9active de cet outil tr\u00e8s avantageux garantit que vos onglets semblent impeccables et visuellement attrayants sur n&rsquo;importe quel appareil, ce qui en fait la solution ultime pour \u00e9tablir une exp\u00e9rience utilisateur in\u00e9gal\u00e9e et ininterrompue sur votre site Web. \u00c9levez la norme de l&rsquo;exp\u00e9rience utilisateur de votre site Web en adoptant les capacit\u00e9s ph\u00e9nom\u00e9nales des onglets Taber pour Elementor.<\/p>\n<ul>\n<li>Ajoutez facilement des onglets \u00e0 votre site Web Elementor<\/li>\n<li>Personnalisez le nombre d&rsquo;onglets et d&rsquo;\u00e9tiquettes<\/li>\n<li>Style les onglets pour correspondre au th\u00e8me de votre site Web<\/li>\n<li>Ajouter des images, des vid\u00e9os et du texte \u00e0 chaque onglet<\/li>\n<li>Les onglets sont r\u00e9actifs et s&rsquo;adaptent \u00e0 diff\u00e9rentes tailles d&rsquo;\u00e9cran<\/li>\n<li>Aucune codage requise, vos onglets en utilisant l&rsquo;interface glisser-d\u00e9poser d&rsquo;Elementor<\/li>\n<li>Les onglets sont adapt\u00e9s au r\u00e9f\u00e9rencement et aident \u00e0 am\u00e9liorer la navigation du site Web<\/li>\n<li>Mises \u00e0 jour r\u00e9guli\u00e8res et support client disponibles.<\/li>\n<\/ul>\n","protected":false},"excerpt":{"rendered":"<p>Les onglets Taber pour Elementor sont un plugin remarquablement puissant et dynamique qui a \u00e9t\u00e9 sp\u00e9cifiquement d\u00e9velopp\u00e9 pour aider les utilisateurs \u00e0 la cr\u00e9ation d&rsquo;onglets visuellement frappants et hautement interactifs sur leurs sites Web. L&rsquo;interface conviviale de ce plugin permet une navigation sans effort et permet aux individus de g\u00e9n\u00e9rer rapidement des onglets enti\u00e8rement personnalisables, pr\u00e9sentant ainsi leur contenu d&rsquo;une mani\u00e8re extr\u00eamement \u00e9l\u00e9gante et captivante. Que l&rsquo;objectif soit d&rsquo;organiser efficacement leurs articles de blog, de pr\u00e9senter \u00e9l\u00e9gamment leurs produits ou de mettre en \u00e9vidence en \u00e9vidence leurs membres de l&rsquo;\u00e9quipe estim\u00e9s, des onglets Taber pour Elementor ne r\u00e9pond pas seulement, mais d\u00e9passe ces exigences avec la plus grande finesse. De plus, la conception r\u00e9active de ce plugin remarquable garantit que les onglets cr\u00e9\u00e9s conserveront leur apparence et leur fonctionnalit\u00e9 impeccables sur un \u00e9ventail diversifi\u00e9 d&rsquo;appareils. Par cons\u00e9quent, si vous \u00eates impatient d&rsquo;\u00e9lever la qualit\u00e9 globale et l&rsquo;attrait esth\u00e9tique de votre site Web, il serait sans aucun doute prudent d&rsquo;explorer la myriade de possibilit\u00e9s offertes par les onglets Taber pour Elementor et de ressentir personnellement la diff\u00e9rence de transformation qu&rsquo;elle peut apporter \u00e0 votre plate-forme en ligne.<\/p>\n","protected":false},"featured_media":145445,"comment_status":"open","ping_status":"open","template":"","meta":[],"product_brand":[2435],"product_cat":[1189,1181,1186],"product_tag":[1231],"class_list":{"0":"post-116108","1":"product","2":"type-product","3":"status-publish","4":"has-post-thumbnail","6":"product_brand-codecanyon","7":"product_cat-personnalisation","8":"product_cat-plugins","9":"product_cat-wordpress-plugins","10":"product_tag-codecanyon","11":"member-discount","12":"discount-restricted","14":"first","15":"instock","16":"sale","17":"downloadable","18":"virtual","19":"sold-individually","20":"purchasable","21":"product-type-simple"},"_links":{"self":[{"href":"https:\/\/gpl-love.com\/fr\/wp-json\/wp\/v2\/product\/116108","targetHints":{"allow":["GET"]}}],"collection":[{"href":"https:\/\/gpl-love.com\/fr\/wp-json\/wp\/v2\/product"}],"about":[{"href":"https:\/\/gpl-love.com\/fr\/wp-json\/wp\/v2\/types\/product"}],"replies":[{"embeddable":true,"href":"https:\/\/gpl-love.com\/fr\/wp-json\/wp\/v2\/comments?post=116108"}],"wp:featuredmedia":[{"embeddable":true,"href":"https:\/\/gpl-love.com\/fr\/wp-json\/wp\/v2\/media\/145445"}],"wp:attachment":[{"href":"https:\/\/gpl-love.com\/fr\/wp-json\/wp\/v2\/media?parent=116108"}],"wp:term":[{"taxonomy":"product_brand","embeddable":true,"href":"https:\/\/gpl-love.com\/fr\/wp-json\/wp\/v2\/product_brand?post=116108"},{"taxonomy":"product_cat","embeddable":true,"href":"https:\/\/gpl-love.com\/fr\/wp-json\/wp\/v2\/product_cat?post=116108"},{"taxonomy":"product_tag","embeddable":true,"href":"https:\/\/gpl-love.com\/fr\/wp-json\/wp\/v2\/product_tag?post=116108"}],"curies":[{"name":"wp","href":"https:\/\/api.w.org\/{rel}","templated":true}]}}