{"id":116106,"date":"2022-03-29T00:00:00","date_gmt":"2022-03-28T22:00:00","guid":{"rendered":"http:\/\/gpl-love.com\/fr\/produit\/moversco-movers-et-packers-wordpress-theme\/"},"modified":"2026-04-10T18:32:09","modified_gmt":"2026-04-10T16:32:09","slug":"moversco-movers-et-packers-wordpress-theme","status":"publish","type":"product","link":"https:\/\/gpl-love.com\/fr\/produit\/moversco-movers-et-packers-wordpress-theme\/","title":{"rendered":"MoversCO Movers et Packers WordPress Theme 2.5"},"content":{"rendered":"<h3>MoversCO Movers et Packers WordPress Theme Traits<\/h3>\n<p>Le th\u00e8me WordPress Moversco Movers and Packers se pr\u00e9sente comme une solution compl\u00e8te et globale adapt\u00e9e sp\u00e9cifiquement aux soci\u00e9t\u00e9s de d\u00e9m\u00e9nagement et d&#8217;emballage. Avec son th\u00e8me pr\u00e9-con\u00e7u, il propose une gamme de fonctionnalit\u00e9s essentielles pour cr\u00e9er sans effort un site Web engageant et hautement professionnel qui pr\u00e9sente efficacement la vaste gamme de services, l&rsquo;\u00e9quipe d\u00e9di\u00e9e et les t\u00e9moignages \u00e9logieux de clients satisfaits. Ce qui distingue ce th\u00e8me, c&rsquo;est son niveau de personnalisation in\u00e9gal\u00e9, accordant aux entreprises la libert\u00e9 de modifier la disposition, la palette de couleurs et la typographie afin de s&rsquo;aligner parfaitement sur leur identit\u00e9 de marque unique. De plus, Moversco va au-del\u00e0 en incorporant des outils avanc\u00e9s de g\u00e9n\u00e9ration de page et une int\u00e9gration transparente avec des plugins de renomm\u00e9e, rationalisant ainsi les processus op\u00e9rationnels et am\u00e9liorant consid\u00e9rablement les performances globales du site. En conclusion, le th\u00e8me WordPress Moversco Movers and Packers se distingue comme un choix exceptionnel et fortement recommand\u00e9 pour toute entreprise de d\u00e9m\u00e9nagement et d&#8217;emballage aspirant \u00e0 \u00e9tablir une formidable pr\u00e9sence en ligne.<\/p>\n<ul>\n<li>Un th\u00e8me WordPress professionnel et moderne pour les soci\u00e9t\u00e9s de d\u00e9m\u00e9nageurs et de packers.<\/li>\n<li>Le th\u00e8me comprend une vari\u00e9t\u00e9 de mod\u00e8les pr\u00e9-con\u00e7us pour des pages telles que la maison, \u00e0 propos de nous, les services, les t\u00e9moignages et le contact.<\/li>\n<li>Options de personnalisation faciles \u00e0 l&rsquo;aide du puissant g\u00e9n\u00e9rateur de page Elementor.<\/li>\n<li>Conception r\u00e9active qui s&rsquo;adapte \u00e0 toutes les tailles et appareils d&rsquo;\u00e9cran.<\/li>\n<li>Syst\u00e8me de planification de rendez-vous int\u00e9gr\u00e9 aux clients pour r\u00e9server des services de d\u00e9m\u00e9nagement.<\/li>\n<li>Int\u00e9gration avec des plugins populaires tels que WooCommerce et Contact Form 7 pour ajouter des fonctionnalit\u00e9s.<\/li>\n<li>Optimisation du r\u00e9f\u00e9rencement pour am\u00e9liorer les classements des moteurs de recherche et la visibilit\u00e9.<\/li>\n<li>Mises \u00e0 jour r\u00e9guli\u00e8res et soutien d\u00e9di\u00e9 des d\u00e9veloppeurs de th\u00e8me.<\/li>\n<li>Code propre et bien organis\u00e9 pour les vitesses de chargement rapide et les performances am\u00e9lior\u00e9es du site Web.<\/li>\n<li>L&rsquo;importation de d\u00e9monstration en un clic pour configurer rapidement votre site Web avec du contenu pr\u00e9-con\u00e7u.<\/li>\n<\/ul>\n","protected":false},"excerpt":{"rendered":"<p>Le th\u00e8me WordPress de Moversco Movers and Packers fournit une solution contemporaine et conviviale adapt\u00e9e aux entreprises de d\u00e9m\u00e9nagement et aux services d&#8217;emballage. En utilisant son constructeur de pages de glisser-d\u00e9poser, vous pouvez construire sans effort un site Web personnalis\u00e9 dans un court laps de temps. De plus, ce th\u00e8me est enti\u00e8rement r\u00e9actif et soigneusement optimis\u00e9 pour les moteurs de recherche, garantissant que votre entreprise d\u00e9peindrea une apparence captivante et atteindra une d\u00e9couverte sans effort sur tous les appareils. De plus, il propose une gamme de pages pr\u00e9-con\u00e7ues qui s&rsquo;adressent aux services, aux t\u00e9moignages et aux formulaires de contact, vous permettant d&rsquo;\u00e9tablir rapidement une pr\u00e9sence en ligne. Embrassez Moversco aujourd&rsquo;hui pour vraiment distinguer votre entreprise de d\u00e9m\u00e9nagement ou d&#8217;emballage dans le domaine en ligne.<\/p>\n","protected":false},"featured_media":144594,"comment_status":"open","ping_status":"open","template":"","meta":[],"product_brand":[2433],"product_cat":[1242,1212,1213],"product_tag":[1366],"class_list":{"0":"post-116106","1":"product","2":"type-product","3":"status-publish","4":"has-post-thumbnail","6":"product_brand-themeforest","7":"product_cat-creatif","8":"product_cat-themes","9":"product_cat-wordpress-themes","10":"product_tag-themeforest","11":"member-discount","12":"discount-restricted","14":"first","15":"instock","16":"sale","17":"downloadable","18":"virtual","19":"sold-individually","20":"purchasable","21":"product-type-simple"},"_links":{"self":[{"href":"https:\/\/gpl-love.com\/fr\/wp-json\/wp\/v2\/product\/116106","targetHints":{"allow":["GET"]}}],"collection":[{"href":"https:\/\/gpl-love.com\/fr\/wp-json\/wp\/v2\/product"}],"about":[{"href":"https:\/\/gpl-love.com\/fr\/wp-json\/wp\/v2\/types\/product"}],"replies":[{"embeddable":true,"href":"https:\/\/gpl-love.com\/fr\/wp-json\/wp\/v2\/comments?post=116106"}],"wp:featuredmedia":[{"embeddable":true,"href":"https:\/\/gpl-love.com\/fr\/wp-json\/wp\/v2\/media\/144594"}],"wp:attachment":[{"href":"https:\/\/gpl-love.com\/fr\/wp-json\/wp\/v2\/media?parent=116106"}],"wp:term":[{"taxonomy":"product_brand","embeddable":true,"href":"https:\/\/gpl-love.com\/fr\/wp-json\/wp\/v2\/product_brand?post=116106"},{"taxonomy":"product_cat","embeddable":true,"href":"https:\/\/gpl-love.com\/fr\/wp-json\/wp\/v2\/product_cat?post=116106"},{"taxonomy":"product_tag","embeddable":true,"href":"https:\/\/gpl-love.com\/fr\/wp-json\/wp\/v2\/product_tag?post=116106"}],"curies":[{"name":"wp","href":"https:\/\/api.w.org\/{rel}","templated":true}]}}