{"id":116104,"date":"2026-01-12T00:00:00","date_gmt":"2026-01-11T23:00:00","guid":{"rendered":"http:\/\/gpl-love.com\/fr\/produit\/woocommerce-availability-scheduler\/"},"modified":"2026-04-10T18:46:09","modified_gmt":"2026-04-10T16:46:09","slug":"woocommerce-availability-scheduler","status":"publish","type":"product","link":"https:\/\/gpl-love.com\/fr\/produit\/woocommerce-availability-scheduler\/","title":{"rendered":"WooCommerce Availability Scheduler 12.6"},"content":{"rendered":"<h3>WooCommerce Availability Scheduler Traits<\/h3>\n<p>Le planificateur de disponibilit\u00e9 WooCommerce est un plugin incroyablement robuste et tr\u00e8s efficace qui a \u00e9t\u00e9 m\u00e9ticuleusement con\u00e7u pour aider les entreprises \u00e0 g\u00e9rer sans effort la disponibilit\u00e9 de leur produit. En utilisant ce plugin exceptionnel, vous avez la possibilit\u00e9 de manipuler et de gouverner sans effort la disponibilit\u00e9 de vos diff\u00e9rents produits et services en configurant facilement des dates pr\u00e9cises et des temps sp\u00e9cifiques pour lesquels ils seront mis \u00e0 disposition \u00e0 l&rsquo;achat. Cette capacit\u00e9 d&rsquo;autonomisation vous permet de g\u00e9rer astucieusement et avec comp\u00e9tence votre inventaire global avec une facilit\u00e9 et une gr\u00e2ce in\u00e9gal\u00e9es tout en veillant simultan\u00e9ment compr\u00e9hension cristalline de pr\u00e9cision lorsqu&rsquo;ils peuvent s&rsquo;attendre \u00e0 recevoir leurs forfaits attendus. De plus, il convient de noter que ce plugin exceptionnel est accompagn\u00e9 d&rsquo;une large gamme d&rsquo;options de personnalisation qui r\u00e9pondent habilement et de mani\u00e8re transparente \u00e0 vos besoins uniques et individualis\u00e9s, vous permettant d&rsquo;adapter sans effort l&rsquo;int\u00e9gralit\u00e9 du processus de planification pour r\u00e9pondre \u00e0 vos exigences sur mesure avec une finesse non interap\u00e9e sans effort avec une finesse non perapt\u00e9e avec une finesse non interap\u00e9e avec une finesse non parapass\u00e9e sans interval et pr\u00e9cision. Que vous soyez le propri\u00e9taire d&rsquo;une boutique en ligne sp\u00e9cialis\u00e9e dans l&rsquo;offre d&rsquo;une myriade de produits ou si vous \u00eates un pourvoyeur de services remarquables via votre site Web, il est imp\u00e9ratif de noter que le planificateur de disponibilit\u00e9 WOOCommerce est un outil indispensable qui est absolument indispensable Pour toute entreprise vraiment engag\u00e9e dans la cause de la rationalisation rapide de ses innombrables op\u00e9rations et de l&rsquo;am\u00e9lioration simultan\u00e9 des niveaux de satisfaction et de contentement de sa client\u00e8le ch\u00e9ri et estim\u00e9e.<\/p>\n<ul>\n<li>Permet aux propri\u00e9taires de magasins de planifier la disponibilit\u00e9 des produits pour des dates et des heures sp\u00e9cifiques<\/li>\n<li>Param\u00e8tres personnalisables pour la configuration des horaires en fonction des jours, des dates et des d\u00e9lais<\/li>\n<li>Ajuste automatiquement la disponibilit\u00e9 des produits en fonction des horaires pr\u00e9d\u00e9finis<\/li>\n<li>Prend en charge les horaires r\u00e9currents pour une gestion facile des ventes ou des promotions r\u00e9guli\u00e8res<\/li>\n<li>Fournit une interface graphique conviviale pour une configuration et une modification du calendrier rapide et facile<\/li>\n<li>Compatible avec WordPress et WooCommerce<\/li>\n<li>Aide les propri\u00e9taires de magasins \u00e0 optimiser les stocks et les ventes en contr\u00f4lant la disponibilit\u00e9 des produits<\/li>\n<li>Offre une plus grande flexibilit\u00e9 et un contr\u00f4le sur la planification des produits que ce qui peut \u00eatre obtenu avec des param\u00e8tres de wooCommerce standard<\/li>\n<li>Aide \u00e0 am\u00e9liorer la satisfaction du client en veillant \u00e0 ce que les produits sont disponibles lorsqu&rsquo;ils sont promis<\/li>\n<li>Ne n\u00e9cessite aucune comp\u00e9tence de codage ni expertise technique pour utiliser<\/li>\n<\/ul>\n","protected":false},"excerpt":{"rendered":"<p>Le planificateur de disponibilit\u00e9 WooCommerce, un plugin extr\u00eamement puissant, vous offre la plus grande commodit\u00e9 dans la r\u00e9gulation de la disponibilit\u00e9 de vos produits dans votre boutique en ligne. En utilisant ce plugin, vous \u00eates accord\u00e9 \u00e0 la capacit\u00e9 de d\u00e9signer des dates et des heures pr\u00e9cises pendant lesquelles vos produits sont procurables \u00e0 l&rsquo;achat, tout en \u00e9tant en mesure d&rsquo;\u00e9tablir des p\u00e9riodes pendant lesquelles ils ne sont pas accessibles. Cette fonctionnalit\u00e9 inh\u00e9rente garantit que votre client\u00e8le estim\u00e9e peut se procurer exclusivement des produits \u00e0 des moments o\u00f9 ils peuvent r\u00e9ellement \u00eatre obtenus, contournant efficacement la situation exasp\u00e9rante de la rencontre des arri\u00e8res ou des annulations. De plus, cet outil extraordinaire est dot\u00e9 d&rsquo;une interface remarquablement conviviale et d&rsquo;une abondance d&rsquo;opportunit\u00e9s de taille, ce qui le rend un atout indispensable pour tout propri\u00e9taire d&rsquo;un magasin en ligne qui souhaite rationaliser efficacement leurs efforts de gestion des stocks.<\/p>\n","protected":false},"featured_media":145813,"comment_status":"open","ping_status":"open","template":"","meta":[],"product_brand":[2435],"product_cat":[1182,1223,1181],"product_tag":[1231],"class_list":{"0":"post-116104","1":"product","2":"type-product","3":"status-publish","4":"has-post-thumbnail","6":"product_brand-codecanyon","7":"product_cat-commerce-electronique-plugins","8":"product_cat-personnalisation-commerce-electronique-plugins","9":"product_cat-plugins","10":"product_tag-codecanyon","11":"member-discount","12":"discount-restricted","14":"first","15":"instock","16":"sale","17":"downloadable","18":"virtual","19":"sold-individually","20":"purchasable","21":"product-type-simple"},"_links":{"self":[{"href":"https:\/\/gpl-love.com\/fr\/wp-json\/wp\/v2\/product\/116104","targetHints":{"allow":["GET"]}}],"collection":[{"href":"https:\/\/gpl-love.com\/fr\/wp-json\/wp\/v2\/product"}],"about":[{"href":"https:\/\/gpl-love.com\/fr\/wp-json\/wp\/v2\/types\/product"}],"replies":[{"embeddable":true,"href":"https:\/\/gpl-love.com\/fr\/wp-json\/wp\/v2\/comments?post=116104"}],"wp:featuredmedia":[{"embeddable":true,"href":"https:\/\/gpl-love.com\/fr\/wp-json\/wp\/v2\/media\/145813"}],"wp:attachment":[{"href":"https:\/\/gpl-love.com\/fr\/wp-json\/wp\/v2\/media?parent=116104"}],"wp:term":[{"taxonomy":"product_brand","embeddable":true,"href":"https:\/\/gpl-love.com\/fr\/wp-json\/wp\/v2\/product_brand?post=116104"},{"taxonomy":"product_cat","embeddable":true,"href":"https:\/\/gpl-love.com\/fr\/wp-json\/wp\/v2\/product_cat?post=116104"},{"taxonomy":"product_tag","embeddable":true,"href":"https:\/\/gpl-love.com\/fr\/wp-json\/wp\/v2\/product_tag?post=116104"}],"curies":[{"name":"wp","href":"https:\/\/api.w.org\/{rel}","templated":true}]}}