{"id":116102,"date":"2026-04-18T00:00:00","date_gmt":"2026-04-17T22:00:00","guid":{"rendered":"http:\/\/gpl-love.com\/fr\/produit\/modal-survey-et-quiz-plugin\/"},"modified":"2026-04-19T00:30:46","modified_gmt":"2026-04-18T22:30:46","slug":"modal-survey-et-quiz-plugin","status":"publish","type":"product","link":"https:\/\/gpl-love.com\/fr\/produit\/modal-survey-et-quiz-plugin\/","title":{"rendered":"Modal Survey et Quiz Plugin 2.0.2.1.7"},"content":{"rendered":"<h3>Modal Survey et Quiz Plugin Traits<\/h3>\n<p>Le plugin Modal Survey and Quiz est un outil tr\u00e8s efficace et convivial qui a \u00e9t\u00e9 sp\u00e9cialement con\u00e7u pour les personnes qui manquent d&rsquo;exp\u00e9rience en codage mais qui souhaitent toujours cr\u00e9er des enqu\u00eates, des quiz et des sondages engageants et informatifs. Ce plugin incroyable offre un large \u00e9ventail d&rsquo;options et de fonctionnalit\u00e9s qui facilitent consid\u00e9rablement le processus de cr\u00e9ation d&rsquo;enqu\u00eate, ce qui le rend \u00e0 la fois simple et efficace. Les utilisateurs ont la possibilit\u00e9 de cr\u00e9er rapidement des enqu\u00eates, des quiz et des sondages en utilisant une vari\u00e9t\u00e9 de types de questions, y compris, mais sans s&rsquo;y limiter, des \u00e9chelles de choix multiples, ouvertes et de notation. De plus, le plugin poss\u00e8de un \u00e9ventail impressionnant d&rsquo;options de personnalisation, permettant aux utilisateurs de marquer, de concevoir et de styliser leurs enqu\u00eates pour r\u00e9pondre \u00e0 leurs pr\u00e9f\u00e9rences et exigences uniques. De plus, la section Analytics du plugin offre des informations pr\u00e9cieuses et facilite une analyse approfondie des donn\u00e9es, permettant aux utilisateurs d&rsquo;acqu\u00e9rir une compr\u00e9hension compl\u00e8te des informations collect\u00e9es via leurs enqu\u00eates. Ce plugin modal innovant et polyvalent modal et le plugin de quiz est la solution id\u00e9ale pour les individus et les entreprises, car il leur permet de recueillir des id\u00e9es inestimables de leur public cible, leur permettant ainsi d&rsquo;am\u00e9liorer et d&rsquo;affiner leurs produits ou services d&rsquo;une mani\u00e8re qui r\u00e9sonne avec leurs clients \u00e0 un niveau plus profond.<\/p>\n<ul>\n<li>Permet la cr\u00e9ation d&rsquo;enqu\u00eates et de quiz personnalisables sur votre site Web<\/li>\n<li>Offre une vari\u00e9t\u00e9 de types de questions, y compris des \u00e9chelles multiples \u00e0 choix, ouvertes et \u00e0 l&rsquo;\u00e9valuation<\/li>\n<li>Fournit des options de logique conditionnelle, de branchement et de randomisation pour cr\u00e9er des enqu\u00eates attrayantes et dynamiques<\/li>\n<li>Comprend des analyses avanc\u00e9es et des fonctionnalit\u00e9s de rapport pour vous aider \u00e0 analyser et \u00e0 comprendre les r\u00e9sultats<\/li>\n<li>S&rsquo;int\u00e8gre aux plates-formes de marketing par e-mail populaires et CRM pour la gestion des donn\u00e9es transparentes<\/li>\n<li>Offre une conception r\u00e9active pour les utilisateurs mobiles et de bureau<\/li>\n<li>Fournit un support multi-langues pour les publics internationaux<\/li>\n<li>Offre une large gamme d&rsquo;options de personnalisation pour la coh\u00e9rence de la marque et l&rsquo;exp\u00e9rience utilisateur.<\/li>\n<\/ul>\n","protected":false},"excerpt":{"rendered":"<p>L&rsquo;enqu\u00eate modale et le plugin de quiz se pr\u00e9sente comme une solution id\u00e9ale pour les personnes cherchant \u00e0 d\u00e9velopper des enqu\u00eates ou des quiz sur leur site Web. B\u00e9n\u00e9ficiant d&rsquo;une interface conviviale et d&rsquo;un tableau d&rsquo;options de personnalisation, ce plugin simplifie le processus de construction de sondages et de quiz captivants qui collectent efficacement des donn\u00e9es et des informations pr\u00e9cieuses de votre public. Que vous effectuiez des \u00e9tudes de march\u00e9, de la collecte des commentaires des clients ou que vous visiez simplement \u00e0 divertir et \u00e0 engager les visiteurs de votre site Web, l&rsquo;enqu\u00eate modale et le plugin de quiz sert d&rsquo;outil ultime pour cette entreprise. Nous vous encourageons \u00e0 le tester aujourd&rsquo;hui et \u00e0 d\u00e9bloquer une pl\u00e9thore de possibilit\u00e9s passionnantes pour votre site Web!<\/p>\n","protected":false},"featured_media":144557,"comment_status":"open","ping_status":"open","template":"","meta":[],"product_brand":[2435],"product_cat":[1189,1181,1186],"product_tag":[1231],"class_list":{"0":"post-116102","1":"product","2":"type-product","3":"status-publish","4":"has-post-thumbnail","6":"product_brand-codecanyon","7":"product_cat-personnalisation","8":"product_cat-plugins","9":"product_cat-wordpress-plugins","10":"product_tag-codecanyon","11":"member-discount","12":"discount-restricted","14":"first","15":"instock","16":"sale","17":"downloadable","18":"virtual","19":"sold-individually","20":"purchasable","21":"product-type-simple"},"_links":{"self":[{"href":"https:\/\/gpl-love.com\/fr\/wp-json\/wp\/v2\/product\/116102","targetHints":{"allow":["GET"]}}],"collection":[{"href":"https:\/\/gpl-love.com\/fr\/wp-json\/wp\/v2\/product"}],"about":[{"href":"https:\/\/gpl-love.com\/fr\/wp-json\/wp\/v2\/types\/product"}],"replies":[{"embeddable":true,"href":"https:\/\/gpl-love.com\/fr\/wp-json\/wp\/v2\/comments?post=116102"}],"wp:featuredmedia":[{"embeddable":true,"href":"https:\/\/gpl-love.com\/fr\/wp-json\/wp\/v2\/media\/144557"}],"wp:attachment":[{"href":"https:\/\/gpl-love.com\/fr\/wp-json\/wp\/v2\/media?parent=116102"}],"wp:term":[{"taxonomy":"product_brand","embeddable":true,"href":"https:\/\/gpl-love.com\/fr\/wp-json\/wp\/v2\/product_brand?post=116102"},{"taxonomy":"product_cat","embeddable":true,"href":"https:\/\/gpl-love.com\/fr\/wp-json\/wp\/v2\/product_cat?post=116102"},{"taxonomy":"product_tag","embeddable":true,"href":"https:\/\/gpl-love.com\/fr\/wp-json\/wp\/v2\/product_tag?post=116102"}],"curies":[{"name":"wp","href":"https:\/\/api.w.org\/{rel}","templated":true}]}}