{"id":116100,"date":"2026-01-10T00:00:00","date_gmt":"2026-01-09T23:00:00","guid":{"rendered":"http:\/\/gpl-love.com\/fr\/produit\/wp-sheet-editor-premium\/"},"modified":"2026-03-20T23:50:48","modified_gmt":"2026-03-20T22:50:48","slug":"wp-sheet-editor-premium","status":"publish","type":"product","link":"https:\/\/gpl-love.com\/fr\/produit\/wp-sheet-editor-premium\/","title":{"rendered":"WP Sheet Editor Premium 2.26.0"},"content":{"rendered":"<h3>WP Sheet Editor Premium Traits<\/h3>\n<p>WP Sheet Editor Premium est un plugin incroyablement robuste qui offre aux utilisateurs la capacit\u00e9 exceptionnelle de modifier et de g\u00e9rer facilement et de g\u00e9rer sans effort une grande quantit\u00e9 de donn\u00e9es dans la plate-forme WordPress. Ce plugin remarquable se d\u00e9marque en raison de ses fonctionnalit\u00e9s remarquables, qui incluent la capacit\u00e9 remarquable \u00e0 modifier simultan\u00e9ment plusieurs messages, pages et types de messages personnalis\u00e9s, ainsi que les fonctionnalit\u00e9s remarquables pour exporter et importer de mani\u00e8re transparente des donn\u00e9es. En utilisant WP Sheet Editor Premium, les utilisateurs sont en mesure d&rsquo;\u00e9conomiser efficacement et efficacement un temps et un effort abondants. De plus, WP Sheet Editor Premium offre aux utilisateurs des options de filtrage avanc\u00e9es, des formules personnalis\u00e9es et la capacit\u00e9 remarquable de l&rsquo;annuler et de refaire sans effort. En r\u00e9sum\u00e9, WP Sheet Editor Premium est un outil absolument essentiel qui est imp\u00e9ratif pour les personnes qui cherchent \u00e0 optimiser et \u00e0 rationaliser leurs efforts de gestion des donn\u00e9es WordPress.<\/p>\n<ul>\n<li>Simplifiez la gestion des donn\u00e9es de votre site Web WordPress avec WP Sheet Editor Premium<\/li>\n<li>\u00c9conomisez du temps et des efforts en modifiant de grandes quantit\u00e9s de donn\u00e9es directement \u00e0 partir de la feuille de calcul de votre site Web<\/li>\n<li>Profitez de fonctionnalit\u00e9s avanc\u00e9es telles que des sauvegardes automatiques, des fonctionnalit\u00e9s d&rsquo;annulation \/ r\u00e9nover et une importation \/ exportation facile de donn\u00e9es<\/li>\n<li>B\u00e9n\u00e9ficier d&rsquo;une interface intuitive facile \u00e0 utiliser pour les d\u00e9butants et les experts<\/li>\n<li>Profitez des options de personnalisation pour adapter le plugin \u00e0 vos besoins et flux de travail uniques<\/li>\n<li>Profitez du soutien 24\/7 d&rsquo;une \u00e9quipe d&rsquo;experts WordPress<\/li>\n<li>Passer \u00e0 WP Sheet Editor Premium Pro pour encore plus de fonctionnalit\u00e9s, y compris la possibilit\u00e9 de modifier les types de publication personnalis\u00e9s et les produits WooCommerce<\/li>\n<\/ul>\n","protected":false},"excerpt":{"rendered":"<p>WP Sheet Editor Premium, un plugin WordPress tr\u00e8s robuste, offre aux utilisateurs la possibilit\u00e9 de modifier et de superviser efficacement le contenu de leur site Web. Cet outil innovant simplifie le processus de mise \u00e0 jour des composants individuels tels que les publications, les pages et les champs personnalis\u00e9s, permettant aux utilisateurs d&rsquo;accomplir toutes ces t\u00e2ches \u00e0 partir d&rsquo;un \u00e9cran de calcul pratique. Que vous vous identifiiez en tant que blogueur, concepteur ou d\u00e9veloppeur, WP Sheet Editor Premium est un atout inestimable pour am\u00e9liorer la productivit\u00e9 et acc\u00e9l\u00e9rer le flux de travail. Nous vous invitons \u00e0 essayer et \u00e0 assister \u00e0 l&rsquo;impact transformateur qu&rsquo;il peut avoir sur l&rsquo;exp\u00e9rience de gestion de votre site Web de premi\u00e8re main.<\/p>\n","protected":false},"featured_media":146216,"comment_status":"open","ping_status":"open","template":"","meta":[],"product_brand":[2733],"product_cat":[1187,1181,1186],"product_tag":[1545],"class_list":{"0":"post-116100","1":"product","2":"type-product","3":"status-publish","4":"has-post-thumbnail","6":"product_brand-wp-sheet-editor","7":"product_cat-administration-wordpress-plugins","8":"product_cat-plugins","9":"product_cat-wordpress-plugins","10":"product_tag-wp-sheet-editor","11":"member-discount","12":"discount-restricted","14":"first","15":"instock","16":"sale","17":"downloadable","18":"virtual","19":"sold-individually","20":"purchasable","21":"product-type-simple"},"_links":{"self":[{"href":"https:\/\/gpl-love.com\/fr\/wp-json\/wp\/v2\/product\/116100","targetHints":{"allow":["GET"]}}],"collection":[{"href":"https:\/\/gpl-love.com\/fr\/wp-json\/wp\/v2\/product"}],"about":[{"href":"https:\/\/gpl-love.com\/fr\/wp-json\/wp\/v2\/types\/product"}],"replies":[{"embeddable":true,"href":"https:\/\/gpl-love.com\/fr\/wp-json\/wp\/v2\/comments?post=116100"}],"wp:featuredmedia":[{"embeddable":true,"href":"https:\/\/gpl-love.com\/fr\/wp-json\/wp\/v2\/media\/146216"}],"wp:attachment":[{"href":"https:\/\/gpl-love.com\/fr\/wp-json\/wp\/v2\/media?parent=116100"}],"wp:term":[{"taxonomy":"product_brand","embeddable":true,"href":"https:\/\/gpl-love.com\/fr\/wp-json\/wp\/v2\/product_brand?post=116100"},{"taxonomy":"product_cat","embeddable":true,"href":"https:\/\/gpl-love.com\/fr\/wp-json\/wp\/v2\/product_cat?post=116100"},{"taxonomy":"product_tag","embeddable":true,"href":"https:\/\/gpl-love.com\/fr\/wp-json\/wp\/v2\/product_tag?post=116100"}],"curies":[{"name":"wp","href":"https:\/\/api.w.org\/{rel}","templated":true}]}}