{"id":116098,"date":"2025-07-28T00:00:00","date_gmt":"2025-07-27T22:00:00","guid":{"rendered":"http:\/\/gpl-love.com\/fr\/produit\/oxy-ultimate-addon-pour-oxygen-builder\/"},"modified":"2026-04-10T18:35:32","modified_gmt":"2026-04-10T16:35:32","slug":"oxy-ultimate-addon-pour-oxygen-builder","status":"publish","type":"product","link":"https:\/\/gpl-love.com\/fr\/produit\/oxy-ultimate-addon-pour-oxygen-builder\/","title":{"rendered":"Oxy Ultimate Addon pour Oxygen Builder 1.6.14"},"content":{"rendered":"<h3>Oxy Ultimate Addon pour Oxygen Builder Traits<\/h3>\n<p>L&rsquo;addon d&rsquo;Oxy Ultimate pour le constructeur d&rsquo;oxyg\u00e8ne est un outil incroyablement robuste et puissant qui am\u00e9liore consid\u00e9rablement les capacit\u00e9s de votre constructeur d&rsquo;oxyg\u00e8ne. Sa multitude de fonctionnalit\u00e9s et de fonctionnalit\u00e9s sont con\u00e7ues pour vous permettre de construire des sites Web \u00e0 couper le souffle, le tout sans n\u00e9cessiter aucune expertise de codage. Avec l&rsquo;inclusion de cet addon, vous serez en mesure de fabriquer des en-t\u00eates, des pieds de page et des mod\u00e8les sur mesure pour votre site Web, ce qui lui donne une touche unique et personnalis\u00e9e. De plus, ses blocs pr\u00e9-con\u00e7us sont \u00e0 votre disposition, vous permettant d&rsquo;infuser sans effort vos pages avec un contenu \u00e9tonnant et dynamique. Il convient de mentionner que l&rsquo;addon ultime Oxy pour le constructeur d&rsquo;oxyg\u00e8ne est extr\u00eamement convivial, avec une interface utilisateur intuitive et facile \u00e0 naviguer. De plus, son support client est vraiment exemplaire, offrant une assistance in\u00e9gal\u00e9e qui vous permet de vous sentir soutenu et confiant. Il s&rsquo;agit, sans aucun doute, de la solution par excellence pour les personnes cherchant \u00e0 propulser leur constructeur d&rsquo;oxyg\u00e8ne \u00e0 des hauteurs d&rsquo;excellence sans pr\u00e9c\u00e9dent.<\/p>\n<ul>\n<li>Am\u00e9liore la fonctionnalit\u00e9 de Oxygen Builder, un puissant outil de cr\u00e9ation de sites Web<\/li>\n<li>Fournit des modules, des widgets et des \u00e9l\u00e9ments suppl\u00e9mentaires pour la conception de sites Web<\/li>\n<li>Comprend des dispositions et des mod\u00e8les pr\u00e9-con\u00e7us pour cr\u00e9er des sites Web facilement et rapidement<\/li>\n<li>Permet aux utilisateurs de cr\u00e9er des conceptions et des dispositions complexes sans connaissance de codage<\/li>\n<li>Offre des options de personnalisation avanc\u00e9es pour cr\u00e9er des conceptions de sites Web uniques<\/li>\n<li>Fonctionne de mani\u00e8re transparente avec Oxygen Builder et est facile \u00e0 installer et \u00e0 utiliser<\/li>\n<li>Mises \u00e0 jour r\u00e9guli\u00e8rement avec de nouvelles fonctionnalit\u00e9s et am\u00e9liorations pour des performances optimales<\/li>\n<li>Livr\u00e9 avec une documentation compl\u00e8te et un excellent soutien de l&rsquo;\u00e9quipe des d\u00e9veloppeurs<\/li>\n<li>Aide \u00e0 acc\u00e9l\u00e9rer la conception et le processus de d\u00e9veloppement du site Web<\/li>\n<li>Am\u00e9liore les performances du site Web et am\u00e9liore l&rsquo;exp\u00e9rience utilisateur.<\/li>\n<\/ul>\n","protected":false},"excerpt":{"rendered":"<p>\u00c9levez l&rsquo;exp\u00e9rience de votre constructeur d&rsquo;oxyg\u00e8ne \u00e0 des hauteurs in\u00e9gal\u00e9es en incorporant les capacit\u00e9s extraordinaires de l&rsquo;addon ultime oxy. Cette extension exceptionnellement robuste introduit un \u00e9ventail de fonctionnalit\u00e9s innovantes qui visent \u00e0 r\u00e9volutionner le processus de cr\u00e9ation de votre site Web, vous permettant de produire des sites Web \u00e0 couper le souffle et exceptionnellement efficaces comme jamais auparavant. Avec sa pl\u00e9thore de modules personnalis\u00e9s et de fonctionnalit\u00e9s de pointe, l&rsquo;addon oxy ultime vous offre tous les outils n\u00e9cessaires pour transcender les limites de la conception Web traditionnelle et passer \u00e0 l&rsquo;\u00e9chelon d&rsquo;excellence suivant. Int\u00e9grant parfaitement avec Oxygen Builder et se vantant d&rsquo;une interface utilisateur intuitive sans effort, cet outil remarquable vous permet sans effort de d\u00e9verrouiller le potentiel sans limites que Oxygen Builder a \u00e0 offrir.<\/p>\n","protected":false},"featured_media":144885,"comment_status":"open","ping_status":"open","template":"","meta":[],"product_brand":[2615],"product_cat":[1189,1181,1186],"product_tag":[2172],"class_list":{"0":"post-116098","1":"product","2":"type-product","3":"status-publish","4":"has-post-thumbnail","6":"product_brand-oxy-ultimate","7":"product_cat-personnalisation","8":"product_cat-plugins","9":"product_cat-wordpress-plugins","10":"product_tag-oxy-ultimate","11":"member-discount","12":"discount-restricted","14":"first","15":"instock","16":"sale","17":"downloadable","18":"virtual","19":"sold-individually","20":"purchasable","21":"product-type-simple"},"_links":{"self":[{"href":"https:\/\/gpl-love.com\/fr\/wp-json\/wp\/v2\/product\/116098","targetHints":{"allow":["GET"]}}],"collection":[{"href":"https:\/\/gpl-love.com\/fr\/wp-json\/wp\/v2\/product"}],"about":[{"href":"https:\/\/gpl-love.com\/fr\/wp-json\/wp\/v2\/types\/product"}],"replies":[{"embeddable":true,"href":"https:\/\/gpl-love.com\/fr\/wp-json\/wp\/v2\/comments?post=116098"}],"wp:featuredmedia":[{"embeddable":true,"href":"https:\/\/gpl-love.com\/fr\/wp-json\/wp\/v2\/media\/144885"}],"wp:attachment":[{"href":"https:\/\/gpl-love.com\/fr\/wp-json\/wp\/v2\/media?parent=116098"}],"wp:term":[{"taxonomy":"product_brand","embeddable":true,"href":"https:\/\/gpl-love.com\/fr\/wp-json\/wp\/v2\/product_brand?post=116098"},{"taxonomy":"product_cat","embeddable":true,"href":"https:\/\/gpl-love.com\/fr\/wp-json\/wp\/v2\/product_cat?post=116098"},{"taxonomy":"product_tag","embeddable":true,"href":"https:\/\/gpl-love.com\/fr\/wp-json\/wp\/v2\/product_tag?post=116098"}],"curies":[{"name":"wp","href":"https:\/\/api.w.org\/{rel}","templated":true}]}}