{"id":116092,"date":"2025-08-25T00:00:00","date_gmt":"2025-08-24T22:00:00","guid":{"rendered":"http:\/\/gpl-love.com\/fr\/produit\/skola-lms-online-courses-wordpress-theme\/"},"modified":"2026-04-10T18:39:46","modified_gmt":"2026-04-10T16:39:46","slug":"skola-lms-online-courses-wordpress-theme","status":"publish","type":"product","link":"https:\/\/gpl-love.com\/fr\/produit\/skola-lms-online-courses-wordpress-theme\/","title":{"rendered":"Skola LMS Online Courses WordPress Theme 1.0.36"},"content":{"rendered":"<h3>Skola LMS Online Courses WordPress Theme Traits<\/h3>\n<p>Les cours en ligne de Skola LMS WordPress offrent une large gamme de solutions compl\u00e8tes et conviviales pour les personnes cherchant \u00e0 cr\u00e9er et \u00e0 superviser un site Web de cours en ligne. Ce th\u00e8me met fortement l&rsquo;accent sur les fonctionnalit\u00e9s, avec un \u00e9ventail de fonctionnalit\u00e9s, notamment la liste des cours et la gestion, l&rsquo;inscription des \u00e9tudiants et le suivi des progr\u00e8s, les profils d&rsquo;instructeurs, les quiz et les missions, et bien plus encore. De plus, sa conception frontale propre et personnalisable permet un niveau de personnalisation optimal. En outre, ce th\u00e8me est compatible avec les plugins populaires tels que WooCommerce et BBPress, \u00e9largissant encore ses capacit\u00e9s et simplifiant le processus d&rsquo;\u00e9tablissement d&rsquo;un environnement d&rsquo;apprentissage professionnel et captivant. Que vous soyez enseignant, formateur ou \u00e9tablissement d&rsquo;enseignement, Skola LMS sert de choix id\u00e9al pour la transition efficace de vos cours vers une plate-forme en ligne.<\/p>\n<ul>\n<li>Th\u00e8me WordPress \u00e9l\u00e9gant et moderne con\u00e7u sp\u00e9cifiquement pour les cours en ligne<\/li>\n<li>Options de personnalisation faciles pour une touche personnalis\u00e9e<\/li>\n<li>Caract\u00e9ristiques de gestion des cours int\u00e9gr\u00e9s, y compris les quiz, les affectations et le classement<\/li>\n<li>S&rsquo;int\u00e8gre aux syst\u00e8mes de gestion de l&rsquo;apprentissage populaires comme Moodle et Blackboard<\/li>\n<li>Conception r\u00e9active optimis\u00e9e pour la visualisation mobile<\/li>\n<li>Des \u00e9l\u00e9ments interactifs comme les forums de discussion et les calendriers de cours<\/li>\n<li>Importation de d\u00e9monstration en un clic pour configurer et concevoir rapidement votre site<\/li>\n<li>Documentation compl\u00e8te et \u00e9quipe de support d\u00e9di\u00e9e pour le d\u00e9pannage et l&rsquo;assistance<\/li>\n<\/ul>\n","protected":false},"excerpt":{"rendered":"<p>Pr\u00e9sentation du th\u00e8me WordPress Skola LMS Cours WordPress, une solution exceptionnelle et compl\u00e8te adapt\u00e9e \u00e0 la cr\u00e9ation et \u00e0 la gestion des sites Web d&rsquo;apprentissage en ligne. B\u00e9n\u00e9ficiant d&rsquo;un design \u00e9l\u00e9gant et sophistiqu\u00e9, le th\u00e8me Skola LMS est la quintessence de l&rsquo;excellence et un choix id\u00e9al pour les \u00e9tablissements d&rsquo;enseignement, les prestataires de cours en ligne, ainsi que les aspirants entrepreneurs cherchant \u00e0 commercialiser leurs cours \u00e0 travers le domaine en ligne. Notamment, ce th\u00e8me est enti\u00e8rement r\u00e9actif, garantissant une exp\u00e9rience visuelle exceptionnelle sur tous les appareils utilis\u00e9s par vos utilisateurs estim\u00e9s. De plus, Skola LMS est \u00e9quip\u00e9e d&rsquo;une myriade de fonctionnalit\u00e9s de pointe, y compris, mais sans s&rsquo;y limiter, la gestion des cours, le suivi des progr\u00e8s des \u00e9tudiants et l&rsquo;int\u00e9gration des paiements en ligne transparente. De plus, le th\u00e8me s&rsquo;int\u00e8gre parfaitement \u00e0 un large \u00e9ventail de plugins tr\u00e8s recherch\u00e9s, vous permettant ainsi de la plus grande flexibilit\u00e9 et de la libert\u00e9 de cr\u00e9ation pour adapter votre site Web en fonction de vos exigences et pr\u00e9f\u00e9rences uniques. Pourquoi attendre plus longtemps? Initiez votre parcours de vente de cours en ligne aujourd&rsquo;hui avec les Skola LMS in\u00e9gal\u00e9es.<\/p>\n","protected":false},"featured_media":145261,"comment_status":"open","ping_status":"open","template":"","meta":[],"product_brand":[2433],"product_cat":[1242,1212,1213],"product_tag":[1366],"class_list":{"0":"post-116092","1":"product","2":"type-product","3":"status-publish","4":"has-post-thumbnail","6":"product_brand-themeforest","7":"product_cat-creatif","8":"product_cat-themes","9":"product_cat-wordpress-themes","10":"product_tag-themeforest","11":"member-discount","12":"discount-restricted","14":"first","15":"instock","16":"sale","17":"downloadable","18":"virtual","19":"sold-individually","20":"purchasable","21":"product-type-simple"},"_links":{"self":[{"href":"https:\/\/gpl-love.com\/fr\/wp-json\/wp\/v2\/product\/116092","targetHints":{"allow":["GET"]}}],"collection":[{"href":"https:\/\/gpl-love.com\/fr\/wp-json\/wp\/v2\/product"}],"about":[{"href":"https:\/\/gpl-love.com\/fr\/wp-json\/wp\/v2\/types\/product"}],"replies":[{"embeddable":true,"href":"https:\/\/gpl-love.com\/fr\/wp-json\/wp\/v2\/comments?post=116092"}],"wp:featuredmedia":[{"embeddable":true,"href":"https:\/\/gpl-love.com\/fr\/wp-json\/wp\/v2\/media\/145261"}],"wp:attachment":[{"href":"https:\/\/gpl-love.com\/fr\/wp-json\/wp\/v2\/media?parent=116092"}],"wp:term":[{"taxonomy":"product_brand","embeddable":true,"href":"https:\/\/gpl-love.com\/fr\/wp-json\/wp\/v2\/product_brand?post=116092"},{"taxonomy":"product_cat","embeddable":true,"href":"https:\/\/gpl-love.com\/fr\/wp-json\/wp\/v2\/product_cat?post=116092"},{"taxonomy":"product_tag","embeddable":true,"href":"https:\/\/gpl-love.com\/fr\/wp-json\/wp\/v2\/product_tag?post=116092"}],"curies":[{"name":"wp","href":"https:\/\/api.w.org\/{rel}","templated":true}]}}