{"id":116082,"date":"2023-05-19T00:00:00","date_gmt":"2023-05-18T22:00:00","guid":{"rendered":"http:\/\/gpl-love.com\/fr\/produit\/event-conference-exhibz\/"},"modified":"2026-03-20T23:04:40","modified_gmt":"2026-03-20T22:04:40","slug":"event-conference-exhibz","status":"publish","type":"product","link":"https:\/\/gpl-love.com\/fr\/produit\/event-conference-exhibz\/","title":{"rendered":"Event Conference Exhibz 2.5.2"},"content":{"rendered":"<h3>Event Conference Exhibz Traits<\/h3>\n<p>Event Conference Exhibz est une solution logicielle multiforme qui a \u00e9t\u00e9 m\u00e9ticuleusement d\u00e9velopp\u00e9e pour rationaliser et faciliter le processus complexe de gestion et d&rsquo;organisation de conf\u00e9rences, de salons commerciaux et d&rsquo;une pl\u00e9thore d&rsquo;autres \u00e9v\u00e9nements. Cette plate-forme de pointe poss\u00e8de une interface tr\u00e8s intuitive qui permet aux planificateurs d&rsquo;\u00e9v\u00e9nements la possibilit\u00e9 de cr\u00e9er et de superviser efficacement tous les aspects de leurs \u00e9v\u00e9nements, allant de la billetterie et de l&rsquo;enregistrement \u00e0 la planification et \u00e0 la gestion des conf\u00e9renciers. L&rsquo;incorporation de fonctionnalit\u00e9s formidables, notamment des analyses en temps r\u00e9el, des outils de gestion complets de sponsors et des fonctionnalit\u00e9s d&rsquo;engagement innovantes des participants, permet \u00e0 l&rsquo;\u00e9v\u00e9nement de conf\u00e9rence d&rsquo;exposition de permettre aux organisateurs de fournir une exp\u00e9rience de mani\u00e8re transparente orchestr\u00e9e et ind\u00e9pendante pour leurs participants estim\u00e9s. Que vous orchestrant une conf\u00e9rence commerciale intime et \u00e0 petite \u00e9chelle ou une extravagance grandiose \u00e0 grande \u00e9chelle, ce logiciel in\u00e9gal\u00e9 est \u00e9quip\u00e9 sans \u00e9quivoque d&rsquo;une suite de ressources indispensables tout-recommandable, pr\u00eate \u00e0 garantir le succ\u00e8s retentissant de votre exceptionnel de votre exceptionnel \u00e9v\u00e9nement.<\/p>\n<ul>\n<li>Plateforme compl\u00e8te de gestion d&rsquo;\u00e9v\u00e9nements pour les conf\u00e9rences et expositions<\/li>\n<li>Syst\u00e8me d&rsquo;inscription et de billetterie facile pour les participants<\/li>\n<li>Capacit\u00e9 \u00e0 cr\u00e9er et g\u00e9rer plusieurs horaires d&rsquo;\u00e9v\u00e9nements et agendas<\/li>\n<li>Int\u00e9gration avec des passerelles de paiement populaires pour les transactions s\u00e9curis\u00e9es<\/li>\n<li>Site Web d&rsquo;\u00e9v\u00e9nement personnalisable et options de marque<\/li>\n<li>Analyses en temps r\u00e9el et fonctionnalit\u00e9s de rapport pour les organisateurs d&rsquo;\u00e9v\u00e9nements<\/li>\n<li>Des fonctionnalit\u00e9s interactives et engageantes, telles que des s\u00e9ances de questions et r\u00e9ponses en direct<\/li>\n<li>Opportunit\u00e9s de r\u00e9seautage pour les participants gr\u00e2ce \u00e0 un chat virtuel et \u00e0 la messagerie<\/li>\n<li>Compatibilit\u00e9 des applications mobiles pour un acc\u00e8s pratique aux informations sur l&rsquo;\u00e9v\u00e9nement \u00e0 l&#8217;emploi<\/li>\n<li>Soutien et assistance d\u00e9di\u00e9s \u00e0 l&rsquo;\u00e9quipe d&rsquo;exposition tout au long du processus de planification de l&rsquo;\u00e9v\u00e9nement<\/li>\n<\/ul>\n","protected":false},"excerpt":{"rendered":"<p>La conf\u00e9rence de l&rsquo;\u00e9v\u00e9nement Exhibz est une plate-forme de pointe et r\u00e9volutionnaire qui a \u00e9t\u00e9 m\u00e9ticuleusement con\u00e7ue pour simplifier et rationaliser le processus complexe d&rsquo;organisation et de gestion efficace des \u00e9v\u00e9nements, des conf\u00e9rences et des expositions. \u00c9quip\u00e9e d&rsquo;une gamme compl\u00e8te de fonctionnalit\u00e9s tr\u00e8s avanc\u00e9es, telles que des billets, des outils d&rsquo;inscription, de planification et de promotion des participants, la conf\u00e9rence d&rsquo;\u00e9v\u00e9nements Exhibz pr\u00e9sente une solution tout compris qui s&rsquo;adresse \u00e0 tous les aspects imaginables de la configuration des \u00e9v\u00e9nements. Avec son degr\u00e9 in\u00e9gal\u00e9 de flexibilit\u00e9 et d&rsquo;adaptabilit\u00e9, cette plate-forme remarquable offre une exp\u00e9rience d&rsquo;\u00e9v\u00e9nement vraiment in\u00e9gal\u00e9e qui r\u00e9pond de mani\u00e8re transparente aux besoins et aux attentes des organisateurs et des participants. Offrez des adieux aux charges alambiqu\u00e9es et exasp\u00e9rantes qui accompagnent g\u00e9n\u00e9ralement la gestion des \u00e9v\u00e9nements, car la conf\u00e9rence d&rsquo;\u00e9v\u00e9nements exposait gracieusement l&rsquo;enti\u00e8re responsabilit\u00e9 de la gestion des d\u00e9tails de chaque minute, garantissant un \u00e9v\u00e9nement ph\u00e9nom\u00e9nalement r\u00e9ussi qui d\u00e9passe toutes les attentes ant\u00e9rieures.<\/p>\n","protected":false},"featured_media":143788,"comment_status":"open","ping_status":"open","template":"","meta":[],"product_brand":[2433],"product_cat":[1242,1212,1213],"product_tag":[1366],"class_list":{"0":"post-116082","1":"product","2":"type-product","3":"status-publish","4":"has-post-thumbnail","6":"product_brand-themeforest","7":"product_cat-creatif","8":"product_cat-themes","9":"product_cat-wordpress-themes","10":"product_tag-themeforest","11":"member-discount","12":"discount-restricted","14":"first","15":"instock","16":"sale","17":"downloadable","18":"virtual","19":"sold-individually","20":"purchasable","21":"product-type-simple"},"_links":{"self":[{"href":"https:\/\/gpl-love.com\/fr\/wp-json\/wp\/v2\/product\/116082","targetHints":{"allow":["GET"]}}],"collection":[{"href":"https:\/\/gpl-love.com\/fr\/wp-json\/wp\/v2\/product"}],"about":[{"href":"https:\/\/gpl-love.com\/fr\/wp-json\/wp\/v2\/types\/product"}],"replies":[{"embeddable":true,"href":"https:\/\/gpl-love.com\/fr\/wp-json\/wp\/v2\/comments?post=116082"}],"wp:featuredmedia":[{"embeddable":true,"href":"https:\/\/gpl-love.com\/fr\/wp-json\/wp\/v2\/media\/143788"}],"wp:attachment":[{"href":"https:\/\/gpl-love.com\/fr\/wp-json\/wp\/v2\/media?parent=116082"}],"wp:term":[{"taxonomy":"product_brand","embeddable":true,"href":"https:\/\/gpl-love.com\/fr\/wp-json\/wp\/v2\/product_brand?post=116082"},{"taxonomy":"product_cat","embeddable":true,"href":"https:\/\/gpl-love.com\/fr\/wp-json\/wp\/v2\/product_cat?post=116082"},{"taxonomy":"product_tag","embeddable":true,"href":"https:\/\/gpl-love.com\/fr\/wp-json\/wp\/v2\/product_tag?post=116082"}],"curies":[{"name":"wp","href":"https:\/\/api.w.org\/{rel}","templated":true}]}}