{"id":116080,"date":"2021-06-30T00:00:00","date_gmt":"2021-06-29T22:00:00","guid":{"rendered":"http:\/\/gpl-love.com\/fr\/produit\/atheus-modern-creative-agency-wordpress-theme\/"},"modified":"2026-03-20T22:55:12","modified_gmt":"2026-03-20T21:55:12","slug":"atheus-modern-creative-agency-wordpress-theme","status":"publish","type":"product","link":"https:\/\/gpl-love.com\/fr\/produit\/atheus-modern-creative-agency-wordpress-theme\/","title":{"rendered":"Atheus Modern Creative Agency WordPress Theme 1.1.0"},"content":{"rendered":"<h3>Atheus Modern Creative Agency WordPress Theme Traits<\/h3>\n<p>Le th\u00e8me WordPress de l&rsquo;agence cr\u00e9ative moderne de l&rsquo;Atheus est un th\u00e8me incroyablement polyvalent et exceptionnellement professionnel qui a \u00e9t\u00e9 d\u00e9lib\u00e9r\u00e9ment et m\u00e9ticuleusement con\u00e7u pour r\u00e9pondre aux entreprises de l&rsquo;industrie cr\u00e9ative tr\u00e8s dynamique et en constante \u00e9volution. Ce th\u00e8me poss\u00e8de non seulement un design impeccablement propre et impressionnant, mais il offre \u00e9galement une vaste gamme de fonctionnalit\u00e9s enti\u00e8rement personnalisables qui permettent aux utilisateurs de modeler et de g\u00e9rer sans effort un site Web totalement unique et profond\u00e9ment engageant qui capture et incarne vraiment l&rsquo;essence et l&rsquo;\u00e9thique de leur marque, de leur produit ou de leur service.<\/p>\n<p>L&rsquo;un des nombreux aspects remarquables de ce th\u00e8me est sa r\u00e9activit\u00e9 in\u00e9gal\u00e9e, garantissant que, quel que soit l&rsquo;appareil utilis\u00e9, le site Web brille de mani\u00e8re coh\u00e9rente et parfaitement dans toute sa gloire resplendissante. De plus, le th\u00e8me WordPress de l&rsquo;agence de cr\u00e9ation moderne de l&rsquo;Atheus s&rsquo;accompagne d&rsquo;un assortiment exquis de mod\u00e8les et de dispositions pr\u00e9-con\u00e7us, facilitant le processus de cr\u00e9ation de sites Web et acc\u00e9l\u00e9rant la r\u00e9alisation de sa vision cr\u00e9ative.<\/p>\n<p>L&rsquo;exp\u00e9rience utilisateur de ce th\u00e8me extraordinaire est encore am\u00e9lior\u00e9e par sa nature conviviale et sa personnalisation transparente. Avec l&rsquo;inclusion d&rsquo;un constructeur de pages de glisser-d\u00e9poser intuitif et d&rsquo;une pl\u00e9thore d&rsquo;options de th\u00e8me avanc\u00e9es, le th\u00e8me de l&rsquo;agence de cr\u00e9ation moderne moderne rend le th\u00e8me et offre aux utilisateurs les outils et les ressources n\u00e9cessaires pour modeler et fa\u00e7onner sans effort leur site Web en fonction de leurs pr\u00e9f\u00e9rences uniques et les exigences.<\/p>\n<p>En plus de ses fonctionnalit\u00e9s de conception et de personnalisation exceptionnelles, ce th\u00e8me remarquable poss\u00e8de \u00e9galement une myriade d&rsquo;\u00e9l\u00e9ments et de composants suppl\u00e9mentaires qui servent \u00e0 \u00e9lever et \u00e0 augmenter l&rsquo;esth\u00e9tique et les fonctionnalit\u00e9s globales du site Web. Des fonctionnalit\u00e9s telles que les curseurs, les portefeuilles et les t\u00e9moignages ajoutent une couche suppl\u00e9mentaire de sophistication et de professionnalisme, permettant aux agences cr\u00e9atives de pr\u00e9senter efficacement leur travail de travail \u00e9tonnant et finalement d&rsquo;attirer et d&rsquo;attirer des clients potentiels.<\/p>\n<p>En conclusion, l&rsquo;extraordinaire th\u00e8me de l&rsquo;agence de cr\u00e9ation moderne de l&rsquo;Atheus est sans \u00e9quivoque le choix par excellence pour toute agence de cr\u00e9ation exigeante cherchant \u00e0 incarner et \u00e0 incarner la v\u00e9ritable essence et l&rsquo;esprit de leur m\u00e9tier. Sa polyvalence remarquable, sa conception professionnelle in\u00e9gal\u00e9e et sa vaste gamme de fonctionnalit\u00e9s personnalisables en font la plate-forme id\u00e9ale pour pr\u00e9senter ses prouesses cr\u00e9atives et captiver et enchanter le public de tous les horizons.<\/p>\n<ul>\n<li>Design \u00e9l\u00e9gant et moderne<\/li>\n<li>Disposition r\u00e9active pour une visualisation optimale sur tous les appareils<\/li>\n<li>Options de couleurs personnalisables pour correspondre \u00e0 votre marque<\/li>\n<li>Builder de page de glisser-d\u00e9poser facile \u00e0 utiliser<\/li>\n<li>Mod\u00e8les pr\u00e9d\u00e9finis pour les pages de portefeuille, de blog et de services<\/li>\n<li>Polices Google int\u00e9gr\u00e9es pour la typographie \u00e9l\u00e9gante<\/li>\n<li>Compositeur visuel et r\u00e9volution du curseur inclus pour une flexibilit\u00e9 suppl\u00e9mentaire<\/li>\n<li>SEO optimis\u00e9 pour un meilleur classement des moteurs de recherche<\/li>\n<li>Traduction pr\u00eate pour le public mondial<\/li>\n<li>Importateur de contenu de d\u00e9monstration en un clic pour une configuration rapide<\/li>\n<li>Support client et documentation fiables fournies.<\/li>\n<\/ul>\n","protected":false},"excerpt":{"rendered":"<p>Pr\u00e9sentation du th\u00e8me WordPress de l&rsquo;agence de cr\u00e9ation moderne de l&rsquo;Atheus, une solution de pointe pour les agences de cr\u00e9ation pionni\u00e8res qui souhaitent se d\u00e9marquer dans le monde num\u00e9rique. Ce th\u00e8me offre un design \u00e9l\u00e9gant et moderne, avec une disposition personnalisable qui vous permet d&rsquo;exprimer la marque et la vision uniques de votre agence. Construit avec du code SEO-friendly, le th\u00e8me de l&rsquo;atthes garantit que votre agence se classe dans les r\u00e9sultats de la recherche. Il dispose \u00e9galement d&rsquo;une conception r\u00e9active, garantissant que votre site Web aura fi\u00e8re allure sur n&rsquo;importe quel appareil, des ordinateurs de bureau aux smartphones. Avec le th\u00e8me de l&rsquo;Atheus, vous pouvez \u00e9galement profiter de l&rsquo;importation de d\u00e9monstration en un clic incluse, ce qui rend la configuration un jeu d&rsquo;enfant. Le th\u00e8me est \u00e9galement pr\u00eat pour Gutenberg, vous permettant de cr\u00e9er facilement du contenu dynamique riche. Enfin, ce th\u00e8me offre un support client haut de gamme et des mises \u00e0 jour r\u00e9guli\u00e8res, garantissant que votre site Web reste fonctionnel et \u00e0 jour. Am\u00e9liorez votre pr\u00e9sence en ligne avec le th\u00e8me WordPress de l&rsquo;agence cr\u00e9ative moderne de l&rsquo;Atheus.<\/p>\n","protected":false},"featured_media":143167,"comment_status":"open","ping_status":"open","template":"","meta":[],"product_brand":[2433],"product_cat":[1242,1212,1213],"product_tag":[1366],"class_list":{"0":"post-116080","1":"product","2":"type-product","3":"status-publish","4":"has-post-thumbnail","6":"product_brand-themeforest","7":"product_cat-creatif","8":"product_cat-themes","9":"product_cat-wordpress-themes","10":"product_tag-themeforest","11":"member-discount","12":"discount-restricted","14":"first","15":"instock","16":"sale","17":"downloadable","18":"virtual","19":"sold-individually","20":"purchasable","21":"product-type-simple"},"_links":{"self":[{"href":"https:\/\/gpl-love.com\/fr\/wp-json\/wp\/v2\/product\/116080","targetHints":{"allow":["GET"]}}],"collection":[{"href":"https:\/\/gpl-love.com\/fr\/wp-json\/wp\/v2\/product"}],"about":[{"href":"https:\/\/gpl-love.com\/fr\/wp-json\/wp\/v2\/types\/product"}],"replies":[{"embeddable":true,"href":"https:\/\/gpl-love.com\/fr\/wp-json\/wp\/v2\/comments?post=116080"}],"wp:featuredmedia":[{"embeddable":true,"href":"https:\/\/gpl-love.com\/fr\/wp-json\/wp\/v2\/media\/143167"}],"wp:attachment":[{"href":"https:\/\/gpl-love.com\/fr\/wp-json\/wp\/v2\/media?parent=116080"}],"wp:term":[{"taxonomy":"product_brand","embeddable":true,"href":"https:\/\/gpl-love.com\/fr\/wp-json\/wp\/v2\/product_brand?post=116080"},{"taxonomy":"product_cat","embeddable":true,"href":"https:\/\/gpl-love.com\/fr\/wp-json\/wp\/v2\/product_cat?post=116080"},{"taxonomy":"product_tag","embeddable":true,"href":"https:\/\/gpl-love.com\/fr\/wp-json\/wp\/v2\/product_tag?post=116080"}],"curies":[{"name":"wp","href":"https:\/\/api.w.org\/{rel}","templated":true}]}}