{"id":116078,"date":"2024-09-13T00:00:00","date_gmt":"2024-09-12T22:00:00","guid":{"rendered":"http:\/\/gpl-love.com\/fr\/produit\/preloader-plugin-loftloader-pro\/"},"modified":"2026-04-10T18:36:51","modified_gmt":"2026-04-10T16:36:51","slug":"preloader-plugin-loftloader-pro","status":"publish","type":"product","link":"https:\/\/gpl-love.com\/fr\/produit\/preloader-plugin-loftloader-pro\/","title":{"rendered":"Preloader Plugin LoftLoader Pro 2.5"},"content":{"rendered":"<h3>Preloader Plugin LoftLoader Pro Traits<\/h3>\n<p>Loftloader Pro, un plugin pr\u00e9loadeur exceptionnel, permet aux propri\u00e9taires de sites Web de cr\u00e9er une animation de chargement visuellement captivante pour leurs sites Web estim\u00e9s. En exploitant la puissance de ce plugin, les propri\u00e9taires de sites Web peuvent adapter sans effort leur animation de pr\u00e9loade pour r\u00e9pondre \u00e0 leurs pr\u00e9f\u00e9rences uniques, que ce soit \u00e0 travers l&rsquo;int\u00e9gration de diverses formes, couleurs ou effets d&rsquo;animation. De plus, le plugin poss\u00e8de une barre de progr\u00e8s int\u00e9gr\u00e9e remarquable qui pr\u00e9sente consciencieusement la progression du chargement du site Web. Notamment, Loftloader Pro obtient une reconnaissance pour son optimisation in\u00e9gal\u00e9e, facilitant les temps de chargement rapides et emp\u00eachant tout impact pr\u00e9judiciable sur les performances globales du site Web. En substance, ce plugin pr\u00e9loadeur sert de choix impeccable pour les propri\u00e9taires de sites Web exigeants qui aspirent \u00e0 \u00e9lever l&rsquo;exp\u00e9rience utilisateur de leur site Web en incorporant une animation pr\u00e9loadeuse enchanteresse et enti\u00e8rement personnalisable.<\/p>\n<ul>\n<li>Plugin pr\u00e9loadeur professionnel pour les sites Web et les applications<\/li>\n<li>Facile \u00e0 utiliser et \u00e0 personnaliser avec une vari\u00e9t\u00e9 d&rsquo;options<\/li>\n<li>Choisissez parmi plus de 150 styles d&rsquo;animation pour correspondre \u00e0 votre marque ou \u00e0 votre conception de site Web<\/li>\n<li>Ajoutez votre propre animation de pr\u00e9loader personnalis\u00e9e \u00e0 l&rsquo;aide de HTML et CSS<\/li>\n<li>Option pour afficher le pr\u00e9loadeur sur des pages sp\u00e9cifiques ou tout au long du site<\/li>\n<li>Compatible avec tous les navigateurs et appareils mobiles modernes<\/li>\n<li>Rapide et l\u00e9ger, con\u00e7u pour des performances optimales sans ralentir votre site<\/li>\n<li>Comprend des fonctionnalit\u00e9s avanc\u00e9es comme le chargement paresseux, la personnalisation du spinner et plus<\/li>\n<li>Mises \u00e0 jour r\u00e9guli\u00e8res et excellent support client de l&rsquo;\u00e9quipe des d\u00e9veloppeurs<\/li>\n<li>Un outil incontournable pour les concepteurs Web et les d\u00e9veloppeurs qui cherchent \u00e0 am\u00e9liorer l&rsquo;exp\u00e9rience utilisateur sur leurs sites ou applications.<\/li>\n<\/ul>\n","protected":false},"excerpt":{"rendered":"<p>Loftloader Pro est un plugin pr\u00e9loadeur exceptionnel qui garantit un chargement transparent et rapide de votre site Web, rempli de qualit\u00e9 sup\u00e9rieure. M\u00e9ticuleusement fa\u00e7onn\u00e9 avec une technologie de pointe, ce plugin s&rsquo;int\u00e8gre de mani\u00e8re transparente dans votre site Web, permettant une installation et une personnalisation sans effort conform\u00e9ment \u00e0 la marque et \u00e0 l&rsquo;esth\u00e9tique de conception de votre site Web. Avec l&rsquo;aide de Loftloader Pro, vous avez le pouvoir de captiver et d&rsquo;\u00e9tonner votre public avec un \u00e9ventail d&rsquo;animations de chargement con\u00e7ues professionnellement, \u00e9levant ainsi leur exp\u00e9rience de navigation \u00e0 un niveau de grandeur sans pr\u00e9c\u00e9dent. Que vous poss\u00e9diez un blog personnel ou un site Web de commerce \u00e9lectronique, ce plugin optimisera m\u00e9ticuleusement le temps de chargement de votre site Web, aboutissant finalement \u00e0 une augmentation d&rsquo;engagement et de conversions.<\/p>\n","protected":false},"featured_media":145008,"comment_status":"open","ping_status":"open","template":"","meta":[],"product_brand":[2435],"product_cat":[1189,1181,1186],"product_tag":[1231],"class_list":{"0":"post-116078","1":"product","2":"type-product","3":"status-publish","4":"has-post-thumbnail","6":"product_brand-codecanyon","7":"product_cat-personnalisation","8":"product_cat-plugins","9":"product_cat-wordpress-plugins","10":"product_tag-codecanyon","11":"member-discount","12":"discount-restricted","14":"first","15":"instock","16":"sale","17":"downloadable","18":"virtual","19":"sold-individually","20":"purchasable","21":"product-type-simple"},"_links":{"self":[{"href":"https:\/\/gpl-love.com\/fr\/wp-json\/wp\/v2\/product\/116078","targetHints":{"allow":["GET"]}}],"collection":[{"href":"https:\/\/gpl-love.com\/fr\/wp-json\/wp\/v2\/product"}],"about":[{"href":"https:\/\/gpl-love.com\/fr\/wp-json\/wp\/v2\/types\/product"}],"replies":[{"embeddable":true,"href":"https:\/\/gpl-love.com\/fr\/wp-json\/wp\/v2\/comments?post=116078"}],"wp:featuredmedia":[{"embeddable":true,"href":"https:\/\/gpl-love.com\/fr\/wp-json\/wp\/v2\/media\/145008"}],"wp:attachment":[{"href":"https:\/\/gpl-love.com\/fr\/wp-json\/wp\/v2\/media?parent=116078"}],"wp:term":[{"taxonomy":"product_brand","embeddable":true,"href":"https:\/\/gpl-love.com\/fr\/wp-json\/wp\/v2\/product_brand?post=116078"},{"taxonomy":"product_cat","embeddable":true,"href":"https:\/\/gpl-love.com\/fr\/wp-json\/wp\/v2\/product_cat?post=116078"},{"taxonomy":"product_tag","embeddable":true,"href":"https:\/\/gpl-love.com\/fr\/wp-json\/wp\/v2\/product_tag?post=116078"}],"curies":[{"name":"wp","href":"https:\/\/api.w.org\/{rel}","templated":true}]}}