{"id":116074,"date":"2024-12-27T00:00:00","date_gmt":"2024-12-26T23:00:00","guid":{"rendered":"http:\/\/gpl-love.com\/fr\/produit\/impeka-creative-multi-purpose-wordpress-theme\/"},"modified":"2026-03-20T23:20:12","modified_gmt":"2026-03-20T22:20:12","slug":"impeka-creative-multi-purpose-wordpress-theme","status":"publish","type":"product","link":"https:\/\/gpl-love.com\/fr\/produit\/impeka-creative-multi-purpose-wordpress-theme\/","title":{"rendered":"Impeka Creative Multi-Purpose WordPress Theme 2.0.6"},"content":{"rendered":"<h3>Impeka Creative Multi-Purpose WordPress Theme Traits<\/h3>\n<p>Le th\u00e8me WordPress polyvalent Impecka Creative sert de solution ultime pour les personnes \u00e0 la recherche d&rsquo;un mod\u00e8le polyvalent et visuellement attrayant pour am\u00e9liorer l&rsquo;attrait de leur site Web. B\u00e9n\u00e9ficiant d&rsquo;un design contemporain et \u00e9l\u00e9gant, Impecka pr\u00e9sente une vaste gamme d&rsquo;options de personnalisation et de personnalisation. Son interface conviviale garantit la navigation et la gestion de contenu sans effort, ce qui le rend adapt\u00e9 aux professionnels chevronn\u00e9s et aux novices. Impecka comprend une s\u00e9lection diversifi\u00e9e de dispositions pr\u00e9d\u00e9finies, englobant le portefeuille, le blog et les possibilit\u00e9s de commerce \u00e9lectronique, en l&rsquo;\u00e9tablissant comme le th\u00e8me incontournable de tout genre de site Web. De plus, Impecka propose une gamme de plugins et de widgets, augmentant davantage son potentiel de personnalisation et ses capacit\u00e9s fonctionnelles. Gr\u00e2ce au th\u00e8me WordPress polyvalent Impecka Creative, fabriquer un site Web distinctif et poli n&rsquo;a jamais \u00e9t\u00e9 aussi accessible.<\/p>\n<ul>\n<li>Un th\u00e8me WordPress flexible et polyvalent adapt\u00e9 \u00e0 un large \u00e9ventail de sites Web<\/li>\n<li>Emball\u00e9 avec des fonctionnalit\u00e9s utiles, y compris plus de 10 dispositions de d\u00e9monstration, des widgets personnalis\u00e9s et un panneau d&rsquo;options de th\u00e8me puissant<\/li>\n<li>Construit en utilisant les derni\u00e8res technologies Web, y compris HTML5, CSS3 et JQuery<\/li>\n<li>Conception enti\u00e8rement r\u00e9active, garantir que votre site Web a fi\u00e8re allure sur tous les appareils<\/li>\n<li>SEO optimis\u00e9, aidant votre site Web \u00e0 se classer plus haut dans les r\u00e9sultats des moteurs de recherche<\/li>\n<li>Comprend un importateur de d\u00e9monstration en un clic, ce qui facilite la mise en service de votre site Web en un rien de temps<\/li>\n<li>Documentation et soutien compl\u00e8tes, vous aidant \u00e0 tirer le meilleur parti des fonctionnalit\u00e9s que le th\u00e8me a \u00e0 offrir<\/li>\n<li>Compatible avec des plugins populaires tels que WooCommerce, Yoast SEO et le formulaire de contact 7<\/li>\n<li>R\u00e9guli\u00e8rement mis \u00e0 jour avec de nouvelles fonctionnalit\u00e9s et am\u00e9liorations, en vous assurant que votre site Web reste \u00e0 jour avec les derni\u00e8res tendances de la conception Web<\/li>\n<li>Support 24\/7 disponible, garantir que les probl\u00e8mes ou les questions que vous avez sont rapidement r\u00e9solus.<\/li>\n<\/ul>\n","protected":false},"excerpt":{"rendered":"<p>Le th\u00e8me WordPress polyvalent Impecka Creative est une solution de conception de site Web extr\u00eamement sophistiqu\u00e9e et robuste qui r\u00e9pond parfaitement aux besoins des entrepreneurs, des blogueurs et des professionnels cr\u00e9atifs. B\u00e9n\u00e9ficiant d&rsquo;une disposition globale, d&rsquo;un \u00e9ventail d&rsquo;\u00e9l\u00e9ments de conception impressionnants et de fonctionnalit\u00e9s de pointe, ce th\u00e8me est la quintessence de la perfection pour les personnes cherchant \u00e0 cr\u00e9er des sites Web exceptionnels et visuellement captivants qui se d\u00e9marquent sans effort des masses. Que l&rsquo;objectif soit de construire un portefeuille \u00e9blouissant, une plate-forme de commerce \u00e9lectronique florissante ou un site Web de commerce florissant, Impecka fournit une suite compl\u00e8te d&rsquo;outils et de fonctionnalit\u00e9s pour r\u00e9aliser toutes les aspirations de tels et manifester une pr\u00e9sence en ligne impressionnante. En vertu de ses mod\u00e8les enti\u00e8rement personnalisables, de sa conception r\u00e9active dynamique et de son interface utilisateur intuitive, ce th\u00e8me est tenu de captiver et de captiver \u00e0 la fois les clients exigeants et les clients d\u00e9vou\u00e9s dans une \u00e9gale mesure!<\/p>\n","protected":false},"featured_media":144222,"comment_status":"open","ping_status":"open","template":"","meta":[],"product_brand":[2433],"product_cat":[1214,1212,1213],"product_tag":[1366],"class_list":{"0":"post-116074","1":"product","2":"type-product","3":"status-publish","4":"has-post-thumbnail","6":"product_brand-themeforest","7":"product_cat-polyvalent","8":"product_cat-themes","9":"product_cat-wordpress-themes","10":"product_tag-themeforest","11":"member-discount","12":"discount-restricted","14":"first","15":"instock","16":"sale","17":"downloadable","18":"virtual","19":"sold-individually","20":"purchasable","21":"product-type-simple"},"_links":{"self":[{"href":"https:\/\/gpl-love.com\/fr\/wp-json\/wp\/v2\/product\/116074","targetHints":{"allow":["GET"]}}],"collection":[{"href":"https:\/\/gpl-love.com\/fr\/wp-json\/wp\/v2\/product"}],"about":[{"href":"https:\/\/gpl-love.com\/fr\/wp-json\/wp\/v2\/types\/product"}],"replies":[{"embeddable":true,"href":"https:\/\/gpl-love.com\/fr\/wp-json\/wp\/v2\/comments?post=116074"}],"wp:featuredmedia":[{"embeddable":true,"href":"https:\/\/gpl-love.com\/fr\/wp-json\/wp\/v2\/media\/144222"}],"wp:attachment":[{"href":"https:\/\/gpl-love.com\/fr\/wp-json\/wp\/v2\/media?parent=116074"}],"wp:term":[{"taxonomy":"product_brand","embeddable":true,"href":"https:\/\/gpl-love.com\/fr\/wp-json\/wp\/v2\/product_brand?post=116074"},{"taxonomy":"product_cat","embeddable":true,"href":"https:\/\/gpl-love.com\/fr\/wp-json\/wp\/v2\/product_cat?post=116074"},{"taxonomy":"product_tag","embeddable":true,"href":"https:\/\/gpl-love.com\/fr\/wp-json\/wp\/v2\/product_tag?post=116074"}],"curies":[{"name":"wp","href":"https:\/\/api.w.org\/{rel}","templated":true}]}}