{"id":116072,"date":"2021-06-30T00:00:00","date_gmt":"2021-06-29T22:00:00","guid":{"rendered":"http:\/\/gpl-love.com\/fr\/produit\/sabai-discuss-q-et-a-forum-plugin-pour-wordpress\/"},"modified":"2026-04-10T18:38:31","modified_gmt":"2026-04-10T16:38:31","slug":"sabai-discuss-q-et-a-forum-plugin-pour-wordpress","status":"publish","type":"product","link":"https:\/\/gpl-love.com\/fr\/produit\/sabai-discuss-q-et-a-forum-plugin-pour-wordpress\/","title":{"rendered":"Sabai Discuss Q et A forum plugin pour WordPress 1.4.11"},"content":{"rendered":"<h3>Sabai Discuss Q et A forum plugin pour WordPress Traits<\/h3>\n<p>Sabai Discuter Q et A Forum Plugin for WordPress est un outil extr\u00eamement puissant qui offre aux propri\u00e9taires de sites Web un moyen remarquablement accessible et remarquablement efficace d&rsquo;\u00e9tablir un forum de discussion sur leur site Web. Ce plugin permet aux visiteurs du site Web de soumettre des demandes de renseignements et d&rsquo;obtenir des r\u00e9ponses du propri\u00e9taire du site Web ou d&rsquo;autres membres de la communaut\u00e9, favorisant efficacement un environnement d&rsquo;engagement actif et de partage des connaissances. Le plugin lui-m\u00eame est exceptionnellement convivial, avec un \u00e9ventail d&rsquo;options personnalisables qui permettent aux propri\u00e9taires de sites Web d&rsquo;adapter le forum pour r\u00e9pondre \u00e0 leurs exigences uniques et individuelles. En outre, il convient de noter que Sabai Discuter Q et un plugin Forum est enti\u00e8rement sensible aux appareils mobiles, garantissant un acc\u00e8s transparent au forum de n&rsquo;importe quel appareil \u00e0 tout moment. De plus, il est \u00e9quip\u00e9 de caract\u00e9ristiques essentielles de protection du spam qui garantissent efficacement la propret\u00e9 et la pertinence du contenu du forum. En conclusion, il est clairement clair que Sabai discute de Q et un plugin Forum est un atout vraiment inestimable pour tout site Web WordPress cherchant \u00e0 cultiver un sentiment d&rsquo;engagement communautaire et \u00e0 \u00e9tablir un espace d\u00e9di\u00e9 \u00e0 l&rsquo;\u00e9change d&rsquo;id\u00e9es et de connaissances.<\/p>\n<ul>\n<li>Plugin Forum pour les questions et r\u00e9ponses conviviales pour les sites Web WordPress<\/li>\n<li>Permet aux visiteurs du site Web de poser des questions et d&rsquo;obtenir des r\u00e9ponses d&rsquo;autres utilisateurs ou administrateurs de sites Web<\/li>\n<li>S&rsquo;int\u00e8gre \u00e0 WordPress de mani\u00e8re transparente, sans codage ou connaissance technique requise<\/li>\n<li>Enti\u00e8rement personnalisable pour correspondre \u00e0 l&rsquo;apparence et \u00e0 la sensation de votre site Web<\/li>\n<li>Comprend des fonctionnalit\u00e9s telles que les outils de mod\u00e9ration, les notifications par e-mail et le syst\u00e8me de r\u00e9putation des utilisateurs<\/li>\n<li>Prend en charge plusieurs langues et est pr\u00eat pour la traduction<\/li>\n<li>Fournit des analyses d\u00e9taill\u00e9es pour suivre l&rsquo;engagement des utilisateurs et l&rsquo;activit\u00e9 du forum<\/li>\n<li>R\u00e9guli\u00e8rement mis \u00e0 jour et maintenu pour assurer la compatibilit\u00e9 avec la derni\u00e8re version de WordPress<\/li>\n<li>Offre un excellent support client et documentation pour le d\u00e9pannage et la FAQ<\/li>\n<li>Des prix flexibles pr\u00e9voient des entreprises de toutes tailles et besoins.<\/li>\n<\/ul>\n","protected":false},"excerpt":{"rendered":"<p>Sabai Discuter Q and a Forum Plugin for WordPress est un outil exceptionnel qui r\u00e9pond aux besoins des personnes cherchant \u00e0 augmenter leur site Web WordPress avec un forum de questions et r\u00e9ponses complets et conviviaux. En incorporant ce plugin, les utilisateurs sont autoris\u00e9s \u00e0 fabriquer des forums de questions-r\u00e9ponses sur mesure pour les visiteurs de leur site Web, facilitant le processus de soumission et de r\u00e9ponse aux demandes dans le domaine du site Web. De plus, Sabai Dispusation poss\u00e8de un \u00e9ventail de fonctionnalit\u00e9s suppl\u00e9mentaires, notamment les fonctionnalit\u00e9s de vote et de commentaire, favorisant ainsi l&rsquo;engagement actif et significatif entre les visiteurs, favorisant un climat propice \u00e0 la fourniture de commentaires constructifs. De plus, ce plugin est enti\u00e8rement r\u00e9actif, ce qui rend son apparence visuellement attrayante sur tous les appareils. Si vous \u00eates \u00e0 la recherche d&rsquo;un formidable plugin de forum de questions \/ r\u00e9ponses pour fortifier votre site Web WordPress, Sabai Discussion \u00e9merge comme un choix exemplaire.<\/p>\n","protected":false},"featured_media":145152,"comment_status":"open","ping_status":"open","template":"","meta":[],"product_brand":[2435],"product_cat":[1189,1181,1186],"product_tag":[1231],"class_list":{"0":"post-116072","1":"product","2":"type-product","3":"status-publish","4":"has-post-thumbnail","6":"product_brand-codecanyon","7":"product_cat-personnalisation","8":"product_cat-plugins","9":"product_cat-wordpress-plugins","10":"product_tag-codecanyon","11":"member-discount","12":"discount-restricted","14":"first","15":"instock","16":"sale","17":"downloadable","18":"virtual","19":"sold-individually","20":"purchasable","21":"product-type-simple"},"_links":{"self":[{"href":"https:\/\/gpl-love.com\/fr\/wp-json\/wp\/v2\/product\/116072","targetHints":{"allow":["GET"]}}],"collection":[{"href":"https:\/\/gpl-love.com\/fr\/wp-json\/wp\/v2\/product"}],"about":[{"href":"https:\/\/gpl-love.com\/fr\/wp-json\/wp\/v2\/types\/product"}],"replies":[{"embeddable":true,"href":"https:\/\/gpl-love.com\/fr\/wp-json\/wp\/v2\/comments?post=116072"}],"wp:featuredmedia":[{"embeddable":true,"href":"https:\/\/gpl-love.com\/fr\/wp-json\/wp\/v2\/media\/145152"}],"wp:attachment":[{"href":"https:\/\/gpl-love.com\/fr\/wp-json\/wp\/v2\/media?parent=116072"}],"wp:term":[{"taxonomy":"product_brand","embeddable":true,"href":"https:\/\/gpl-love.com\/fr\/wp-json\/wp\/v2\/product_brand?post=116072"},{"taxonomy":"product_cat","embeddable":true,"href":"https:\/\/gpl-love.com\/fr\/wp-json\/wp\/v2\/product_cat?post=116072"},{"taxonomy":"product_tag","embeddable":true,"href":"https:\/\/gpl-love.com\/fr\/wp-json\/wp\/v2\/product_tag?post=116072"}],"curies":[{"name":"wp","href":"https:\/\/api.w.org\/{rel}","templated":true}]}}