{"id":116070,"date":"2023-01-12T00:00:00","date_gmt":"2023-01-11T23:00:00","guid":{"rendered":"http:\/\/gpl-love.com\/fr\/produit\/woocommerce-pdf-catalog-pro\/"},"modified":"2026-04-10T18:47:47","modified_gmt":"2026-04-10T16:47:47","slug":"woocommerce-pdf-catalog-pro","status":"publish","type":"product","link":"https:\/\/gpl-love.com\/fr\/produit\/woocommerce-pdf-catalog-pro\/","title":{"rendered":"WooCommerce PDF Catalog Pro 2.3.0"},"content":{"rendered":"<h3>WooCommerce PDF Catalog Pro Traits<\/h3>\n<p>WooCommerce PDF Catalog Pro, un plugin incroyablement puissant et multiforme, permet aux entreprises de fabriquer et de personnaliser sans effort des catalogues PDF pour leurs vitrines virtuelles. Arm\u00e9s de ce plugin, les utilisateurs ont la capacit\u00e9 de g\u00e9n\u00e9rer rapidement des catalogues qui englobent des d\u00e9tails complexes de produits, des listes de prix, des images captivantes et un \u00e9ventail d&rsquo;autres informations vitales. En outre, ce plugin poss\u00e8de un assortiment de fonctionnalit\u00e9s avanc\u00e9es, y compris la possibilit\u00e9 d&rsquo;adapter des mod\u00e8les en fonction des pr\u00e9f\u00e9rences individuelles, diverses options de tri et la possibilit\u00e9 de g\u00e9n\u00e9rer de nombreux catalogues adapt\u00e9s \u00e0 des classifications de produits uniques. Il va sans dire que WooCommerce PDF Catalog Pro est un outil indispensable pour les \u00e9tablissements visant \u00e0 \u00e9lever leurs rencontres d&rsquo;achat en ligne et \u00e0 pr\u00e9senter leur marchandise de mani\u00e8re raffin\u00e9e et visuellement frappante.<\/p>\n<ul>\n<li>G\u00e9n\u00e8re des catalogues PDF professionnels de vos produits WooCommerce<\/li>\n<li>Propose plusieurs dispositions et styles de catalogue au choix<\/li>\n<li>Page de couverture personnalisable avec le logo et les informations de l&rsquo;entreprise<\/li>\n<li>Vous permet de sp\u00e9cifier des cat\u00e9gories de produits, des attributs et des balises \u00e0 inclure dans vos catalogues<\/li>\n<li>Vous permet d&rsquo;exclure des produits ou des cat\u00e9gories sp\u00e9cifiques de vos catalogues<\/li>\n<li>Offre une mise \u00e0 jour automatique de vos catalogues en fonction de la disponibilit\u00e9 et des modifications de la tarification de votre magasin<\/li>\n<li>G\u00e9n\u00e8re des catalogues PDF imprimables et t\u00e9l\u00e9chargeables qui peuvent \u00eatre partag\u00e9s en ligne ou hors ligne<\/li>\n<li>Offre une protection de mot de passe PDF pour s\u00e9curiser vos catalogues<\/li>\n<li>Fournit une documentation d\u00e9taill\u00e9e et une prise en charge pour une configuration et une utilisation faciles<\/li>\n<li>Compatible avec les th\u00e8mes et plugins WooCommerce populaires.<\/li>\n<\/ul>\n","protected":false},"excerpt":{"rendered":"<p>WooCommerce PDF Catalog Pro propose une r\u00e9solution globale et d\u00e9finitive pour g\u00e9n\u00e9rer des catalogues PDF comp\u00e9tents adapt\u00e9s \u00e0 votre magasin WooCommerce. Gr\u00e2ce \u00e0 son interface conviviale, vous avez la possibilit\u00e9 de choisir rapidement et de personnaliser les cat\u00e9gories de produits, d&rsquo;\u00e9tablir des pr\u00e9f\u00e9rences de tarification et d&rsquo;exp\u00e9dition, et de concr\u00e9tiser votre catalogue sans effort avec un effort minimal. Que votre intention soit de cr\u00e9er un catalogue num\u00e9rique pour r\u00e9pondre \u00e0 votre client\u00e8le estim\u00e9e ou pour une utilisation interne, WooCommerce PDF Catalog Pro est \u00e9quip\u00e9 d&rsquo;une vaste gamme de fonctionnalit\u00e9s et de fonctionnalit\u00e9s indispensables qui garantissent le triomphe et la r\u00e9alisation dans vos efforts.<\/p>\n","protected":false},"featured_media":145960,"comment_status":"open","ping_status":"open","template":"","meta":[],"product_brand":[2435],"product_cat":[1182,1223,1181],"product_tag":[1231],"class_list":{"0":"post-116070","1":"product","2":"type-product","3":"status-publish","4":"has-post-thumbnail","6":"product_brand-codecanyon","7":"product_cat-commerce-electronique-plugins","8":"product_cat-personnalisation-commerce-electronique-plugins","9":"product_cat-plugins","10":"product_tag-codecanyon","11":"member-discount","12":"discount-restricted","14":"first","15":"instock","16":"sale","17":"downloadable","18":"virtual","19":"sold-individually","20":"purchasable","21":"product-type-simple"},"_links":{"self":[{"href":"https:\/\/gpl-love.com\/fr\/wp-json\/wp\/v2\/product\/116070","targetHints":{"allow":["GET"]}}],"collection":[{"href":"https:\/\/gpl-love.com\/fr\/wp-json\/wp\/v2\/product"}],"about":[{"href":"https:\/\/gpl-love.com\/fr\/wp-json\/wp\/v2\/types\/product"}],"replies":[{"embeddable":true,"href":"https:\/\/gpl-love.com\/fr\/wp-json\/wp\/v2\/comments?post=116070"}],"wp:featuredmedia":[{"embeddable":true,"href":"https:\/\/gpl-love.com\/fr\/wp-json\/wp\/v2\/media\/145960"}],"wp:attachment":[{"href":"https:\/\/gpl-love.com\/fr\/wp-json\/wp\/v2\/media?parent=116070"}],"wp:term":[{"taxonomy":"product_brand","embeddable":true,"href":"https:\/\/gpl-love.com\/fr\/wp-json\/wp\/v2\/product_brand?post=116070"},{"taxonomy":"product_cat","embeddable":true,"href":"https:\/\/gpl-love.com\/fr\/wp-json\/wp\/v2\/product_cat?post=116070"},{"taxonomy":"product_tag","embeddable":true,"href":"https:\/\/gpl-love.com\/fr\/wp-json\/wp\/v2\/product_tag?post=116070"}],"curies":[{"name":"wp","href":"https:\/\/api.w.org\/{rel}","templated":true}]}}