{"id":116066,"date":"2026-02-24T00:00:00","date_gmt":"2026-02-23T23:00:00","guid":{"rendered":"http:\/\/gpl-love.com\/fr\/produit\/superfly-responsive-menu-plugin\/"},"modified":"2026-04-10T18:41:44","modified_gmt":"2026-04-10T16:41:44","slug":"superfly-responsive-menu-plugin","status":"publish","type":"product","link":"https:\/\/gpl-love.com\/fr\/produit\/superfly-responsive-menu-plugin\/","title":{"rendered":"Superfly Responsive Menu Plugin 5.0.35"},"content":{"rendered":"<h3>Superfly Responsive Menu Plugin Traits<\/h3>\n<p>Le plugin de menu superfly est un outil incroyablement robuste et puissant qui accorde aux propri\u00e9taires de sites Web la possibilit\u00e9 de fabriquer des menus tr\u00e8s personnalisables et visuellement captivants pour leurs sites respectifs. Ce plugin exemplaire a \u00e9t\u00e9 ing\u00e9nieusement con\u00e7u pour fonctionner parfaitement \u00e0 l&rsquo;unisson avec WordPress, offrant ainsi aux utilisateurs la commodit\u00e9 sans effort de l&rsquo;installer et de la configurer en quelques minutes. Superfly \u00e9tend une vaste gamme de styles et d&rsquo;animations de menu d\u00e9licieux pour les propri\u00e9taires de sites Web \u00e0 se promener en cerise, englobant les effets glissants, la liste d\u00e9roulante et la d\u00e9coloration, garantissant ainsi une exp\u00e9rience globale et immersive globale pour les utilisateurs. En outre, ce plugin est en outre \u00e9quip\u00e9 d&rsquo;une pl\u00e9thore de fonctionnalit\u00e9s de pointe et avanc\u00e9es telles que la facilitation transparente des menus \u00e0 plusieurs niveaux et la facilitation d&rsquo;une conception adapt\u00e9e aux mobiles, aboutissant \u00e0 son statut de r\u00e9sistance \u00e0 l&rsquo;excellence pour les sites Web r\u00e9actifs. En conclusion, il ne fait aucun doute que Superfly reste une option exemplaire pour les propri\u00e9taires de sites Web cherchant \u00e0 renforcer les prouesses de navigation de leur site et \u00e0 augmenter l&rsquo;exp\u00e9rience utilisateur globale.<\/p>\n<ul>\n<li>Un plugin de menu facile \u00e0 utiliser pour votre site Web qui est r\u00e9actif sur tous les appareils<\/li>\n<li>Fournit un design de menu \u00e9l\u00e9gant et moderne personnalisable pour s&rsquo;adapter \u00e0 votre marque<\/li>\n<li>Prend en charge les menus \u00e0 plusieurs niveaux avec des sous-menus et des options de liste d\u00e9roulante<\/li>\n<li>Comprend une fonctionnalit\u00e9 de recherche int\u00e9gr\u00e9e pour que les utilisateurs trouvent rapidement ce dont ils ont besoin<\/li>\n<li>Offre une vari\u00e9t\u00e9 d&rsquo;options d&rsquo;animation pour une exp\u00e9rience utilisateur transparente<\/li>\n<li>Compatible avec tous les principaux navigateurs Web<\/li>\n<li>Comprend une documentation d\u00e9taill\u00e9e et le support client<\/li>\n<li>Peut \u00eatre int\u00e9gr\u00e9 aux syst\u00e8mes de gestion de contenu populaires (CMS) tels que WordPress et Joomla<\/li>\n<\/ul>\n","protected":false},"excerpt":{"rendered":"<p>Le plugin de menu superfly r\u00e9actif poss\u00e8de une immense polyvalence, ce qui permet aux utilisateurs de fabriquer des menus visuellement captivants et remarquablement r\u00e9actifs pour leurs sites Web. Ce plugin pr\u00e9sente une multitude d&rsquo;alternatives de conception personnalisables et facilite l&rsquo;int\u00e9gration transparente avec des syst\u00e8mes de gestion de contenu r\u00e9pandus, ce qui en fait une r\u00e9solution impeccable pour tout propri\u00e9taire de site Web aspirant \u00e0 augmenter leur exp\u00e9rience utilisateur et \u00e0 affiner la navigation sur le site. Que l&rsquo;intention soit de construire un menu \u00e9l\u00e9gant et contemporain ou une liste d\u00e9roulante conventionnelle, le plugin de menu superfly r\u00e9actif appara\u00eet comme la panac\u00e9e ultime.<\/p>\n","protected":false},"featured_media":145424,"comment_status":"open","ping_status":"open","template":"","meta":[],"product_brand":[2435],"product_cat":[1189,1181,1186],"product_tag":[1231],"class_list":{"0":"post-116066","1":"product","2":"type-product","3":"status-publish","4":"has-post-thumbnail","6":"product_brand-codecanyon","7":"product_cat-personnalisation","8":"product_cat-plugins","9":"product_cat-wordpress-plugins","10":"product_tag-codecanyon","11":"member-discount","12":"discount-restricted","14":"first","15":"instock","16":"sale","17":"downloadable","18":"virtual","19":"sold-individually","20":"purchasable","21":"product-type-simple"},"_links":{"self":[{"href":"https:\/\/gpl-love.com\/fr\/wp-json\/wp\/v2\/product\/116066","targetHints":{"allow":["GET"]}}],"collection":[{"href":"https:\/\/gpl-love.com\/fr\/wp-json\/wp\/v2\/product"}],"about":[{"href":"https:\/\/gpl-love.com\/fr\/wp-json\/wp\/v2\/types\/product"}],"replies":[{"embeddable":true,"href":"https:\/\/gpl-love.com\/fr\/wp-json\/wp\/v2\/comments?post=116066"}],"wp:featuredmedia":[{"embeddable":true,"href":"https:\/\/gpl-love.com\/fr\/wp-json\/wp\/v2\/media\/145424"}],"wp:attachment":[{"href":"https:\/\/gpl-love.com\/fr\/wp-json\/wp\/v2\/media?parent=116066"}],"wp:term":[{"taxonomy":"product_brand","embeddable":true,"href":"https:\/\/gpl-love.com\/fr\/wp-json\/wp\/v2\/product_brand?post=116066"},{"taxonomy":"product_cat","embeddable":true,"href":"https:\/\/gpl-love.com\/fr\/wp-json\/wp\/v2\/product_cat?post=116066"},{"taxonomy":"product_tag","embeddable":true,"href":"https:\/\/gpl-love.com\/fr\/wp-json\/wp\/v2\/product_tag?post=116066"}],"curies":[{"name":"wp","href":"https:\/\/api.w.org\/{rel}","templated":true}]}}