{"id":116064,"date":"2026-01-04T00:00:00","date_gmt":"2026-01-03T23:00:00","guid":{"rendered":"http:\/\/gpl-love.com\/fr\/produit\/tokoo-electronics-store-woocommerce-theme\/"},"modified":"2026-04-10T18:43:37","modified_gmt":"2026-04-10T16:43:37","slug":"tokoo-electronics-store-woocommerce-theme","status":"publish","type":"product","link":"https:\/\/gpl-love.com\/fr\/produit\/tokoo-electronics-store-woocommerce-theme\/","title":{"rendered":"Tokoo Electronics Store WooCommerce Theme 1.2.1"},"content":{"rendered":"<h3>Tokoo Electronics Store WooCommerce Theme Traits<\/h3>\n<p>Le th\u00e8me WooCommerce de Tokoo Electronics Store, qui est sp\u00e9cifiquement adapt\u00e9 aux magasins d&rsquo;\u00e9lectronique en ligne, poss\u00e8de une conception tr\u00e8s r\u00e9active et personnalisable. \u00c0 la lumi\u00e8re de cela, il accorde \u00e0 votre site Web une esth\u00e9tique moderne et professionnelle, facilitant ainsi la facilit\u00e9 de navigation pour les clients et s&rsquo;assurant qu&rsquo;ils localisent sans effort les produits souhait\u00e9s. De plus, le th\u00e8me est fourni avec un tableau de bord robuste qui vous offre la capacit\u00e9 sans pr\u00e9c\u00e9dent \u00e0 personnaliser chaque facette de votre boutique en ligne, allant des polices et des couleurs \u00e0 la mise en page et au design. De plus, il englobe des pages de d\u00e9monstration pr\u00e9d\u00e9finies qui peuvent \u00eatre facilement import\u00e9es et adapt\u00e9es pour r\u00e9pondre \u00e0 vos besoins sp\u00e9cifiques. Notamment, l&rsquo;installation et l&rsquo;utilisation du th\u00e8me WooCommerce du magasin Tokoo Electronics sont remarquablement conviviales, tandis que son optimisation pour la vitesse et le r\u00e9f\u00e9rencement garantissent une pr\u00e9sence en ligne in\u00e9gal\u00e9e. Par cons\u00e9quent, en tirant parti de ce th\u00e8me, vous \u00eates autoris\u00e9 \u00e0 actualiser un magasin d&rsquo;\u00e9lectronique en ligne professionnel et prosp\u00e8re qui se distingue notamment au milieu d&rsquo;une forte concurrence.<\/p>\n<ul>\n<li>Un th\u00e8me de commerce \u00e9lectronique professionnel et \u00e9l\u00e9gant pour votre magasin \u00e9lectronique<\/li>\n<li>Page d&rsquo;accueil enti\u00e8rement personnalisable avec plusieurs options de mise en page<\/li>\n<li>Int\u00e9gration facile avec WooCommerce pour une exp\u00e9rience d&rsquo;achat en ligne sans couture<\/li>\n<li>Con\u00e7u avec l&rsquo;exp\u00e9rience utilisateur \u00e0 l&rsquo;esprit pour am\u00e9liorer la r\u00e9tention de la client\u00e8le<\/li>\n<li>Plusieurs pages pr\u00e9d\u00e9finies, y compris les pages sur, de contact et de blog<\/li>\n<li>Compatible avec les plugins WordPress populaires pour des fonctionnalit\u00e9s suppl\u00e9mentaires<\/li>\n<li>Optimis\u00e9 pour la vitesse et les performances pour r\u00e9duire les temps de chargement des pages et augmenter les conversions<\/li>\n<li>Livr\u00e9 avec des codes raccourcis int\u00e9gr\u00e9s pour une page facile et la mise en forme de la publication<\/li>\n<li>Id\u00e9al pour les petites et grandes entreprises \u00e9lectroniques avec des options personnalisables pour les cat\u00e9gories de produits et la disposition des magasins.<\/li>\n<\/ul>\n","protected":false},"excerpt":{"rendered":"<p>Le th\u00e8me WooCommerce de Tokoo Electronics Store, une solution id\u00e9ale pour tout emporium virtuel sp\u00e9cialis\u00e9 dans les produits \u00e9lectroniques, a une gamme d&rsquo;attributs exceptionnels qui lui rendent un outil indispensable pour fabriquer un site Web visuellement captivant et convivial. Avec sa conception de pointe, sa mise en page hautement personnalisable et un assortiment de fonctionnalit\u00e9s avantageuses m\u00e9ticuleusement adapt\u00e9es pour am\u00e9liorer votre entreprise de commerce \u00e9lectronique, le th\u00e8me WooCommerce du magasin Tokoo Electronics s&rsquo;av\u00e8re \u00eatre l&rsquo;incarnation du succ\u00e8s dans le domaine des affaires en ligne. Que vous soyez un n\u00e9ophyte dans l&rsquo;industrie ou un marchand estim\u00e9 en train de rajeunir votre pr\u00e9sence virtuelle, soyez assur\u00e9 que le th\u00e8me WooCommerce de la boutique Tokoo Electronics r\u00e9pondra amplement \u00e0 tous vos besoins. Par cons\u00e9quent, il n&rsquo;est pas n\u00e9cessaire de retarder davantage, car le temps se lance dans ce voyage transformateur maintenant! Saisissez l&rsquo;opportunit\u00e9 et lancez-vous dans l&rsquo;effort qui \u00e9l\u00e8vera votre boutique en ligne \u00e0 des hauteurs sans pr\u00e9c\u00e9dent!<\/p>\n","protected":false},"featured_media":145592,"comment_status":"open","ping_status":"open","template":"","meta":[],"product_brand":[2433],"product_cat":[1238,1851,1212],"product_tag":[1366],"class_list":{"0":"post-116064","1":"product","2":"type-product","3":"status-publish","4":"has-post-thumbnail","6":"product_brand-themeforest","7":"product_cat-commerce-electronique-themes","8":"product_cat-entreprise-commerce-electronique-themes","9":"product_cat-themes","10":"product_tag-themeforest","11":"member-discount","12":"discount-restricted","14":"first","15":"instock","16":"sale","17":"downloadable","18":"virtual","19":"sold-individually","20":"purchasable","21":"product-type-simple"},"_links":{"self":[{"href":"https:\/\/gpl-love.com\/fr\/wp-json\/wp\/v2\/product\/116064","targetHints":{"allow":["GET"]}}],"collection":[{"href":"https:\/\/gpl-love.com\/fr\/wp-json\/wp\/v2\/product"}],"about":[{"href":"https:\/\/gpl-love.com\/fr\/wp-json\/wp\/v2\/types\/product"}],"replies":[{"embeddable":true,"href":"https:\/\/gpl-love.com\/fr\/wp-json\/wp\/v2\/comments?post=116064"}],"wp:featuredmedia":[{"embeddable":true,"href":"https:\/\/gpl-love.com\/fr\/wp-json\/wp\/v2\/media\/145592"}],"wp:attachment":[{"href":"https:\/\/gpl-love.com\/fr\/wp-json\/wp\/v2\/media?parent=116064"}],"wp:term":[{"taxonomy":"product_brand","embeddable":true,"href":"https:\/\/gpl-love.com\/fr\/wp-json\/wp\/v2\/product_brand?post=116064"},{"taxonomy":"product_cat","embeddable":true,"href":"https:\/\/gpl-love.com\/fr\/wp-json\/wp\/v2\/product_cat?post=116064"},{"taxonomy":"product_tag","embeddable":true,"href":"https:\/\/gpl-love.com\/fr\/wp-json\/wp\/v2\/product_tag?post=116064"}],"curies":[{"name":"wp","href":"https:\/\/api.w.org\/{rel}","templated":true}]}}