{"id":116060,"date":"2022-08-18T00:00:00","date_gmt":"2022-08-17T22:00:00","guid":{"rendered":"http:\/\/gpl-love.com\/fr\/?post_type=product&#038;p=116060"},"modified":"2026-03-20T23:48:06","modified_gmt":"2026-03-20T22:48:06","slug":"woocommerce-store-exporter-deluxe","status":"publish","type":"product","link":"https:\/\/gpl-love.com\/fr\/produit\/woocommerce-store-exporter-deluxe\/","title":{"rendered":"WooCommerce Store Exporter Deluxe 5.3.1"},"content":{"rendered":"<h3>WooCommerce Store Exporter Deluxe Traits<\/h3>\n<p>WooCommerce Store Exporter Deluxe, un outil tr\u00e8s efficace et efficiente, pr\u00e9sente les propri\u00e9taires de magasins en ligne avec l&rsquo;opportunit\u00e9 transparente d&rsquo;extraire sans effort les donn\u00e9es de leur magasin WooCommerce. Cet outil remarquable permet aux utilisateurs d&rsquo;exporter facilement une large gamme de types de donn\u00e9es, y compris, mais sans s&rsquo;y limiter, les commandes, les clients, les produits et bien plus encore. Il propose \u00e9galement une gamme de formats polyvalents, tels que CSV, XML et Excel, garantissant une flexibilit\u00e9 et une compatibilit\u00e9 optimales. Ce plugin inestimable est particuli\u00e8rement avantageux pour les propri\u00e9taires de magasins cherchant \u00e0 migrer leur magasin ou \u00e0 transf\u00e9rer des donn\u00e9es vitales vers une autre plate-forme. De plus, les entreprises n\u00e9cessitant une analyse approfondie des donn\u00e9es de leur magasin trouvera ce plugin comme un atout indispensable. Notamment, le plugin pr\u00e9sente de nombreuses fonctionnalit\u00e9s avanc\u00e9es, y compris la prise en charge compl\u00e8te du champ personnalis\u00e9, la commodit\u00e9 des exportations planifi\u00e9es et la possibilit\u00e9 d&rsquo;extraire en douceur les donn\u00e9es des gammes de dates d\u00e9sign\u00e9es. Il est ind\u00e9niable qu&rsquo;avec WooCommerce Store Exporter Deluxe, le processus d&rsquo;exportation des donn\u00e9es est devenu remarquablement rationalis\u00e9 et accessible, r\u00e9volutionnant la fa\u00e7on dont les propri\u00e9taires de magasins en ligne s&rsquo;engagent avec leurs donn\u00e9es.<\/p>\n<ul>\n<li>Exporter tout type de donn\u00e9es de votre magasin WooCommerce en toute simplicit\u00e9<\/li>\n<li>Choisissez parmi une vari\u00e9t\u00e9 de formats d&rsquo;exportation, notamment CSV, Excel et XML<\/li>\n<li>Personnalisez vos donn\u00e9es d&rsquo;exportation, y compris des champs de donn\u00e9es de produit sp\u00e9cifiques ou des champs de donn\u00e9es clients<\/li>\n<li>Planifiez les exportations automatiques pour les mises \u00e0 jour ou les sauvegardes r\u00e9guli\u00e8res<\/li>\n<li>Prise en charge de l&rsquo;exportation de m\u00e9ta-donn\u00e9es personnalis\u00e9es pour une personnalisation avanc\u00e9e<\/li>\n<li>G\u00e9rer facilement les grandes exportations de donn\u00e9es avec un groupe intelligent et une gestion de la m\u00e9moire<\/li>\n<li>Contr\u00f4ler la sortie d&rsquo;exportation avec des options de filtrage avanc\u00e9es pour les dates de produit, les cat\u00e9gories et plus<\/li>\n<li>Int\u00e9gr\u00e9 \u00e0 d&rsquo;autres extensions populaires de WooCommerce pour l&rsquo;exportation et la gestion de donn\u00e9es transparentes<\/li>\n<li>Mises \u00e0 jour gratuites et soutien \u00e0 la dur\u00e9e de vie du produit.<\/li>\n<\/ul>\n","protected":false},"excerpt":{"rendered":"<p>WooCommerce Store Exporter Deluxe, un plugin incroyablement robuste, offre aux utilisateurs la possibilit\u00e9 d&rsquo;exporter sans effort leurs donn\u00e9es WooCommerce Store \u00e0 divers formats de fichiers, tels que CSV, XLS, XML et JSON. Ce plugin exceptionnel permet non seulement la cr\u00e9ation de mod\u00e8les d&rsquo;exportation personnalis\u00e9s, mais permet \u00e9galement la planification des exportations automatiques, la rationalisation des processus et la r\u00e9duction de la dur\u00e9e et des efforts requis. Que vous ayez besoin d&rsquo;exporter des informations sur les produits, des donn\u00e9es des clients ou des d\u00e9tails de commande, ne cherchez pas plus loin que l&rsquo;exportateur de magasin WooCommerce Deluxe, car il garantit une couverture compl\u00e8te \u00e0 cet \u00e9gard. De plus, ce plugin poss\u00e8de une interface intuitivement con\u00e7ue et int\u00e8gre des options avanc\u00e9es, ce qui le rend convivial pour les d\u00e9veloppeurs et les novices chevronn\u00e9s.<\/p>\n","protected":false},"featured_media":146044,"comment_status":"open","ping_status":"open","template":"","meta":[],"product_brand":[2701],"product_cat":[1183,1182,1181],"product_tag":[2208],"class_list":{"0":"post-116060","1":"product","2":"type-product","3":"status-publish","4":"has-post-thumbnail","6":"product_brand-visser-labs","7":"product_cat-administration","8":"product_cat-commerce-electronique-plugins","9":"product_cat-plugins","10":"product_tag-visser-labs","11":"member-discount","12":"discount-restricted","14":"first","15":"instock","16":"sale","17":"downloadable","18":"virtual","19":"sold-individually","20":"purchasable","21":"product-type-simple"},"_links":{"self":[{"href":"https:\/\/gpl-love.com\/fr\/wp-json\/wp\/v2\/product\/116060","targetHints":{"allow":["GET"]}}],"collection":[{"href":"https:\/\/gpl-love.com\/fr\/wp-json\/wp\/v2\/product"}],"about":[{"href":"https:\/\/gpl-love.com\/fr\/wp-json\/wp\/v2\/types\/product"}],"replies":[{"embeddable":true,"href":"https:\/\/gpl-love.com\/fr\/wp-json\/wp\/v2\/comments?post=116060"}],"wp:featuredmedia":[{"embeddable":true,"href":"https:\/\/gpl-love.com\/fr\/wp-json\/wp\/v2\/media\/146044"}],"wp:attachment":[{"href":"https:\/\/gpl-love.com\/fr\/wp-json\/wp\/v2\/media?parent=116060"}],"wp:term":[{"taxonomy":"product_brand","embeddable":true,"href":"https:\/\/gpl-love.com\/fr\/wp-json\/wp\/v2\/product_brand?post=116060"},{"taxonomy":"product_cat","embeddable":true,"href":"https:\/\/gpl-love.com\/fr\/wp-json\/wp\/v2\/product_cat?post=116060"},{"taxonomy":"product_tag","embeddable":true,"href":"https:\/\/gpl-love.com\/fr\/wp-json\/wp\/v2\/product_tag?post=116060"}],"curies":[{"name":"wp","href":"https:\/\/api.w.org\/{rel}","templated":true}]}}