{"id":116058,"date":"2026-03-04T00:00:00","date_gmt":"2026-03-03T23:00:00","guid":{"rendered":"http:\/\/gpl-love.com\/fr\/?post_type=product&#038;p=116058"},"modified":"2026-04-07T00:31:32","modified_gmt":"2026-04-06T22:31:32","slug":"woocommerce-ups-shipping-method","status":"publish","type":"product","link":"https:\/\/gpl-love.com\/fr\/produit\/woocommerce-ups-shipping-method\/","title":{"rendered":"WooCommerce UPS Shipping Method 3.9.6"},"content":{"rendered":"<h3>WooCommerce UPS Shipping Method Traits<\/h3>\n<p>La m\u00e9thode d&rsquo;exp\u00e9dition WooCommerce UPS, un plugin tr\u00e8s efficace, offre une int\u00e9gration impeccable entre votre magasin WooCommerce et le service d&rsquo;exp\u00e9dition UPS, garantissant une exp\u00e9rience utilisateur transparente. Cet outil remarquable vous permet de calculer sans effort les tarifs d&rsquo;exp\u00e9dition, de g\u00e9n\u00e9rer des \u00e9tiquettes et de surveiller efficacement les exp\u00e9ditions, le tout dans les limites de votre boutique en ligne. B\u00e9n\u00e9ficiant de fonctionnalit\u00e9s de pointe telles que les tarifs d&rsquo;exp\u00e9dition en temps r\u00e9el, l&rsquo;impression d&rsquo;\u00e9tiquettes sans effort et le suivi complet des forfaits, cet outil inestimable facilite un processus d&rsquo;exp\u00e9dition rapide et efficace, am\u00e9liorant finalement le parcours client global. Ind\u00e9niablement, la m\u00e9thode de livraison WooCommerce UPS est un actif indispensable pour tout d\u00e9taillant en ligne cherchant \u00e0 rationaliser ses op\u00e9rations d&rsquo;exp\u00e9dition et \u00e0 fournir \u00e0 sa client\u00e8le estim\u00e9 des choix d&rsquo;exp\u00e9dition in\u00e9gal\u00e9s.<\/p>\n<ul>\n<li>Int\u00e8gre les options d&rsquo;exp\u00e9dition UPS de mani\u00e8re transparente dans WooCommerce<\/li>\n<li>Affiche les tarifs d&rsquo;exp\u00e9dition en direct directement \u00e0 partir d&rsquo;UPS<\/li>\n<li>Prend en charge plusieurs m\u00e9thodes d&rsquo;exp\u00e9dition UPS (sol, air, international)<\/li>\n<li>Permet des options d&#8217;emballage personnalis\u00e9es et des r\u00e9glages de poids<\/li>\n<li>G\u00e9n\u00e8re automatiquement les \u00e9tiquettes d&rsquo;exp\u00e9dition UPS et les num\u00e9ros de suivi<\/li>\n<li>Fournit des notifications d&rsquo;exp\u00e9dition en temps r\u00e9el aux clients<\/li>\n<li>Prend en charge le point d&rsquo;acc\u00e8s UPS \u00ab\u00a0cliquez et collectez\u00a0\u00bb pour une prise en charge pratique<\/li>\n<li>Rationalise le processus d&rsquo;exp\u00e9dition, gagnant l&rsquo;heure et r\u00e9duisant les erreurs<\/li>\n<li>Augmente la satisfaction du client avec des options d&rsquo;exp\u00e9dition fiables et efficaces<\/li>\n<li>RECLUG\u00c9 MISE \u00c0 JOUR AVEC DE LA NOUVELLES CONS\u00c9RATIONS ET DES BOGES DES BUG par le d\u00e9veloppeur du plugin.<\/li>\n<\/ul>\n","protected":false},"excerpt":{"rendered":"<p>La m\u00e9thode d&rsquo;exp\u00e9dition WooCommerce UPS est un plugin robuste qui s&rsquo;int\u00e8gre sans effort \u00e0 votre boutique en ligne, offrant des tarifs d&rsquo;exp\u00e9dition pr\u00e9cis et fiables en temps r\u00e9el. Cet outil convivial vous permet d&rsquo;adapter les pr\u00e9f\u00e9rences d&rsquo;exp\u00e9dition, de d\u00e9terminer avec pr\u00e9cision les frais en fonction du poids et de la destination, d&rsquo;\u00e9tendre l&rsquo;exp\u00e9dition gratuite pour des produits ou des commandes sp\u00e9cifiques, et une multitude d&rsquo;autres fonctionnalit\u00e9s avanc\u00e9es. En outre, il s&rsquo;int\u00e8gre parfaitement au suivi UPS, garantissant que les clients re\u00e7oivent des mises \u00e0 jour en temps opportun et \u00e0 jour sur leurs exp\u00e9ditions. \u00c9levez votre processus d&rsquo;exp\u00e9dition aujourd&rsquo;hui en adoptant les capacit\u00e9s remarquables de la m\u00e9thode d&rsquo;exp\u00e9dition WooCommerce UPS.<\/p>\n","protected":false},"featured_media":146058,"comment_status":"open","ping_status":"open","template":"","meta":[],"product_brand":[2440],"product_cat":[1182,1223,1181],"product_tag":[1398],"class_list":{"0":"post-116058","1":"product","2":"type-product","3":"status-publish","4":"has-post-thumbnail","6":"product_brand-woocommerce","7":"product_cat-commerce-electronique-plugins","8":"product_cat-personnalisation-commerce-electronique-plugins","9":"product_cat-plugins","10":"product_tag-woocommerce","11":"member-discount","12":"discount-restricted","14":"first","15":"instock","16":"sale","17":"downloadable","18":"virtual","19":"sold-individually","20":"purchasable","21":"product-type-simple"},"_links":{"self":[{"href":"https:\/\/gpl-love.com\/fr\/wp-json\/wp\/v2\/product\/116058","targetHints":{"allow":["GET"]}}],"collection":[{"href":"https:\/\/gpl-love.com\/fr\/wp-json\/wp\/v2\/product"}],"about":[{"href":"https:\/\/gpl-love.com\/fr\/wp-json\/wp\/v2\/types\/product"}],"replies":[{"embeddable":true,"href":"https:\/\/gpl-love.com\/fr\/wp-json\/wp\/v2\/comments?post=116058"}],"wp:featuredmedia":[{"embeddable":true,"href":"https:\/\/gpl-love.com\/fr\/wp-json\/wp\/v2\/media\/146058"}],"wp:attachment":[{"href":"https:\/\/gpl-love.com\/fr\/wp-json\/wp\/v2\/media?parent=116058"}],"wp:term":[{"taxonomy":"product_brand","embeddable":true,"href":"https:\/\/gpl-love.com\/fr\/wp-json\/wp\/v2\/product_brand?post=116058"},{"taxonomy":"product_cat","embeddable":true,"href":"https:\/\/gpl-love.com\/fr\/wp-json\/wp\/v2\/product_cat?post=116058"},{"taxonomy":"product_tag","embeddable":true,"href":"https:\/\/gpl-love.com\/fr\/wp-json\/wp\/v2\/product_tag?post=116058"}],"curies":[{"name":"wp","href":"https:\/\/api.w.org\/{rel}","templated":true}]}}