{"id":116056,"date":"2021-07-03T00:00:00","date_gmt":"2021-07-02T22:00:00","guid":{"rendered":"http:\/\/gpl-love.com\/fr\/?post_type=product&#038;p=116056"},"modified":"2026-03-20T22:59:22","modified_gmt":"2026-03-20T21:59:22","slug":"croma-music-wordpress-theme","status":"publish","type":"product","link":"https:\/\/gpl-love.com\/fr\/produit\/croma-music-wordpress-theme\/","title":{"rendered":"Croma Music WordPress Theme 3.5.9"},"content":{"rendered":"<h3>Croma Music WordPress Theme Traits<\/h3>\n<p>Con\u00e7u sp\u00e9cifiquement pour les musiciens et les sites Web li\u00e9s \u00e0 la musique, le th\u00e8me Croma Music WordPress d\u00e9gage un sentiment d&rsquo;\u00e9l\u00e9gance et de modernit\u00e9. Offrant un \u00e9ventail impressionnant d&rsquo;options de personnalisation, ce th\u00e8me remarquable vous permet d&rsquo;\u00e9tablir une pr\u00e9sence en ligne distinctive et captivante qui incarne authentiquement votre marque. En t\u00e9moignage de sa polyvalence, ce th\u00e8me est enti\u00e8rement r\u00e9actif, garantissant une apparence impeccable sur n&rsquo;importe quel appareil num\u00e9rique. De plus, il poss\u00e8de une multitude de fonctionnalit\u00e9s impressionnantes, notamment l&rsquo;int\u00e9gration des joueurs audio transparente, un assortiment de widgets personnalis\u00e9s et un constructeur de pages glisser-d\u00e9poser intuitivement, qui contribuent tous \u00e0 la gestion des sites Web sans effort et sans effort. En fin de compte, le th\u00e8me Croma Music WordPress est un choix exceptionnel pour les musiciens qui cherchent \u00e0 cultiver un personnage en ligne sophistiqu\u00e9 et poli.<\/p>\n<ul>\n<li>Design professionnel et moderne parfait pour les artistes musicaux, les groupes et les sites Web li\u00e9s \u00e0 la musique<\/li>\n<li>Disposition enti\u00e8rement r\u00e9active et conviviale pour une visualisation optimale sur tous les appareils<\/li>\n<li>Page d&rsquo;accueil personnalisable avec diverses sections pour pr\u00e9senter votre contenu et vos \u00e9v\u00e9nements<\/li>\n<li>Lecteur de musique int\u00e9gr\u00e9 avec le support pour plusieurs listes de lecture et chansons<\/li>\n<li>Builder de pages faciles \u00e0 utiliser avec fonctionnalit\u00e9 de glisser-d\u00e9poser pour cr\u00e9er des pages personnalis\u00e9es uniques<\/li>\n<li>Int\u00e9gration avec des plugins tiers populaires tels que WooCommerce, Contact Form 7 et MailChimp<\/li>\n<li>Styles d&rsquo;en-t\u00eate et de pied de page en option, y compris une option d&rsquo;en-t\u00eate collante pour une navigation facile<\/li>\n<li>Plusieurs sch\u00e9mas de couleurs \u00e0 choisir pour correspondre \u00e0 votre marque et \u00e0 votre style<\/li>\n<li>Support client et documentation disponibles pour aider \u00e0 toute question ou probl\u00e8me.<\/li>\n<\/ul>\n","protected":false},"excerpt":{"rendered":"<p>D\u00e9couvrez le pouvoir et la polyvalence de notre th\u00e8me Croma Music WordPress, sp\u00e9cialement con\u00e7u pour les musiciens, les groupes et les producteurs de musique. Avec ce th\u00e8me r\u00e9actif et convivial, vous pouvez pr\u00e9senter votre talent musical de mani\u00e8re tr\u00e8s sophistiqu\u00e9e. Il poss\u00e8de une multitude de fonctionnalit\u00e9s, notamment un lecteur de musique interactif, un syst\u00e8me de gestion des \u00e9v\u00e9nements et une gestion de la discographie.<\/p>\n<p>Le th\u00e8me Croma Music WordPress vous permet de cr\u00e9er de superbes pr\u00e9sentations d&rsquo;albums, garantissant que votre musique attire l&rsquo;attention qu&rsquo;elle m\u00e9rite. Le lecteur de musique int\u00e9gr\u00e9 promet une exp\u00e9rience audio transparente pour les visiteurs de votre site. De plus, le syst\u00e8me de gestion des \u00e9v\u00e9nements simplifie le processus de pr\u00e9sentation et de gestion de vos prochains concerts ou concerts, ce qui permet \u00e0 vos fans de rester facilement inform\u00e9s.<\/p>\n<p>Le th\u00e8me comprend \u00e9galement une fonctionnalit\u00e9 compl\u00e8te de gestion de la discographie, parfait pour les musiciens avec une vaste collection de morceaux. Cette fonctionnalit\u00e9 vous permet d&rsquo;organiser et d&rsquo;afficher votre travail de mani\u00e8re attrayante.<\/p>\n<p>Sans oublier, le th\u00e8me est enti\u00e8rement r\u00e9actif, garantissant que votre site Web de musique est incroyable sur tous les appareils. Il comprend \u00e9galement des plugins premium, offrant une am\u00e9lioration<\/p>\n","protected":false},"featured_media":143442,"comment_status":"open","ping_status":"open","template":"","meta":[],"product_brand":[2433],"product_cat":[1242,1212,1213],"product_tag":[1366],"class_list":{"0":"post-116056","1":"product","2":"type-product","3":"status-publish","4":"has-post-thumbnail","6":"product_brand-themeforest","7":"product_cat-creatif","8":"product_cat-themes","9":"product_cat-wordpress-themes","10":"product_tag-themeforest","11":"member-discount","12":"discount-restricted","14":"first","15":"instock","16":"sale","17":"downloadable","18":"virtual","19":"sold-individually","20":"purchasable","21":"product-type-simple"},"_links":{"self":[{"href":"https:\/\/gpl-love.com\/fr\/wp-json\/wp\/v2\/product\/116056","targetHints":{"allow":["GET"]}}],"collection":[{"href":"https:\/\/gpl-love.com\/fr\/wp-json\/wp\/v2\/product"}],"about":[{"href":"https:\/\/gpl-love.com\/fr\/wp-json\/wp\/v2\/types\/product"}],"replies":[{"embeddable":true,"href":"https:\/\/gpl-love.com\/fr\/wp-json\/wp\/v2\/comments?post=116056"}],"wp:featuredmedia":[{"embeddable":true,"href":"https:\/\/gpl-love.com\/fr\/wp-json\/wp\/v2\/media\/143442"}],"wp:attachment":[{"href":"https:\/\/gpl-love.com\/fr\/wp-json\/wp\/v2\/media?parent=116056"}],"wp:term":[{"taxonomy":"product_brand","embeddable":true,"href":"https:\/\/gpl-love.com\/fr\/wp-json\/wp\/v2\/product_brand?post=116056"},{"taxonomy":"product_cat","embeddable":true,"href":"https:\/\/gpl-love.com\/fr\/wp-json\/wp\/v2\/product_cat?post=116056"},{"taxonomy":"product_tag","embeddable":true,"href":"https:\/\/gpl-love.com\/fr\/wp-json\/wp\/v2\/product_tag?post=116056"}],"curies":[{"name":"wp","href":"https:\/\/api.w.org\/{rel}","templated":true}]}}