{"id":116054,"date":"2025-10-29T00:00:00","date_gmt":"2025-10-28T23:00:00","guid":{"rendered":"http:\/\/gpl-love.com\/fr\/?post_type=product&#038;p=116054"},"modified":"2026-03-20T23:44:58","modified_gmt":"2026-03-20T22:44:58","slug":"woocommerce-checkout-upsell-funnel","status":"publish","type":"product","link":"https:\/\/gpl-love.com\/fr\/produit\/woocommerce-checkout-upsell-funnel\/","title":{"rendered":"WooCommerce Checkout Upsell Funnel 1.0.15"},"content":{"rendered":"<h3>WooCommerce Checkout Upsell Funnel Traits<\/h3>\n<p>L&rsquo;entonnoir de vente \u00e0 la caisse WooCommerce, un outil de marketing incroyablement puissant, a \u00e9t\u00e9 d\u00e9lib\u00e9r\u00e9ment con\u00e7u pour aider les entreprises en ligne \u00e0 augmenter leurs ventes en pr\u00e9sentant des produits \u00e0 la vente au niveau des clients tout au long du processus de paiement. En utilisant des algorithmes sophistiqu\u00e9s, cet entonnoir examine m\u00e9ticuleusement le comportement des clients et sugg\u00e8re par la suite des produits pertinents susceptibles de captiver leur int\u00e9r\u00eat d&rsquo;achat. Non seulement cela entra\u00eene une augmentation sans pr\u00e9c\u00e9dent des ventes, mais elle am\u00e9liore \u00e9galement consid\u00e9rablement le contentement des clients en leur offrant des recommandations personnalis\u00e9es. De plus, les options de configurabilit\u00e9 et de personnalisation simples inh\u00e9rentes \u00e0 l&rsquo;entonnoir autorisent les entreprises \u00e0 adapter leurs offres de vente ascendant en parfait alignement avec leur identit\u00e9 de marque et leurs pr\u00e9f\u00e9rences des clients. Par cons\u00e9quent, arm\u00e9s des capacit\u00e9s remarquables de l&rsquo;entonnoir de vense \u00e0 caisse WooCommerce, les entreprises en ligne sont en mesure de propulser leurs efforts de vente \u00e0 des sommets sans pr\u00e9c\u00e9dent, favorisant ainsi les relations clients durables et mutuellement b\u00e9n\u00e9fiques.<\/p>\n<ul>\n<li>Augmente les revenus et le profit des magasins WooCommerce<\/li>\n<li>Fournit un entonnoir \u00e0 vente ascendant personnalisable pendant le processus de paiement<\/li>\n<li>Permet aux propri\u00e9taires de magasins d&rsquo;offrir des produits ou des services connexes aux clients<\/li>\n<li>Aide les clients \u00e0 d\u00e9couvrir des articles compl\u00e9mentaires qu&rsquo;ils ont peut-\u00eatre manqu\u00e9s<\/li>\n<li>Am\u00e9liore l&rsquo;exp\u00e9rience client en offrant un parcours de magasinage personnalis\u00e9<\/li>\n<li>Peut \u00eatre utilis\u00e9 pour promouvoir des offres ou des remises exclusives pour augmenter les ventes<\/li>\n<li>S&rsquo;int\u00e8gre \u00e0 la disposition et \u00e0 la conception de la boutique WooCommerce existante<\/li>\n<li>R\u00e9duit l&rsquo;abandon de la chariot en offrant une option de vense lycle attrayante<\/li>\n<\/ul>\n","protected":false},"excerpt":{"rendered":"<p>Maximisez vos revenus de vente en mettant en \u0153uvre l&rsquo;entonnoir de vente \u00e0 caisse WooCommerce tr\u00e8s efficace et efficace, un plugin exceptionnel qui s&rsquo;int\u00e8gre de mani\u00e8re transparente \u00e0 votre processus de paiement WooCommerce existant. Cet outil remarquable vous permet de fournir aux clients des recommandations de produits pertinentes sur mesure juste avant de finaliser leur achat, entra\u00eenant un coup de pouce significatif des conversions et des revenus. La polyvalence de ce plugin est vraiment remarquable, car elle vous accorde une autorit\u00e9 compl\u00e8te sur l&rsquo;entonnoir de vente ascendant, vous permettant de le personnaliser largement pour s&rsquo;aligner parfaitement avec vos objectifs de marque et de vente uniques. B\u00e9n\u00e9ficiant d&rsquo;une configuration simple, d&rsquo;un \u00e9ventail d&rsquo;options personnalisables et d&rsquo;un bilan \u00e9prouv\u00e9 de la fourniture de r\u00e9sultats exceptionnels, l&rsquo;entonnoir de vense \u00e0 caisse WooCommerce est une n\u00e9cessit\u00e9 absolue pour tout propri\u00e9taire de boutique en ligne exigeant.<\/p>\n","protected":false},"featured_media":145838,"comment_status":"open","ping_status":"open","template":"","meta":[],"product_brand":[2435],"product_cat":[1200,1182,1181],"product_tag":[1231],"class_list":{"0":"post-116054","1":"product","2":"type-product","3":"status-publish","4":"has-post-thumbnail","6":"product_brand-codecanyon","7":"product_cat-commercialisation","8":"product_cat-commerce-electronique-plugins","9":"product_cat-plugins","10":"product_tag-codecanyon","11":"member-discount","12":"discount-restricted","14":"first","15":"instock","16":"sale","17":"downloadable","18":"virtual","19":"sold-individually","20":"purchasable","21":"product-type-simple"},"_links":{"self":[{"href":"https:\/\/gpl-love.com\/fr\/wp-json\/wp\/v2\/product\/116054","targetHints":{"allow":["GET"]}}],"collection":[{"href":"https:\/\/gpl-love.com\/fr\/wp-json\/wp\/v2\/product"}],"about":[{"href":"https:\/\/gpl-love.com\/fr\/wp-json\/wp\/v2\/types\/product"}],"replies":[{"embeddable":true,"href":"https:\/\/gpl-love.com\/fr\/wp-json\/wp\/v2\/comments?post=116054"}],"wp:featuredmedia":[{"embeddable":true,"href":"https:\/\/gpl-love.com\/fr\/wp-json\/wp\/v2\/media\/145838"}],"wp:attachment":[{"href":"https:\/\/gpl-love.com\/fr\/wp-json\/wp\/v2\/media?parent=116054"}],"wp:term":[{"taxonomy":"product_brand","embeddable":true,"href":"https:\/\/gpl-love.com\/fr\/wp-json\/wp\/v2\/product_brand?post=116054"},{"taxonomy":"product_cat","embeddable":true,"href":"https:\/\/gpl-love.com\/fr\/wp-json\/wp\/v2\/product_cat?post=116054"},{"taxonomy":"product_tag","embeddable":true,"href":"https:\/\/gpl-love.com\/fr\/wp-json\/wp\/v2\/product_tag?post=116054"}],"curies":[{"name":"wp","href":"https:\/\/api.w.org\/{rel}","templated":true}]}}