{"id":116052,"date":"2024-11-29T00:00:00","date_gmt":"2024-11-28T23:00:00","guid":{"rendered":"http:\/\/gpl-love.com\/fr\/?post_type=product&#038;p=116052"},"modified":"2026-03-20T23:23:55","modified_gmt":"2026-03-20T22:23:55","slug":"materil-wordpress-material-design-admin-theme","status":"publish","type":"product","link":"https:\/\/gpl-love.com\/fr\/produit\/materil-wordpress-material-design-admin-theme\/","title":{"rendered":"Materil WordPress Material Design Admin Theme 3.2"},"content":{"rendered":"<h3>Materil WordPress Material Design Admin Theme Traits<\/h3>\n<p>Le th\u00e8me MATRIL WordPress Material Design Admin, qui a \u00e9t\u00e9 sp\u00e9cifiquement con\u00e7u pour WordPress, est un th\u00e8me exquis et contemporain. Ce th\u00e8me fume habilement les principes de pointe de la conception des mat\u00e9riaux avec des fonctionnalit\u00e9s robustes, r\u00e9sultant en une exp\u00e9rience utilisateur remarquablement rationalis\u00e9e. En raison de sa disposition immacul\u00e9e et de sa navigation instinctive, les utilisateurs peuvent traverser le tableau de bord sans effort et acc\u00e9der \u00e0 tous les outils et fonctionnalit\u00e9s indispensables. En outre, ce th\u00e8me offre un degr\u00e9 \u00e9lev\u00e9 de personnalisation, permettant aux utilisateurs de personnaliser la conception en fonction de leurs exigences et pr\u00e9f\u00e9rences individuelles. Dans l&rsquo;ensemble, le th\u00e8me MATRIL WordPress Material Design Admin se distingue comme un choix exceptionnel pour les personnes \u00e0 la recherche d&rsquo;un th\u00e8me WordPress de pointe, sophistiqu\u00e9 et exceptionnellement efficace.<\/p>\n<ul>\n<li>Th\u00e8me administrateur de conception de mat\u00e9riaux WordPress de haute qualit\u00e9<\/li>\n<li>Conception propre et moderne avec disposition r\u00e9active<\/li>\n<li>Facile \u00e0 personnaliser avec diverses options de couleurs et param\u00e8tres de th\u00e8me<\/li>\n<li>Construit avec des principes de conception de mat\u00e9riaux pour une exp\u00e9rience utilisateur coh\u00e9rente et intuitive<\/li>\n<li>Comprend plusieurs pages et \u00e9l\u00e9ments pr\u00e9-con\u00e7us pour un d\u00e9veloppement plus rapide<\/li>\n<li>Compatibilit\u00e9 avec tous les principaux navigateurs et appareils<\/li>\n<li>Mises \u00e0 jour r\u00e9guli\u00e8res et excellent support client<\/li>\n<li>Optimis\u00e9 pour des performances plus rapides et des SEO conviviaux<\/li>\n<li>Fonctionnalit\u00e9s avanc\u00e9es comme la prise en charge RTL, la traduction multilingue et les barres lat\u00e9rales illimit\u00e9es<\/li>\n<li>Convient \u00e0 diff\u00e9rents types de sites Web et d&rsquo;applications, notamment le commerce \u00e9lectronique, l&rsquo;entreprise, le portefeuille, etc.<\/li>\n<\/ul>\n","protected":false},"excerpt":{"rendered":"<p>Pr\u00e9parez-vous au niveau suivant pour am\u00e9liorer votre interface d&rsquo;administration WordPress avec l&rsquo;entr\u00e9e: MATRIL, un th\u00e8me d&rsquo;administration extraordinaire qui incarne l&rsquo;essence de la conception des mat\u00e9riaux. Gr\u00e2ce \u00e0 sa conception sophistiqu\u00e9e et contemporaine, la gestion de votre backend deviendra sans effort sans couture. L&rsquo;inclusion de navigation intuitive et de widgets adaptables simplifie la t\u00e2che de gestion du site et assure une organisation optimale. De plus, d\u00e9lectez la conception immacul\u00e9e et r\u00e9active, qui s&rsquo;adapte parfaitement \u00e0 n&rsquo;importe quel appareil, tout en savourant l&rsquo;abondance de possibilit\u00e9s de personnalisation avanc\u00e9es qui vous permettent de forger une interface d&rsquo;administration distinctive et personnalis\u00e9e. Embarquez dans un voyage transformateur et \u00e9levez votre exp\u00e9rience WordPress en adoptant l&rsquo;entr\u00e9e remarquable: MATRIL aujourd&rsquo;hui.<\/p>\n","protected":false},"featured_media":144468,"comment_status":"open","ping_status":"open","template":"","meta":[],"product_brand":[2435],"product_cat":[1189,1181,1186],"product_tag":[1231],"class_list":{"0":"post-116052","1":"product","2":"type-product","3":"status-publish","4":"has-post-thumbnail","6":"product_brand-codecanyon","7":"product_cat-personnalisation","8":"product_cat-plugins","9":"product_cat-wordpress-plugins","10":"product_tag-codecanyon","11":"member-discount","12":"discount-restricted","14":"first","15":"instock","16":"sale","17":"downloadable","18":"virtual","19":"sold-individually","20":"purchasable","21":"product-type-simple"},"_links":{"self":[{"href":"https:\/\/gpl-love.com\/fr\/wp-json\/wp\/v2\/product\/116052","targetHints":{"allow":["GET"]}}],"collection":[{"href":"https:\/\/gpl-love.com\/fr\/wp-json\/wp\/v2\/product"}],"about":[{"href":"https:\/\/gpl-love.com\/fr\/wp-json\/wp\/v2\/types\/product"}],"replies":[{"embeddable":true,"href":"https:\/\/gpl-love.com\/fr\/wp-json\/wp\/v2\/comments?post=116052"}],"wp:featuredmedia":[{"embeddable":true,"href":"https:\/\/gpl-love.com\/fr\/wp-json\/wp\/v2\/media\/144468"}],"wp:attachment":[{"href":"https:\/\/gpl-love.com\/fr\/wp-json\/wp\/v2\/media?parent=116052"}],"wp:term":[{"taxonomy":"product_brand","embeddable":true,"href":"https:\/\/gpl-love.com\/fr\/wp-json\/wp\/v2\/product_brand?post=116052"},{"taxonomy":"product_cat","embeddable":true,"href":"https:\/\/gpl-love.com\/fr\/wp-json\/wp\/v2\/product_cat?post=116052"},{"taxonomy":"product_tag","embeddable":true,"href":"https:\/\/gpl-love.com\/fr\/wp-json\/wp\/v2\/product_tag?post=116052"}],"curies":[{"name":"wp","href":"https:\/\/api.w.org\/{rel}","templated":true}]}}