{"id":116050,"date":"2021-10-31T00:00:00","date_gmt":"2021-10-30T22:00:00","guid":{"rendered":"http:\/\/gpl-love.com\/fr\/produit\/chromium-auto-parts-shop-wordpress-woocommerce-theme\/"},"modified":"2026-03-20T22:58:26","modified_gmt":"2026-03-20T21:58:26","slug":"chromium-auto-parts-shop-wordpress-woocommerce-theme","status":"publish","type":"product","link":"https:\/\/gpl-love.com\/fr\/produit\/chromium-auto-parts-shop-wordpress-woocommerce-theme\/","title":{"rendered":"Chromium Auto Parts Shop WordPress WooCommerce Theme 1.3.28"},"content":{"rendered":"<h3>Chromium Auto Parts Shop WordPress WooCommerce Theme Traits<\/h3>\n<p>Le th\u00e8me WOOCommerce de Chromium Auto Parts Shop WordPress est un th\u00e8me extr\u00eamement puissant et multiforme qui a \u00e9t\u00e9 m\u00e9ticuleusement con\u00e7u pour r\u00e9pondre exclusivement aux besoins des magasins de pi\u00e8ces automobiles. Sa r\u00e9activit\u00e9 exceptionnelle garantit que votre site Web d\u00e9gagera de l&rsquo;excellence et maintiendra son allure esth\u00e9tique quel que soit l&rsquo;appareil dans lequel il est accessible. Ce th\u00e8me offre une vaste gamme d&rsquo;options de personnalisation, vous offrant la possibilit\u00e9 de fa\u00e7onner un site Web qui incarne impeccablement votre marque et pr\u00e9sente efficacement vos produits in\u00e9gal\u00e9s. Parmi sa myriade d&rsquo;attributs avantageux, il y a sa page d&rsquo;accueil personnalisable, ses pages de produits m\u00e9ticuleusement con\u00e7ues et une fonctionnalit\u00e9 de panier d&rsquo;achat extr\u00eamement pratique. En exploitant la puissance du th\u00e8me WooCommerce de la boutique de pi\u00e8ces de Chromium Auto Shop, vous avez la possibilit\u00e9 de forger une pr\u00e9sence en ligne \u00e0 la fois professionnelle et tr\u00e8s efficace pour votre entreprise de pi\u00e8ces automobiles estim\u00e9es.<\/p>\n<ul>\n<li>Un th\u00e8me WooCommerce WordPress premium con\u00e7u sp\u00e9cifiquement pour les magasins de pi\u00e8ces automobiles<\/li>\n<li>Conception enti\u00e8rement r\u00e9active qui a fi\u00e8re allure sur tous les appareils<\/li>\n<li>Options de personnalisation faciles pour correspondre \u00e0 l&rsquo;apparence et \u00e0 la sensation de votre marque<\/li>\n<li>Plusieurs options de disposition de page d&rsquo;accueil \u00e0 choisir<\/li>\n<li>Fonctionnalit\u00e9 de chariot d\u00e9roulant int\u00e9gr\u00e9 et de recherche de produits<\/li>\n<li>Int\u00e9gration avec des passerelles de paiement populaires pour des transactions en ligne faciles<\/li>\n<li>Filtres avanc\u00e9s et options de recherche de produits pour aider les clients \u00e0 trouver ce dont ils ont besoin rapidement<\/li>\n<li>Code de r\u00e9f\u00e9rencement pour am\u00e9liorer les classements des moteurs de recherche<\/li>\n<li>Int\u00e9gration des m\u00e9dias sociaux pour vous aider \u00e0 promouvoir vos produits sur les plateformes populaires<\/li>\n<li>Excellent support client des d\u00e9veloppeurs de th\u00e8mes.<\/li>\n<\/ul>\n","protected":false},"excerpt":{"rendered":"<p>Pr\u00e9sentation du th\u00e8me WOOCommerce de Chromium Auto Parts Shop WordPress &#8211; Une solution premium pour votre magasin de pi\u00e8ces automobiles en ligne. Ce th\u00e8me dynamique est enti\u00e8rement compatible avec WooCommerce, le plugin de commerce \u00e9lectronique populaire de WordPress, assurant des transactions en ligne transparentes. Avec sa conception attirant l&rsquo;attention, ce th\u00e8me WordPress attirera certainement les clients potentiels tandis que son interface conviviale am\u00e9liore les exp\u00e9riences d&rsquo;achat en ligne.<\/p>\n<p>Chromium propose une gamme de fonctionnalit\u00e9s personnalisables, vous permettant d&rsquo;adapter le th\u00e8me \u00e0 l&rsquo;esth\u00e9tique de votre marque. Que vous vendiez des accessoires de voiture, des pi\u00e8ces de rechange ou d&rsquo;autres produits li\u00e9s \u00e0 l&rsquo;automobile, ce th\u00e8me WooCommerce est con\u00e7u pour pr\u00e9senter votre inventaire de mani\u00e8re professionnelle et organis\u00e9e. Sa conception r\u00e9active garantit que votre boutique en ligne a fi\u00e8re allure sur tous les appareils, du bureau au mobile.<\/p>\n<p>B\u00e9n\u00e9ficiez de la structure SEO-friendly de Chromium qui contribue \u00e0 augmenter la visibilit\u00e9 de votre site sur les moteurs de recherche, potentiellement \u00e0 conduire plus de trafic vers votre magasin. De plus, avec sa vitesse de chargement rapide, les clients peuvent parcourir et faire des achats avec facilit\u00e9, encourageant plus de ventes.<\/p>\n<p>Investissez dans la boutique de pi\u00e8ces automobiles Chromium WordPress WooCommerce<\/p>\n","protected":false},"featured_media":143383,"comment_status":"open","ping_status":"open","template":"","meta":[],"product_brand":[2433],"product_cat":[1238,1851,1212],"product_tag":[1366],"class_list":{"0":"post-116050","1":"product","2":"type-product","3":"status-publish","4":"has-post-thumbnail","6":"product_brand-themeforest","7":"product_cat-commerce-electronique-themes","8":"product_cat-entreprise-commerce-electronique-themes","9":"product_cat-themes","10":"product_tag-themeforest","11":"member-discount","12":"discount-restricted","14":"first","15":"instock","16":"sale","17":"downloadable","18":"virtual","19":"sold-individually","20":"purchasable","21":"product-type-simple"},"_links":{"self":[{"href":"https:\/\/gpl-love.com\/fr\/wp-json\/wp\/v2\/product\/116050","targetHints":{"allow":["GET"]}}],"collection":[{"href":"https:\/\/gpl-love.com\/fr\/wp-json\/wp\/v2\/product"}],"about":[{"href":"https:\/\/gpl-love.com\/fr\/wp-json\/wp\/v2\/types\/product"}],"replies":[{"embeddable":true,"href":"https:\/\/gpl-love.com\/fr\/wp-json\/wp\/v2\/comments?post=116050"}],"wp:featuredmedia":[{"embeddable":true,"href":"https:\/\/gpl-love.com\/fr\/wp-json\/wp\/v2\/media\/143383"}],"wp:attachment":[{"href":"https:\/\/gpl-love.com\/fr\/wp-json\/wp\/v2\/media?parent=116050"}],"wp:term":[{"taxonomy":"product_brand","embeddable":true,"href":"https:\/\/gpl-love.com\/fr\/wp-json\/wp\/v2\/product_brand?post=116050"},{"taxonomy":"product_cat","embeddable":true,"href":"https:\/\/gpl-love.com\/fr\/wp-json\/wp\/v2\/product_cat?post=116050"},{"taxonomy":"product_tag","embeddable":true,"href":"https:\/\/gpl-love.com\/fr\/wp-json\/wp\/v2\/product_tag?post=116050"}],"curies":[{"name":"wp","href":"https:\/\/api.w.org\/{rel}","templated":true}]}}