{"id":116048,"date":"2021-06-30T00:00:00","date_gmt":"2021-06-29T22:00:00","guid":{"rendered":"http:\/\/gpl-love.com\/fr\/produit\/amymovie-movie-et-cinema-wordpress-theme\/"},"modified":"2026-03-20T22:54:35","modified_gmt":"2026-03-20T21:54:35","slug":"amymovie-movie-et-cinema-wordpress-theme","status":"publish","type":"product","link":"https:\/\/gpl-love.com\/fr\/produit\/amymovie-movie-et-cinema-wordpress-theme\/","title":{"rendered":"AmyMovie Movie et Cinema WordPress Theme 3.5.2"},"content":{"rendered":"<h3>AmyMovie Movie et Cinema WordPress Theme Traits<\/h3>\n<p>Amymovie est un th\u00e8me WordPress qui a \u00e9t\u00e9 m\u00e9ticuleusement con\u00e7u pour r\u00e9pondre aux besoins sp\u00e9cifiques des sites Web de films et de cin\u00e9ma. Il poss\u00e8de un design visuellement captivant et contemporain, qui est compl\u00e9t\u00e9 par sa disposition conviviale. Cela en fait le choix ultime pour tout site Web qui souhaite montrer son contenu li\u00e9 au film de mani\u00e8re visuellement attrayante. Le th\u00e8me est rempli d&rsquo;une pl\u00e9thore de fonctionnalit\u00e9s impressionnantes, telles que sa r\u00e9activit\u00e9 \u00e0 travers diff\u00e9rents appareils, la possibilit\u00e9 de personnaliser les dispositions en fonction des pr\u00e9f\u00e9rences individuelles, une collection de widgets facilement accessibles et un panel administratif robuste qui offre aux utilisateurs un contr\u00f4le complet sur chaque facette de leur site Web. De plus, il est \u00e9quip\u00e9 de fonctionnalit\u00e9s int\u00e9gr\u00e9es pour les bandes-annonces de films, les critiques de films et la r\u00e9servation de billets, ce qui en fait une option id\u00e9ale pour les personnes cherchant \u00e0 \u00e9tablir un site Web complet et riche en fonctionnalit\u00e9s. En conclusion, Amymovie est un th\u00e8me incroyablement polyvalent et puissant qui est garanti pour faciliter la cr\u00e9ation d&rsquo;une pr\u00e9sence en ligne professionnelle et captivante pour votre entreprise de cin\u00e9ma ou de cin\u00e9ma.<\/p>\n<ul>\n<li>Un design \u00e9l\u00e9gant et moderne qui fera ressortir votre site de film ou de cin\u00e9ma de la comp\u00e9tition<\/li>\n<li>Une disposition enti\u00e8rement r\u00e9active qui aura fi\u00e8re allure sur n&rsquo;importe quel appareil ou taille d&rsquo;\u00e9cran<\/li>\n<li>Plusieurs options de page d&rsquo;accueil et de curseur au choix, vous permettant de cr\u00e9er un aspect et une sensation uniques pour votre site Web<\/li>\n<li>Horaires de films mensuels et hebdomadaires avec des widgets faciles \u00e0 utiliser qui vous permettent d&rsquo;afficher les derni\u00e8res versions et showtimes<\/li>\n<li>Fonctionnalit\u00e9 de r\u00e9servation de billets int\u00e9gr\u00e9e, permettant \u00e0 vos clients d&rsquo;acheter des billets directement sur votre site Web<\/li>\n<li>Mod\u00e8les et dispositions de plusieurs pages pour pr\u00e9senter vos critiques de films, vos informations de cin\u00e9ma, et plus encore<\/li>\n<li>Options de t\u00eate et de pied de page personnalisables, vous donnant un contr\u00f4le complet sur l&rsquo;apparence de votre site Web<\/li>\n<li>Int\u00e9gration facile avec des plugins tiers populaires comme WooCommerce, afin que vous puissiez facilement vendre des marchandises de cin\u00e9ma ou des concessions en ligne<\/li>\n<li>Support client et documentation d\u00e9di\u00e9 pour vous aider \u00e0 tirer le meilleur parti de votre th\u00e8me Amymovie.<\/li>\n<\/ul>\n","protected":false},"excerpt":{"rendered":"<p>Immergez-vous dans le monde du cin\u00e9ma avec le th\u00e8me du film Amymovie et du cin\u00e9ma WordPress. Ce th\u00e8me unique est parfait pour les amateurs de films, les cin\u00e9astes professionnels et ceux qui exploitent un cin\u00e9ma. Avec une interface facile \u00e0 utiliser, vous avez la capacit\u00e9 de pr\u00e9senter les sorties de films \u00e0 venir, de partager des horaires de cin\u00e9ma et m\u00eame de r\u00e9viser les films. Ce th\u00e8me WordPress est enti\u00e8rement personnalisable, vous permettant de personnaliser votre site Web pour correspondre \u00e0 votre style cin\u00e9matographique. De plus, sa conception r\u00e9active garantit que votre site est magnifique sur n&rsquo;importe quel appareil. Le th\u00e8me AMYMOVIE poss\u00e8de \u00e9galement des fonctionnalit\u00e9s conviviales pour stimuler votre pr\u00e9sence en ligne. Entrez sous les projecteurs et partagez votre passion pour les films avec le monde en utilisant le th\u00e8me du film Amymovie et du cin\u00e9ma WordPress.<\/p>\n","protected":false},"featured_media":143128,"comment_status":"open","ping_status":"open","template":"","meta":[],"product_brand":[2433],"product_cat":[1242,1212,1213],"product_tag":[1366],"class_list":{"0":"post-116048","1":"product","2":"type-product","3":"status-publish","4":"has-post-thumbnail","6":"product_brand-themeforest","7":"product_cat-creatif","8":"product_cat-themes","9":"product_cat-wordpress-themes","10":"product_tag-themeforest","11":"member-discount","12":"discount-restricted","14":"first","15":"instock","16":"sale","17":"downloadable","18":"virtual","19":"sold-individually","20":"purchasable","21":"product-type-simple"},"_links":{"self":[{"href":"https:\/\/gpl-love.com\/fr\/wp-json\/wp\/v2\/product\/116048","targetHints":{"allow":["GET"]}}],"collection":[{"href":"https:\/\/gpl-love.com\/fr\/wp-json\/wp\/v2\/product"}],"about":[{"href":"https:\/\/gpl-love.com\/fr\/wp-json\/wp\/v2\/types\/product"}],"replies":[{"embeddable":true,"href":"https:\/\/gpl-love.com\/fr\/wp-json\/wp\/v2\/comments?post=116048"}],"wp:featuredmedia":[{"embeddable":true,"href":"https:\/\/gpl-love.com\/fr\/wp-json\/wp\/v2\/media\/143128"}],"wp:attachment":[{"href":"https:\/\/gpl-love.com\/fr\/wp-json\/wp\/v2\/media?parent=116048"}],"wp:term":[{"taxonomy":"product_brand","embeddable":true,"href":"https:\/\/gpl-love.com\/fr\/wp-json\/wp\/v2\/product_brand?post=116048"},{"taxonomy":"product_cat","embeddable":true,"href":"https:\/\/gpl-love.com\/fr\/wp-json\/wp\/v2\/product_cat?post=116048"},{"taxonomy":"product_tag","embeddable":true,"href":"https:\/\/gpl-love.com\/fr\/wp-json\/wp\/v2\/product_tag?post=116048"}],"curies":[{"name":"wp","href":"https:\/\/api.w.org\/{rel}","templated":true}]}}