{"id":116046,"date":"2025-07-07T00:00:00","date_gmt":"2025-07-06T22:00:00","guid":{"rendered":"http:\/\/gpl-love.com\/fr\/produit\/schema-premium-structured-data-pour-wordpress-plugin\/"},"modified":"2026-04-10T18:38:40","modified_gmt":"2026-04-10T16:38:40","slug":"schema-premium-structured-data-pour-wordpress-plugin","status":"publish","type":"product","link":"https:\/\/gpl-love.com\/fr\/produit\/schema-premium-structured-data-pour-wordpress-plugin\/","title":{"rendered":"Schema Premium Structured Data pour WordPress Plugin 1.2.7.3"},"content":{"rendered":"<h3>Schema Premium Structured Data pour WordPress Plugin Traits<\/h3>\n<p>Les donn\u00e9es structur\u00e9es Schema Premium pour WordPress Plugin se pr\u00e9sente comme un outil influent et puissant, servant \u00e0 aider les propri\u00e9taires de sites Web dans leurs efforts \u00e0 \u00e9lever l&rsquo;optimisation du moteur de recherche de leurs sites Web respectifs au moyen de sa fourniture de balisations de donn\u00e9es structur\u00e9es avanc\u00e9es. Ce plugin particulier accorde \u00e0 ses utilisateurs la commodit\u00e9 et la facilit\u00e9 d&rsquo;incorporer le balisage du sch\u00e9ma sur les pages et les publications de leurs sites Web, facilitant ainsi le processus d&rsquo;identification et de compr\u00e9hension des moteurs de recherche du contenu pr\u00e9sent sur les sites susmentionn\u00e9s. Le plugin poss\u00e8de une vaste gamme de fonctionnalit\u00e9s impressionnantes, englobant le balisage de sch\u00e9ma pour plusieurs types de contenu, des champs de sch\u00e9ma personnalisables, ainsi qu&rsquo;une g\u00e9n\u00e9ration automatique de balisage de sch\u00e9ma pour le contenu nouvellement cr\u00e9\u00e9. En optant pour Schema Premium, les propri\u00e9taires de sites Web acqui\u00e8rent la possibilit\u00e9 d&rsquo;am\u00e9liorer leur classement des moteurs de recherche, d&rsquo;augmenter leur trafic de recherche biologique et de fournir aux clients et aux utilisateurs des informations inestimables.<\/p>\n<ul>\n<li>Plugin facile \u00e0 installer et \u00e0 utiliser con\u00e7u sp\u00e9cifiquement pour les sites Web WordPress<\/li>\n<li>Permet aux propri\u00e9taires de sites d&rsquo;ajouter facilement un balisage de donn\u00e9es structur\u00e9 \u00e0 leur site sans aucune connaissance de codage<\/li>\n<li>Offre des balisages de sch\u00e9ma premium qui sont optimis\u00e9s pour les moteurs de recherche, am\u00e9liorant la visibilit\u00e9 du site Web et le classement des moteurs de recherche<\/li>\n<li>Comprend une gamme d&rsquo;options de personnalisation, permettant aux propri\u00e9taires de sites d&rsquo;adapter leur balisage de donn\u00e9es structur\u00e9 \u00e0 leur contenu et \u00e0 leurs objectifs de site Web sp\u00e9cifiques<\/li>\n<li>Constamment mis \u00e0 jour pour garantir la conformit\u00e9 aux nouvelles normes de sch\u00e9ma et les modifications du paysage d&rsquo;optimisation des moteurs de recherche<\/li>\n<li>Livr\u00e9 avec une documentation d\u00e9taill\u00e9e et un support client pour aider \u00e0 toutes les questions ou probl\u00e8mes qui peuvent survenir<\/li>\n<li>S&rsquo;int\u00e8gre parfaitement avec d&rsquo;autres plugins et th\u00e8mes WordPress, offrant une exp\u00e9rience utilisateur transparente et coh\u00e9rente pour les visiteurs du site.<\/li>\n<\/ul>\n","protected":false},"excerpt":{"rendered":"<p>Les donn\u00e9es structur\u00e9es Entr\u00e9e: Schema Premium pour le plugin WordPress, un outil tr\u00e8s robuste, offre une assistance inestimable aux propri\u00e9taires de sites Web et aux d\u00e9veloppeurs en incorporant sans effort le balisage des donn\u00e9es structur\u00e9es dans leurs sites Web. L&rsquo;inclusion de donn\u00e9es structur\u00e9es facilite les moteurs de recherche pour comprendre le contenu pr\u00e9sent sur un site Web, am\u00e9liorant par cons\u00e9quent les classements et la visibilit\u00e9 des moteurs de recherche. En utilisant ce plugin, les utilisateurs peuvent introduire rapidement et sans effort le balisage de sch\u00e9ma \u00e0 leurs pages, articles et diverses autres formes de contenu. De plus, il pr\u00e9sente un large \u00e9ventail de types de sch\u00e9ma, englobant les affaires locales, l&rsquo;article, le produit, la vid\u00e9o, etc., ce qui le rend efficacement un instrument adaptable et puissant adapt\u00e9 \u00e0 tout site WordPress. Que vous poss\u00e9diez une comp\u00e9tence \u00e9tendue en tant que d\u00e9veloppeur ou que vous vous lancez simplement dans votre parcours WordPress, les donn\u00e9es structur\u00e9es Schema Premium Schema pour le plugin WordPress constituent un outil indispensable pour optimiser votre site en ce qui concerne les moteurs de recherche et augmenter votre pro\u00e9minence en ligne globale.<\/p>\n","protected":false},"featured_media":145166,"comment_status":"open","ping_status":"open","template":"","meta":[],"product_brand":[2647],"product_cat":[1181,1335,1186],"product_tag":[2207],"class_list":{"0":"post-116046","1":"product","2":"type-product","3":"status-publish","4":"has-post-thumbnail","6":"product_brand-schema-press","7":"product_cat-plugins","8":"product_cat-seo","9":"product_cat-wordpress-plugins","10":"product_tag-schema-press","11":"member-discount","12":"discount-restricted","14":"first","15":"instock","16":"sale","17":"downloadable","18":"virtual","19":"sold-individually","20":"purchasable","21":"product-type-simple"},"_links":{"self":[{"href":"https:\/\/gpl-love.com\/fr\/wp-json\/wp\/v2\/product\/116046","targetHints":{"allow":["GET"]}}],"collection":[{"href":"https:\/\/gpl-love.com\/fr\/wp-json\/wp\/v2\/product"}],"about":[{"href":"https:\/\/gpl-love.com\/fr\/wp-json\/wp\/v2\/types\/product"}],"replies":[{"embeddable":true,"href":"https:\/\/gpl-love.com\/fr\/wp-json\/wp\/v2\/comments?post=116046"}],"wp:featuredmedia":[{"embeddable":true,"href":"https:\/\/gpl-love.com\/fr\/wp-json\/wp\/v2\/media\/145166"}],"wp:attachment":[{"href":"https:\/\/gpl-love.com\/fr\/wp-json\/wp\/v2\/media?parent=116046"}],"wp:term":[{"taxonomy":"product_brand","embeddable":true,"href":"https:\/\/gpl-love.com\/fr\/wp-json\/wp\/v2\/product_brand?post=116046"},{"taxonomy":"product_cat","embeddable":true,"href":"https:\/\/gpl-love.com\/fr\/wp-json\/wp\/v2\/product_cat?post=116046"},{"taxonomy":"product_tag","embeddable":true,"href":"https:\/\/gpl-love.com\/fr\/wp-json\/wp\/v2\/product_tag?post=116046"}],"curies":[{"name":"wp","href":"https:\/\/api.w.org\/{rel}","templated":true}]}}