{"id":116044,"date":"2022-03-27T00:00:00","date_gmt":"2022-03-26T23:00:00","guid":{"rendered":"http:\/\/gpl-love.com\/fr\/produit\/order-on-whatsapp-pour-woocommerce\/"},"modified":"2026-04-10T18:47:39","modified_gmt":"2026-04-10T16:47:39","slug":"order-on-whatsapp-pour-woocommerce","status":"publish","type":"product","link":"https:\/\/gpl-love.com\/fr\/produit\/order-on-whatsapp-pour-woocommerce\/","title":{"rendered":"WooCommerce Orders on WhatsApp 1.1.1"},"content":{"rendered":"<h3>WooCommerce Orders on WhatsApp Traits<\/h3>\n<p>Le plugin WooCommerce sur le plugin WhatsApp est un outil exceptionnellement utile qui offre la capacit\u00e9 de recevoir rapidement des notifications de commande sur WhatsApp. Au moyen de ce plugin, vous pouvez fusionner sans effort votre boutique WooCommerce avec WhatsApp, vous permettant ainsi de rester constamment inform\u00e9 des sp\u00e9cificit\u00e9s complexes de chaque commande en temps r\u00e9el. De plus, ce plugin vous accorde l&rsquo;autonomie pour personnaliser les messages que vous recevez et r\u00e9partir facilement les r\u00e9ponses directement \u00e0 partir de WhatsApp. En raison de ces caract\u00e9ristiques remarquables, ce plugin optimise efficacement et rationalise vos canaux de communication, facilitant par la suite la gestion efficace de vos commandes et assurant un processus harmonieux et sans entrave. Par cons\u00e9quent, tout propri\u00e9taire diligent et consciencieux du magasin WooCommerce aspire \u00e0 am\u00e9liorer son service client et \u00e0 acc\u00e9l\u00e9rer leurs processus op\u00e9rationnels trouverait ce plugin comme un atout indispensable et inestimable.<\/p>\n<ul>\n<li>Mises \u00e0 jour instantan\u00e9es: recevez des notifications instantan\u00e9es lorsque de nouvelles commandes sont pass\u00e9es sur votre site Web WooCommerce via WhatsApp.<\/li>\n<li>D\u00e9tails de la commande \u00e0 port\u00e9e de main: vous pouvez consulter les d\u00e9tails de la commande de vos clients, y compris les informations command\u00e9es par l&rsquo;article, le paiement et l&rsquo;exp\u00e9dition, tout au long de WhatsApp.<\/li>\n<li>Communication rationalis\u00e9e: pas besoin de basculer entre les plates-formes pour communiquer avec les clients, utilisez simplement WhatsApp pour converser avec eux.<\/li>\n<li>\u00c9conomise du temps et des efforts: l&rsquo;automatisation de la notification des commandes et des mises \u00e0 jour via WhatsApp r\u00e9duit r\u00e9guli\u00e8rement le temps et les efforts consacr\u00e9s \u00e0 l&rsquo;envoi manuellement des mises \u00e0 jour.<\/li>\n<li>Configuration sans tracas: Le plugin est facile \u00e0 installer et \u00e0 configurer avec des exigences de configuration minimales.<\/li>\n<li>Une satisfaction accrue du client: fournir un canal de communication suppl\u00e9mentaire peut am\u00e9liorer l&rsquo;exp\u00e9rience client globale et am\u00e9liorer la fid\u00e9lit\u00e9 \u00e0 la marque.<\/li>\n<\/ul>\n","protected":false},"excerpt":{"rendered":"<p>En utilisant la fonctionnalit\u00e9 remarquable des commandes WooCommerce sur le plugin WhatsApp, vous avez l&rsquo;occasion incroyable de recevoir des notifications invites et sensibles au temps concernant vos commandes de mani\u00e8re vivante et en temps r\u00e9el, en vous assurant que vous restiez connect\u00e9 \u00e0 la pouls en direct et en temps r\u00e9el. de votre domaine de vente et de service client sans avoir besoin de vous \u00e9loigner de votre conversation WhatsApp en cours. Cette int\u00e9gration sans effort sert d&rsquo;outil inestimable pour faciliter la gestion efficace et efficace de vos commandes, car elle vous fournit consciencieusement des mises \u00e0 jour r\u00e9guli\u00e8res concernant les nouvelles commandes ainsi que toutes les modifications ou modifications apport\u00e9es au statut des commandes existantes, ce qui le rend un actif indispensable Pour chaque magasin WooCommerce qui souhaite optimiser et rationaliser ses processus de gestion des commandes.<\/p>\n","protected":false},"featured_media":145949,"comment_status":"open","ping_status":"open","template":"","meta":[],"product_brand":[2435],"product_cat":[1182,1223,1181],"product_tag":[1231],"class_list":{"0":"post-116044","1":"product","2":"type-product","3":"status-publish","4":"has-post-thumbnail","6":"product_brand-codecanyon","7":"product_cat-commerce-electronique-plugins","8":"product_cat-personnalisation-commerce-electronique-plugins","9":"product_cat-plugins","10":"product_tag-codecanyon","11":"member-discount","12":"discount-restricted","14":"first","15":"instock","16":"sale","17":"downloadable","18":"virtual","19":"sold-individually","20":"purchasable","21":"product-type-simple"},"_links":{"self":[{"href":"https:\/\/gpl-love.com\/fr\/wp-json\/wp\/v2\/product\/116044","targetHints":{"allow":["GET"]}}],"collection":[{"href":"https:\/\/gpl-love.com\/fr\/wp-json\/wp\/v2\/product"}],"about":[{"href":"https:\/\/gpl-love.com\/fr\/wp-json\/wp\/v2\/types\/product"}],"replies":[{"embeddable":true,"href":"https:\/\/gpl-love.com\/fr\/wp-json\/wp\/v2\/comments?post=116044"}],"wp:featuredmedia":[{"embeddable":true,"href":"https:\/\/gpl-love.com\/fr\/wp-json\/wp\/v2\/media\/145949"}],"wp:attachment":[{"href":"https:\/\/gpl-love.com\/fr\/wp-json\/wp\/v2\/media?parent=116044"}],"wp:term":[{"taxonomy":"product_brand","embeddable":true,"href":"https:\/\/gpl-love.com\/fr\/wp-json\/wp\/v2\/product_brand?post=116044"},{"taxonomy":"product_cat","embeddable":true,"href":"https:\/\/gpl-love.com\/fr\/wp-json\/wp\/v2\/product_cat?post=116044"},{"taxonomy":"product_tag","embeddable":true,"href":"https:\/\/gpl-love.com\/fr\/wp-json\/wp\/v2\/product_tag?post=116044"}],"curies":[{"name":"wp","href":"https:\/\/api.w.org\/{rel}","templated":true}]}}