{"id":116038,"date":"2025-08-03T00:00:00","date_gmt":"2025-08-02T22:00:00","guid":{"rendered":"http:\/\/gpl-love.com\/fr\/produit\/wp-os-desktop-backend-wordpress-admin-theme\/"},"modified":"2026-03-20T23:50:21","modified_gmt":"2026-03-20T22:50:21","slug":"wp-os-desktop-backend-wordpress-admin-theme","status":"publish","type":"product","link":"https:\/\/gpl-love.com\/fr\/produit\/wp-os-desktop-backend-wordpress-admin-theme\/","title":{"rendered":"WP OS Desktop Backend WordPress Admin Theme 1.160"},"content":{"rendered":"<h3>WP OS Desktop Backend WordPress Admin Theme Traits<\/h3>\n<p>Le th\u00e8me Admin WordPress BackTop WordPress WP OS Desktop, un produit de pointe, poss\u00e8de une interface sophistiqu\u00e9e et conviviale, facilitant la gestion transparente de votre site Web WordPress. Ce th\u00e8me est exclusivement d\u00e9velopp\u00e9 pour le backend WordPress, pr\u00e9sentant une disposition de style de bureau distinctive et contemporaine qui garantit non seulement la navigation sans effort mais am\u00e9liore \u00e9galement l&rsquo;attrait visuel. Avec sa multitude de fonctionnalit\u00e9s personnalisables, y compris un menu enti\u00e8rement adaptable et des zones de widgets, ce th\u00e8me offre un niveau de flexibilit\u00e9 sans pr\u00e9c\u00e9dent, vous permettant de l&rsquo;adapter pr\u00e9cis\u00e9ment en fonction des exigences uniques de votre site Web. De plus, le th\u00e8me Admin WordPress Backtop WordPress WP Os Desktop hitifile la conception l\u00e9g\u00e8re et les performances rapides, garantissant une gestion rapide et efficace des sites Web. En somme, ce th\u00e8me est un atout indispensable pour discerner les propri\u00e9taires de sites Web WordPress \u00e0 la recherche d&rsquo;une solution de gestion backend robuste et utilisateur.<\/p>\n<ul>\n<li>Tableau de tableau de bord d&rsquo;administration WordPress rationalis\u00e9 et intuitif<\/li>\n<li>Sch\u00e9ma de couleurs personnalisable pour correspondre \u00e0 votre marque ou \u00e0 vos pr\u00e9f\u00e9rences personnelles<\/li>\n<li>Conception r\u00e9active pour une utilisation sur les appareils de bureau et mobiles<\/li>\n<li>Disposition propre et organis\u00e9e pour une gestion efficace du contenu<\/li>\n<li>Widgets personnalis\u00e9s et mod\u00e8les de page pour plus de fonctionnalit\u00e9<\/li>\n<li>Fonctionnalit\u00e9s d&rsquo;optimisation SEO int\u00e9gr\u00e9es pour am\u00e9liorer les performances du site Web<\/li>\n<li>Prise en charge multilingue pour le public mondial<\/li>\n<li>Int\u00e9gration facile avec des plugins et services tiers<\/li>\n<li>Mises \u00e0 jour r\u00e9guli\u00e8res et support client continu de d\u00e9veloppeurs exp\u00e9riment\u00e9s<\/li>\n<li>Compatibilit\u00e9 avec tous les principaux navigateurs Web pour des performances transparentes.<\/li>\n<\/ul>\n","protected":false},"excerpt":{"rendered":"<p>Le th\u00e8me Admin WordPress Backtop WordPress WP OS Desktop, un th\u00e8me esth\u00e9tique et sophistiqu\u00e9, a \u00e9t\u00e9 sp\u00e9cifiquement con\u00e7u pour la zone d&rsquo;administration WordPress. Son objectif principal est de fournir aux utilisateurs une interface propre et conviviale qui \u00e9mule efficacement l&rsquo;apparence et l&rsquo;exp\u00e9rience d&rsquo;un syst\u00e8me d&rsquo;exploitation de bureau traditionnel. Cela facilite l&rsquo;utilisation et la navigation sans effort, am\u00e9liorant finalement l&rsquo;exp\u00e9rience utilisateur globale. De plus, ce th\u00e8me poss\u00e8de une pl\u00e9thore de fonctionnalit\u00e9s sur mesure et d&rsquo;options personnalisables, telles que la possibilit\u00e9 de personnaliser des widgets, la commodit\u00e9 de la fonctionnalit\u00e9 de glisser-d\u00e9poser et l&rsquo;inclusion d&rsquo;une typographie visuellement agr\u00e9able. Tous ces \u00e9l\u00e9ments travaillent en synergie pour permettre aux administrateurs de sites Web de g\u00e9rer efficacement leurs sites WordPress avec une efficacit\u00e9 accrue. Le th\u00e8me de l&rsquo;administrateur WordPress backend WP Os Desktop englobe vraiment un design contemporain et des fonctionnalit\u00e9s avanc\u00e9es, ce qui le rend id\u00e9al pour les personnes en charge de la propri\u00e9t\u00e9 et de l&rsquo;administration du site qui sont impatients de cultiver un air de professionnalisme et de sophistication au sein de leurs op\u00e9rations backend.<\/p>\n","protected":false},"featured_media":146185,"comment_status":"open","ping_status":"open","template":"","meta":[],"product_brand":[2435],"product_cat":[1189,1181,1186],"product_tag":[1231],"class_list":{"0":"post-116038","1":"product","2":"type-product","3":"status-publish","4":"has-post-thumbnail","6":"product_brand-codecanyon","7":"product_cat-personnalisation","8":"product_cat-plugins","9":"product_cat-wordpress-plugins","10":"product_tag-codecanyon","11":"member-discount","12":"discount-restricted","14":"first","15":"instock","16":"sale","17":"downloadable","18":"virtual","19":"sold-individually","20":"purchasable","21":"product-type-simple"},"_links":{"self":[{"href":"https:\/\/gpl-love.com\/fr\/wp-json\/wp\/v2\/product\/116038","targetHints":{"allow":["GET"]}}],"collection":[{"href":"https:\/\/gpl-love.com\/fr\/wp-json\/wp\/v2\/product"}],"about":[{"href":"https:\/\/gpl-love.com\/fr\/wp-json\/wp\/v2\/types\/product"}],"replies":[{"embeddable":true,"href":"https:\/\/gpl-love.com\/fr\/wp-json\/wp\/v2\/comments?post=116038"}],"wp:featuredmedia":[{"embeddable":true,"href":"https:\/\/gpl-love.com\/fr\/wp-json\/wp\/v2\/media\/146185"}],"wp:attachment":[{"href":"https:\/\/gpl-love.com\/fr\/wp-json\/wp\/v2\/media?parent=116038"}],"wp:term":[{"taxonomy":"product_brand","embeddable":true,"href":"https:\/\/gpl-love.com\/fr\/wp-json\/wp\/v2\/product_brand?post=116038"},{"taxonomy":"product_cat","embeddable":true,"href":"https:\/\/gpl-love.com\/fr\/wp-json\/wp\/v2\/product_cat?post=116038"},{"taxonomy":"product_tag","embeddable":true,"href":"https:\/\/gpl-love.com\/fr\/wp-json\/wp\/v2\/product_tag?post=116038"}],"curies":[{"name":"wp","href":"https:\/\/api.w.org\/{rel}","templated":true}]}}