{"id":116036,"date":"2024-12-07T00:00:00","date_gmt":"2024-12-06T23:00:00","guid":{"rendered":"http:\/\/gpl-love.com\/fr\/produit\/progrisaas-creative-landing-page-wordpress-theme\/"},"modified":"2026-04-10T18:37:09","modified_gmt":"2026-04-10T16:37:09","slug":"progrisaas-creative-landing-page-wordpress-theme","status":"publish","type":"product","link":"https:\/\/gpl-love.com\/fr\/produit\/progrisaas-creative-landing-page-wordpress-theme\/","title":{"rendered":"ProgriSaaS Creative Landing Page WordPress Theme 1.1.8"},"content":{"rendered":"<h3>ProgriSaaS Creative Landing Page WordPress Theme Traits<\/h3>\n<p>La page de destination cr\u00e9ative des programmes WordPress Th\u00e8me, une solution de pointe et contemporaine, se pr\u00e9sente comme une option id\u00e9ale pour les entreprises et les individus cherchant \u00e0 \u00e9tablir une page de destination polie et visuellement captivante. Ce th\u00e8me extr\u00eamement puissant poss\u00e8de une vaste gamme de fonctionnalit\u00e9s personnalisables, vous accordant ainsi l&rsquo;occasion de fa\u00e7onner un design non seulement distinct et personnalis\u00e9, mais qui s&rsquo;aligne \u00e9galement de mani\u00e8re transparente sur vos objectifs d&rsquo;identit\u00e9 de marque et de communication uniques. De tels avantages sont encore augment\u00e9s par la mise en page r\u00e9active du th\u00e8me et l&rsquo;interface conviviale, ce qui rend efficacement la page de destination cr\u00e9ative des programaas WordPress th\u00e8me une s\u00e9lection impeccable pour ceux qui aspirent \u00e0 s&rsquo;engager activement avec leur public cible et \u00e0 transformer avec succ\u00e8s de simples visiteurs en patrons fid\u00e8les. Que vous vous trouviez \u00e0 la t\u00eate d&rsquo;une startup naissante, d&rsquo;une agence de cr\u00e9ation ou d&rsquo;une entreprise d\u00e9j\u00e0 \u00e9tablie, ce th\u00e8me sert d&rsquo;instrument indispensable, vous permettant de vous distinguer sans effort dans la vaste \u00e9tendue de la sph\u00e8re en ligne tout en permettant simultan\u00e9ment le R\u00e9alisation de vos aspirations commerciales tant attendues.<\/p>\n<ul>\n<li>Th\u00e8me WordPress premium de haute qualit\u00e9<\/li>\n<li>Optimis\u00e9 pour cr\u00e9er de superbes pages de destination<\/li>\n<li>Sp\u00e9cialement con\u00e7u pour les entreprises dans les industries cr\u00e9atives<\/li>\n<li>Construit avec la technologie des programmes, assurant des vitesses de chargement rapide et des performances optimales<\/li>\n<li>Comprend une gamme de mod\u00e8les et de dispositions personnalisables pour diff\u00e9rents types de pages de destination<\/li>\n<li>Interface de tra\u00een\u00e9e et de d\u00e9pression facile \u00e0 utiliser pour la construction de pages sans effort<\/li>\n<li>Conception enti\u00e8rement r\u00e9active, assurer une visualisation impeccable sur tous les types d&rsquo;appareils<\/li>\n<li>S\u00e9o-adapt\u00e9, avec des outils d&rsquo;optimisation int\u00e9gr\u00e9s pour aider \u00e0 am\u00e9liorer votre classement de moteur de recherche<\/li>\n<li>Documentation compl\u00e8te et support client pour vous aider \u00e0 tirer le meilleur parti de votre achat<\/li>\n<li>Fonction d&rsquo;importation de d\u00e9monstration en un clic pour configurer rapidement et commencer avec votre page de destination<\/li>\n<li>Mises \u00e0 jour et am\u00e9liorations r\u00e9guli\u00e8res pour assurer une compatibilit\u00e9 continue avec les derni\u00e8res versions et tendances WordPress.<\/li>\n<\/ul>\n","protected":false},"excerpt":{"rendered":"<p>La page de destination cr\u00e9ative des programmes WordPress th\u00e8me, se vantant de ses qualit\u00e9s impeccables, sert de solution id\u00e9ale pour les entreprises ou les personnes cherchant \u00e0 pr\u00e9senter leurs produits ou services via une page de destination exceptionnellement professionnelle et visuellement captivante. Son design \u00e9l\u00e9gant, associ\u00e9 \u00e0 sa capacit\u00e9 \u00e0 s&rsquo;adapter aux pr\u00e9f\u00e9rences individuelles, garantit qu&rsquo;il capture l&rsquo;attention indivise du public cible et conserve efficacement leur int\u00e9r\u00eat. En outre, il englobe une pl\u00e9thore de fonctionnalit\u00e9s impressionnantes telles que la disposition de personnalisation des sch\u00e9mas de couleurs, un design r\u00e9actif qui s&rsquo;adapte de mani\u00e8re transparente \u00e0 divers appareils et un constructeur de pages convivial, ce qui le rend un choix in\u00e9gal\u00e9 pour ceux qui d\u00e9siraient pour fa\u00e7onner un distinctif et durcis exp\u00e9rience pour leurs visiteurs estim\u00e9s. Que vous soyez propri\u00e9taire d&rsquo;un \u00e9tablissement modeste ou d&rsquo;un concepteur Web d\u00e9sireux d&rsquo;am\u00e9liorer la pro\u00e9minence en ligne de votre client, le th\u00e8me de la page de destination cr\u00e9ative des programmes WordPress repr\u00e9sente la quintessence de la perfection.<\/p>\n","protected":false},"featured_media":145030,"comment_status":"open","ping_status":"open","template":"","meta":[],"product_brand":[2433],"product_cat":[1242,1212,1213],"product_tag":[1366],"class_list":{"0":"post-116036","1":"product","2":"type-product","3":"status-publish","4":"has-post-thumbnail","6":"product_brand-themeforest","7":"product_cat-creatif","8":"product_cat-themes","9":"product_cat-wordpress-themes","10":"product_tag-themeforest","11":"member-discount","12":"discount-restricted","14":"first","15":"instock","16":"sale","17":"downloadable","18":"virtual","19":"sold-individually","20":"purchasable","21":"product-type-simple"},"_links":{"self":[{"href":"https:\/\/gpl-love.com\/fr\/wp-json\/wp\/v2\/product\/116036","targetHints":{"allow":["GET"]}}],"collection":[{"href":"https:\/\/gpl-love.com\/fr\/wp-json\/wp\/v2\/product"}],"about":[{"href":"https:\/\/gpl-love.com\/fr\/wp-json\/wp\/v2\/types\/product"}],"replies":[{"embeddable":true,"href":"https:\/\/gpl-love.com\/fr\/wp-json\/wp\/v2\/comments?post=116036"}],"wp:featuredmedia":[{"embeddable":true,"href":"https:\/\/gpl-love.com\/fr\/wp-json\/wp\/v2\/media\/145030"}],"wp:attachment":[{"href":"https:\/\/gpl-love.com\/fr\/wp-json\/wp\/v2\/media?parent=116036"}],"wp:term":[{"taxonomy":"product_brand","embeddable":true,"href":"https:\/\/gpl-love.com\/fr\/wp-json\/wp\/v2\/product_brand?post=116036"},{"taxonomy":"product_cat","embeddable":true,"href":"https:\/\/gpl-love.com\/fr\/wp-json\/wp\/v2\/product_cat?post=116036"},{"taxonomy":"product_tag","embeddable":true,"href":"https:\/\/gpl-love.com\/fr\/wp-json\/wp\/v2\/product_tag?post=116036"}],"curies":[{"name":"wp","href":"https:\/\/api.w.org\/{rel}","templated":true}]}}