{"id":116032,"date":"2026-01-23T00:00:00","date_gmt":"2026-01-22T23:00:00","guid":{"rendered":"http:\/\/gpl-love.com\/fr\/produit\/clever-html5-radio-player-with-history\/"},"modified":"2026-03-20T22:58:37","modified_gmt":"2026-03-20T21:58:37","slug":"clever-html5-radio-player-with-history","status":"publish","type":"product","link":"https:\/\/gpl-love.com\/fr\/produit\/clever-html5-radio-player-with-history\/","title":{"rendered":"CLEVER HTML5 Radio Player With History 2.5.1"},"content":{"rendered":"<h3>CLEVER HTML5 Radio Player With History Traits<\/h3>\n<p>Le lecteur radio HTML5 intelligent avec histoire est un exemplaire dans le domaine des joueurs audio, fournissant un moyen sans effort de se livrer \u00e0 vos stations de radio pr\u00e9f\u00e9r\u00e9es. Ce joueur poss\u00e8de une conception sophistiqu\u00e9e et conviviale, vous accordant la capacit\u00e9 de naviguer sans effort \u00e0 travers une myriade de stations et de genres. De plus, ce joueur est \u00e9quip\u00e9 d&rsquo;une fonction d&rsquo;histoire, vous offrant la commodit\u00e9 d&rsquo;acc\u00e9der rapidement aux stations appr\u00e9ci\u00e9es pr\u00e9c\u00e9demment. Avec son utilisation de la technologie HTML5, ce joueur garantit la compatibilit\u00e9 avec un vaste \u00e9ventail d&rsquo;appareils, le rendant sans effort pour utiliser votre ordinateur, tablette ou smartphone personnel. \u00c9mettant un son de haute qualit\u00e9 et offrant des fonctionnalit\u00e9s personnalisables, le lecteur radio HTML5 intelligent avec histoire sert d&rsquo;outil par excellence pour toute personne avec une affinit\u00e9 pour la radio.<\/p>\n<ul>\n<li>Joueur radio HTML5 moderne et \u00e9l\u00e9gant<\/li>\n<li>Compatible avec tous les principaux navigateurs<\/li>\n<li>Avec une fonction d&rsquo;histoire int\u00e9gr\u00e9e pour garder une trace des chansons r\u00e9cemment jou\u00e9es<\/li>\n<li>Interface facile \u00e0 utiliser pour la navigation transparente<\/li>\n<li>Int\u00e9gration simple pour les constructeurs de sites Web et les d\u00e9veloppeurs<\/li>\n<li>Options de personnalisation compl\u00e8tes \u00e0 des fins de marque<\/li>\n<li>Prend en charge plusieurs formats audio, y compris MP3 et AAC<\/li>\n<li>Plusieurs options de secours pour la lecture fiable<\/li>\n<li>Mobile r\u00e9actif pour l&rsquo;\u00e9coute en d\u00e9placement<\/li>\n<li>Mises \u00e0 jour r\u00e9guli\u00e8res et support technique du d\u00e9veloppeur.<\/li>\n<\/ul>\n","protected":false},"excerpt":{"rendered":"<p>D\u00e9couvrez le meilleur de l&rsquo;audio num\u00e9rique avec notre lecteur radio HTML5 intelligent. Ce lecteur de radio en ligne de premier ordre est con\u00e7u avec la derni\u00e8re technologie HTML5, garantissant un streaming en douceur et un son de haute qualit\u00e9. L&rsquo;une de ses fonctionnalit\u00e9s remarquables est la fonction historique, qui vous aide \u00e0 garder une trace de toutes vos pistes et stations pr\u00e9f\u00e9r\u00e9es. Cette fonctionnalit\u00e9 am\u00e9liore non seulement votre exp\u00e9rience d&rsquo;\u00e9coute, mais vous permet \u00e9galement de revisiter vos moments pr\u00e9f\u00e9r\u00e9s. Le lecteur radio HTML5 intelligent est convivial, compatible avec tous les appareils et facile \u00e0 installer. Ce n&rsquo;est pas seulement un lecteur radio; C&rsquo;est une solution compl\u00e8te pour tous vos besoins en streaming audio. D\u00e9couvrez un nouveau monde d&rsquo;audio num\u00e9rique avec le lecteur radio HTML5 intelligent avec l&rsquo;histoire. Pr\u00e9parez-vous pour une exp\u00e9rience d&rsquo;\u00e9coute in\u00e9gal\u00e9e!<\/p>\n","protected":false},"featured_media":143394,"comment_status":"open","ping_status":"open","template":"","meta":[],"product_brand":[2435],"product_cat":[1189,1181,1186],"product_tag":[1231],"class_list":{"0":"post-116032","1":"product","2":"type-product","3":"status-publish","4":"has-post-thumbnail","6":"product_brand-codecanyon","7":"product_cat-personnalisation","8":"product_cat-plugins","9":"product_cat-wordpress-plugins","10":"product_tag-codecanyon","11":"member-discount","12":"discount-restricted","14":"first","15":"instock","16":"sale","17":"downloadable","18":"virtual","19":"sold-individually","20":"purchasable","21":"product-type-simple"},"_links":{"self":[{"href":"https:\/\/gpl-love.com\/fr\/wp-json\/wp\/v2\/product\/116032","targetHints":{"allow":["GET"]}}],"collection":[{"href":"https:\/\/gpl-love.com\/fr\/wp-json\/wp\/v2\/product"}],"about":[{"href":"https:\/\/gpl-love.com\/fr\/wp-json\/wp\/v2\/types\/product"}],"replies":[{"embeddable":true,"href":"https:\/\/gpl-love.com\/fr\/wp-json\/wp\/v2\/comments?post=116032"}],"wp:featuredmedia":[{"embeddable":true,"href":"https:\/\/gpl-love.com\/fr\/wp-json\/wp\/v2\/media\/143394"}],"wp:attachment":[{"href":"https:\/\/gpl-love.com\/fr\/wp-json\/wp\/v2\/media?parent=116032"}],"wp:term":[{"taxonomy":"product_brand","embeddable":true,"href":"https:\/\/gpl-love.com\/fr\/wp-json\/wp\/v2\/product_brand?post=116032"},{"taxonomy":"product_cat","embeddable":true,"href":"https:\/\/gpl-love.com\/fr\/wp-json\/wp\/v2\/product_cat?post=116032"},{"taxonomy":"product_tag","embeddable":true,"href":"https:\/\/gpl-love.com\/fr\/wp-json\/wp\/v2\/product_tag?post=116032"}],"curies":[{"name":"wp","href":"https:\/\/api.w.org\/{rel}","templated":true}]}}