{"id":116030,"date":"2022-03-07T00:00:00","date_gmt":"2022-03-06T23:00:00","guid":{"rendered":"http:\/\/gpl-love.com\/fr\/produit\/cash-bay-loan-et-credit-money-wp-theme\/"},"modified":"2026-03-20T22:58:10","modified_gmt":"2026-03-20T21:58:10","slug":"cash-bay-loan-et-credit-money-wp-theme","status":"publish","type":"product","link":"https:\/\/gpl-love.com\/fr\/produit\/cash-bay-loan-et-credit-money-wp-theme\/","title":{"rendered":"Cash Bay Loan et Credit Money WP Theme 1.1.0"},"content":{"rendered":"<h3>Cash Bay Loan et Credit Money WP Theme Traits<\/h3>\n<p>Le th\u00e8me WP de pr\u00eat et de cr\u00e9dit Cash Bay est un th\u00e8me WordPress exceptionnellement efficace et convivial qui a \u00e9t\u00e9 sp\u00e9cialement con\u00e7u pour r\u00e9pondre aux entreprises op\u00e9rant dans le secteur des pr\u00eats et du cr\u00e9dit. Ce th\u00e8me particulier est \u00e9quip\u00e9 d&rsquo;une gamme compl\u00e8te de fonctionnalit\u00e9s essentielles qui sont garanties pour r\u00e9pondre et d\u00e9passer les exigences de votre entreprise, vous permettant de pr\u00e9senter efficacement votre vaste gamme de services, de produits et, finalement, am\u00e9liorer la promotion de votre marque dans l&rsquo;environnement en ligne . Ce qui distingue ce th\u00e8me de ses concurrents, c&rsquo;est sa conception tr\u00e8s r\u00e9active, sa page d&rsquo;accueil personnalisable et une multitude de mod\u00e8les pr\u00e9-con\u00e7us qui vous offrent la possibilit\u00e9 de cr\u00e9er sans effort un site Web visuellement magnifique. En outre, le th\u00e8me poss\u00e8de un panel d&rsquo;administration robuste, qui vous offre la possibilit\u00e9 de personnaliser divers \u00e9l\u00e9ments de votre site Web avec la plus grande facilit\u00e9, y compris, mais sans s&rsquo;y limiter, les polices, les couleurs et les dispositions, le tout sans la n\u00e9cessit\u00e9 d&rsquo;une exp\u00e9rience de codage pr\u00e9alable. En conclusion, le th\u00e8me WP de pr\u00eat et de cr\u00e9dit Cash Bay repr\u00e9sente la solution par excellence pour les entreprises qui cherchent activement \u00e0 \u00e9tablir une formidable pr\u00e9sence en ligne et \u00e0 attirer un afflux substantiel de clients potentiels sur leur site Web.<\/p>\n<ul>\n<li>Th\u00e8me WordPress \u00e9l\u00e9gant et moderne con\u00e7u pour les soci\u00e9t\u00e9s de pr\u00eats et de cr\u00e9dit<\/li>\n<li>Large gamme d&rsquo;options de personnalisation pour un aspect personnalis\u00e9<\/li>\n<li>Conception enti\u00e8rement r\u00e9active optimis\u00e9e pour les appareils mobiles et de bureau<\/li>\n<li>Calculateur de pr\u00eat int\u00e9gr\u00e9 pour aider les clients \u00e0 estimer les remboursements<\/li>\n<li>Int\u00e9gration avec des passerelles de paiement populaires pour les transactions transparentes<\/li>\n<li>Interface conviviale pour la navigation sans effort<\/li>\n<li>Page d&rsquo;accueil multiples et dispositions de page int\u00e9rieures pour pr\u00e9senter les services et les produits<\/li>\n<li>Documentation compl\u00e8te et support client de premier ordre pour une configuration et une maintenance faciles<\/li>\n<li>Compatibilit\u00e9 avec les plugins WordPress populaires pour am\u00e9liorer les fonctionnalit\u00e9s et les performances<\/li>\n<li>Performances \u00e0 grande vitesse et code SEO-optimis\u00e9 pour am\u00e9liorer les classements des moteurs de recherche<\/li>\n<\/ul>\n","protected":false},"excerpt":{"rendered":"<p>Lib\u00e9rez le pouvoir de la stabilit\u00e9 financi\u00e8re avec le th\u00e8me WP de pr\u00eat de Cash Bay et de cr\u00e9dit. Ce th\u00e8me WordPress r\u00e9volutionnaire est con\u00e7u sp\u00e9cifiquement pour les institutions financi\u00e8res, les soci\u00e9t\u00e9s de pr\u00eats et les soci\u00e9t\u00e9s de cartes de cr\u00e9dit. Avec sa conception propre et son interface facile \u00e0 naviguer, la gestion de vos services financiers n&rsquo;a jamais \u00e9t\u00e9 aussi rationalis\u00e9e. Cash Bay offre des fonctionnalit\u00e9s exceptionnelles, une int\u00e9gration transparente et une riche suite de fonctionnalit\u00e9s qui vous aident \u00e0 cr\u00e9er une plate-forme engageante et conviviale. Des calculatrices de pr\u00eat aux comparaisons de cartes de cr\u00e9dit, ce th\u00e8me est \u00e9quip\u00e9 d&rsquo;outils qui am\u00e9liorent non seulement l&rsquo;utilit\u00e9 de votre site Web, mais aussi son attrait esth\u00e9tique. Le th\u00e8me WP de pr\u00eat et de cr\u00e9dit Cash Bay est votre cl\u00e9 pour attirer des clients potentiels, am\u00e9liorer l&rsquo;engagement et promouvoir vos services financiers avec facilit\u00e9 et efficacit\u00e9. D\u00e9couvrez la diff\u00e9rence aujourd&rsquo;hui!<\/p>\n","protected":false},"featured_media":143365,"comment_status":"open","ping_status":"open","template":"","meta":[],"product_brand":[2433],"product_cat":[1516,1212,1213],"product_tag":[1366],"class_list":{"0":"post-116030","1":"product","2":"type-product","3":"status-publish","4":"has-post-thumbnail","6":"product_brand-themeforest","7":"product_cat-entreprise","8":"product_cat-themes","9":"product_cat-wordpress-themes","10":"product_tag-themeforest","11":"member-discount","12":"discount-restricted","14":"first","15":"instock","16":"sale","17":"downloadable","18":"virtual","19":"sold-individually","20":"purchasable","21":"product-type-simple"},"_links":{"self":[{"href":"https:\/\/gpl-love.com\/fr\/wp-json\/wp\/v2\/product\/116030","targetHints":{"allow":["GET"]}}],"collection":[{"href":"https:\/\/gpl-love.com\/fr\/wp-json\/wp\/v2\/product"}],"about":[{"href":"https:\/\/gpl-love.com\/fr\/wp-json\/wp\/v2\/types\/product"}],"replies":[{"embeddable":true,"href":"https:\/\/gpl-love.com\/fr\/wp-json\/wp\/v2\/comments?post=116030"}],"wp:featuredmedia":[{"embeddable":true,"href":"https:\/\/gpl-love.com\/fr\/wp-json\/wp\/v2\/media\/143365"}],"wp:attachment":[{"href":"https:\/\/gpl-love.com\/fr\/wp-json\/wp\/v2\/media?parent=116030"}],"wp:term":[{"taxonomy":"product_brand","embeddable":true,"href":"https:\/\/gpl-love.com\/fr\/wp-json\/wp\/v2\/product_brand?post=116030"},{"taxonomy":"product_cat","embeddable":true,"href":"https:\/\/gpl-love.com\/fr\/wp-json\/wp\/v2\/product_cat?post=116030"},{"taxonomy":"product_tag","embeddable":true,"href":"https:\/\/gpl-love.com\/fr\/wp-json\/wp\/v2\/product_tag?post=116030"}],"curies":[{"name":"wp","href":"https:\/\/api.w.org\/{rel}","templated":true}]}}